{"id":5323,"date":"2025-10-31T03:16:01","date_gmt":"2025-10-31T03:16:01","guid":{"rendered":"http:\/\/hfoton.com\/?post_type=product&#038;p=5323"},"modified":"2025-10-31T03:34:01","modified_gmt":"2025-10-31T03:34:01","slug":"dongfeng-4x2-8000l-suction-truck","status":"publish","type":"product","link":"https:\/\/hfoton.com\/pt\/product\/dongfeng-4x2-8000l-suction-truck\/","title":{"rendered":"CAMI\u00c3O DE SUC\u00c7\u00c3O DONGFENG 4X2 8000L"},"content":{"rendered":"<h3 style=\"text-align: center;\">ESPECIFICA\u00c7\u00c3O<\/h3>\n<p><img alt=\"\" fetchpriority=\"high\" decoding=\"async\" class=\"wp-image-5328 size-full aligncenter\" src=\"http:\/\/hfoton.com\/wp-content\/uploads\/2025\/10\/WPS\u56fe\u72471-22.png\" width=\"581\" height=\"360\" srcset=\"https:\/\/hfoton.com\/wp-content\/uploads\/2025\/10\/WPS\u56fe\u72471-22.png 581w, https:\/\/hfoton.com\/wp-content\/uploads\/2025\/10\/WPS\u56fe\u72471-22-300x186.png 300w, https:\/\/hfoton.com\/wp-content\/uploads\/2025\/10\/WPS\u56fe\u72471-22-18x12.png 18w\" sizes=\"(max-width: 581px) 100vw, 581px\" \/><\/p>\n<p style=\"text-align: left;\"><b>Cami\u00e3o de suc\u00e7\u00e3o Dongfeng 4\u00d72 8000L <\/b><\/p>\n<p style=\"text-align: left;\"><b>Marca do chassis: <\/b>Dongfeng, 2023 novo<\/p>\n<p style=\"text-align: left;\">Cabine de cor azul ou cor personalizada<\/p>\n<p style=\"text-align: left;\">Tra\u00e7\u00e3o \u00e0s rodas 4\u00d72, cabina de condu\u00e7\u00e3o LHD<\/p>\n<p style=\"text-align: left;\">Dist\u00e2ncia entre eixos 3950 mm<\/p>\n<p style=\"text-align: left;\">Dimens\u00e3o total 7350x2500x3450mm<\/p>\n<p style=\"text-align: left;\"><b>Motor <\/b>Marca e modelo Cummins B170-33<\/p>\n<p style=\"text-align: left;\">Pot\u00eancia nominal de sa\u00edda 125kW\/170HP @ 1500rpm Norma de emiss\u00f5es <b>Euro 3 <\/b>Tipo de turbocompressor,<\/p>\n<p style=\"text-align: left;\">intercooler, arrefecimento a \u00e1gua, 4 tempos Cilindro 6-cilindros em linha <b>Tipo de combust\u00edvel<\/b>\uff1a Gas\u00f3leo<\/p>\n<p style=\"text-align: left;\"><b>Transmiss\u00e3o <\/b>Manual, 8 mudan\u00e7as para a frente e 1 para tr\u00e1s<\/p>\n<p style=\"text-align: left;\"><b>Carga por eixo <\/b>3600\/8400(kg)Suspens\u00e3o Multi Leaf Springs dianteira com amortecedores<\/p>\n<p style=\"text-align: left;\"><b>Especifica\u00e7\u00f5es dos pneus <\/b>Pneus 9.00-20, pneus 6+1 pcs<\/p>\n<p style=\"text-align: left;\"><b>T\u00e1xi de condu\u00e7\u00e3o <\/b>Cabina Dongfeng 145, tejadilho standard, 3 lugares com um beliche, com janela el\u00e9ctrica,<\/p>\n<p style=\"text-align: left;\">R\u00e1dio AM\/FM com altifalante, inclina\u00e7\u00e3o hidr\u00e1ulica frontal da cabina<\/p>\n<p style=\"text-align: left;\">Dire\u00e7\u00e3o assistida inclu\u00edda, funcionamento hidr\u00e1ulico com assist\u00eancia el\u00e9ctrica<\/p>\n<p style=\"text-align: left;\"><b>Tanque de esgoto <\/b>8.000 litros \uff0c Material do corpo do tanque Corpo principal de a\u00e7o carbono Q235 de 6 mm, tanque de 8 mm<\/p>\n<p style=\"text-align: left;\">placa de extremidade<\/p>\n<p style=\"text-align: left;\">Tanque interior com tratamento anti-corrosivo M\u00e9todo de descarga do tanque Eleva\u00e7\u00e3o dupla<\/p>\n<p style=\"text-align: left;\">cilindros para despejo<\/p>\n<p style=\"text-align: left;\"><b>Bomba de esgoto <\/b>Tipo Bomba de v\u00e1cuo rotativa Modelo SK-9 V\u00e1cuo 90kPa<\/p>\n<p style=\"text-align: left;\">Velocidade m\u00e1x. Velocidade de aspira\u00e7\u00e3o 9<\/p>\n<p style=\"text-align: left;\">m3\/min Velocidade de rota\u00e7\u00e3o 1000 rpm<\/p>\n<p style=\"text-align: left;\">Sistema de controlo TDF Uma unidade, na cabina de condu\u00e7\u00e3o Interruptor de aspira\u00e7\u00e3o e descarga<\/p>","protected":false},"excerpt":{"rendered":"<p>Cami\u00e3o de suc\u00e7\u00e3o Dongfeng 4\u00d72 8000L<br \/>\nMarca de chassis Dongfeng, 2023 novo<br \/>\nCabine de cor azul ou cor personalizada<br \/>\nTra\u00e7\u00e3o \u00e0s rodas 4\u00d72, cabina de condu\u00e7\u00e3o LHD<br \/>\nDist\u00e2ncia entre eixos 3950 mm<\/p>","protected":false},"featured_media":5327,"template":"","meta":{"_seopress_robots_primary_cat":"none","_seopress_titles_title":"%%post_title%%","_seopress_titles_desc":"%%post_excerpt%%","_seopress_robots_index":"","_uag_custom_page_level_css":"","site-sidebar-layout":"default","site-content-layout":"","ast-site-content-layout":"default","site-content-style":"default","site-sidebar-style":"default","ast-global-header-display":"","ast-banner-title-visibility":"","ast-main-header-display":"","ast-hfb-above-header-display":"","ast-hfb-below-header-display":"","ast-hfb-mobile-header-display":"","site-post-title":"","ast-breadcrumbs-content":"","ast-featured-img":"","footer-sml-layout":"","theme-transparent-header-meta":"default","adv-header-id-meta":"","stick-header-meta":"default","header-above-stick-meta":"","header-main-stick-meta":"","header-below-stick-meta":"","astra-migrate-meta-layouts":"set","ast-page-background-enabled":"default","ast-page-background-meta":{"desktop":{"background-color":"","background-image":"","background-repeat":"repeat","background-position":"center center","background-size":"auto","background-attachment":"scroll","background-type":"","background-media":"","overlay-type":"","overlay-color":"","overlay-opacity":"","overlay-gradient":""},"tablet":{"background-color":"","background-image":"","background-repeat":"repeat","background-position":"center center","background-size":"auto","background-attachment":"scroll","background-type":"","background-media":"","overlay-type":"","overlay-color":"","overlay-opacity":"","overlay-gradient":""},"mobile":{"background-color":"","background-image":"","background-repeat":"repeat","background-position":"center center","background-size":"auto","background-attachment":"scroll","background-type":"","background-media":"","overlay-type":"","overlay-color":"","overlay-opacity":"","overlay-gradient":""}},"ast-content-background-meta":{"desktop":{"background-color":"var(--ast-global-color-5)","background-image":"","background-repeat":"repeat","background-position":"center center","background-size":"auto","background-attachment":"scroll","background-type":"","background-media":"","overlay-type":"","overlay-color":"","overlay-opacity":"","overlay-gradient":""},"tablet":{"background-color":"var(--ast-global-color-5)","background-image":"","background-repeat":"repeat","background-position":"center center","background-size":"auto","background-attachment":"scroll","background-type":"","background-media":"","overlay-type":"","overlay-color":"","overlay-opacity":"","overlay-gradient":""},"mobile":{"background-color":"var(--ast-global-color-5)","background-image":"","background-repeat":"repeat","background-position":"center center","background-size":"auto","background-attachment":"scroll","background-type":"","background-media":"","overlay-type":"","overlay-color":"","overlay-opacity":"","overlay-gradient":""}}},"product_brand":[],"product_cat":[79],"product_tag":[],"class_list":{"0":"post-5323","1":"product","2":"type-product","3":"status-publish","4":"has-post-thumbnail","6":"product_cat-truck","7":"desktop-align-center","8":"tablet-align-left","9":"mobile-align-left","10":"ast-product-gallery-layout-horizontal-slider","11":"ast-product-gallery-with-no-image","12":"ast-product-tabs-layout-horizontal","14":"first","15":"instock","16":"shipping-taxable","17":"product-type-simple"},"uagb_featured_image_src":{"full":["https:\/\/hfoton.com\/wp-content\/uploads\/2025\/10\/\u672a\u6807\u9898-1-38.jpg",540,360,false],"thumbnail":["https:\/\/hfoton.com\/wp-content\/uploads\/2025\/10\/\u672a\u6807\u9898-1-38-150x150.jpg",150,150,true],"medium":["https:\/\/hfoton.com\/wp-content\/uploads\/2025\/10\/\u672a\u6807\u9898-1-38-300x200.jpg",300,200,true],"medium_large":["https:\/\/hfoton.com\/wp-content\/uploads\/2025\/10\/\u672a\u6807\u9898-1-38.jpg",540,360,false],"large":["https:\/\/hfoton.com\/wp-content\/uploads\/2025\/10\/\u672a\u6807\u9898-1-38.jpg",540,360,false],"1536x1536":["https:\/\/hfoton.com\/wp-content\/uploads\/2025\/10\/\u672a\u6807\u9898-1-38.jpg",540,360,false],"2048x2048":["https:\/\/hfoton.com\/wp-content\/uploads\/2025\/10\/\u672a\u6807\u9898-1-38.jpg",540,360,false],"trp-custom-language-flag":["https:\/\/hfoton.com\/wp-content\/uploads\/2025\/10\/\u672a\u6807\u9898-1-38-18x12.jpg",18,12,true],"woocommerce_thumbnail":["https:\/\/hfoton.com\/wp-content\/uploads\/2025\/10\/\u672a\u6807\u9898-1-38-300x300.jpg",300,300,true],"woocommerce_single":["https:\/\/hfoton.com\/wp-content\/uploads\/2025\/10\/\u672a\u6807\u9898-1-38.jpg",540,360,false],"woocommerce_gallery_thumbnail":["https:\/\/hfoton.com\/wp-content\/uploads\/2025\/10\/\u672a\u6807\u9898-1-38-100x100.jpg",100,100,true]},"uagb_author_info":{"display_name":"jinxing6611@gmail.com","author_link":"https:\/\/hfoton.com\/pt\/author\/"},"uagb_comment_info":0,"uagb_excerpt":"Dongfeng 4x2 8000L suction truck Chassis Brand Dongfeng, 2023 new Color bule cabin or customized color Wheel Drive 4x2, LHD driving Cab Wheelbase 3950mm","_links":{"self":[{"href":"https:\/\/hfoton.com\/pt\/wp-json\/wp\/v2\/product\/5323","targetHints":{"allow":["GET"]}}],"collection":[{"href":"https:\/\/hfoton.com\/pt\/wp-json\/wp\/v2\/product"}],"about":[{"href":"https:\/\/hfoton.com\/pt\/wp-json\/wp\/v2\/types\/product"}],"wp:featuredmedia":[{"embeddable":true,"href":"https:\/\/hfoton.com\/pt\/wp-json\/wp\/v2\/media\/5327"}],"wp:attachment":[{"href":"https:\/\/hfoton.com\/pt\/wp-json\/wp\/v2\/media?parent=5323"}],"wp:term":[{"taxonomy":"product_brand","embeddable":true,"href":"https:\/\/hfoton.com\/pt\/wp-json\/wp\/v2\/product_brand?post=5323"},{"taxonomy":"product_cat","embeddable":true,"href":"https:\/\/hfoton.com\/pt\/wp-json\/wp\/v2\/product_cat?post=5323"},{"taxonomy":"product_tag","embeddable":true,"href":"https:\/\/hfoton.com\/pt\/wp-json\/wp\/v2\/product_tag?post=5323"}],"curies":[{"name":"wp","href":"https:\/\/api.w.org\/{rel}","templated":true}]}}