{"id":5307,"date":"2025-10-31T01:40:46","date_gmt":"2025-10-31T01:40:46","guid":{"rendered":"http:\/\/hfoton.com\/?post_type=product&#038;p=5307"},"modified":"2025-10-31T03:07:53","modified_gmt":"2025-10-31T03:07:53","slug":"truck-with-loading-crane","status":"publish","type":"product","link":"https:\/\/hfoton.com\/pt\/product\/truck-with-loading-crane\/","title":{"rendered":"CAMI\u00c3O COM GRUA DE CARGA"},"content":{"rendered":"<h3 style=\"text-align: center;\">ESPECIFICA\u00c7\u00c3O<\/h3>\n<p><img alt=\"\" fetchpriority=\"high\" decoding=\"async\" class=\"wp-image-5311 size-full aligncenter\" src=\"http:\/\/hfoton.com\/wp-content\/uploads\/2025\/10\/WPS\u56fe\u72471-21.png\" width=\"990\" height=\"647\" srcset=\"https:\/\/hfoton.com\/wp-content\/uploads\/2025\/10\/WPS\u56fe\u72471-21.png 990w, https:\/\/hfoton.com\/wp-content\/uploads\/2025\/10\/WPS\u56fe\u72471-21-300x196.png 300w, https:\/\/hfoton.com\/wp-content\/uploads\/2025\/10\/WPS\u56fe\u72471-21-768x502.png 768w, https:\/\/hfoton.com\/wp-content\/uploads\/2025\/10\/WPS\u56fe\u72471-21-18x12.png 18w, https:\/\/hfoton.com\/wp-content\/uploads\/2025\/10\/WPS\u56fe\u72471-21-600x392.png 600w\" sizes=\"(max-width: 990px) 100vw, 990px\" \/><\/p>\n<p><img alt=\"\" decoding=\"async\" class=\"size-full wp-image-5315 aligncenter\" src=\"http:\/\/hfoton.com\/wp-content\/uploads\/2025\/10\/\u672a\u6807\u9898-2_02-2.jpg\" width=\"900\" height=\"207\" srcset=\"https:\/\/hfoton.com\/wp-content\/uploads\/2025\/10\/\u672a\u6807\u9898-2_02-2.jpg 900w, https:\/\/hfoton.com\/wp-content\/uploads\/2025\/10\/\u672a\u6807\u9898-2_02-2-300x69.jpg 300w, https:\/\/hfoton.com\/wp-content\/uploads\/2025\/10\/\u672a\u6807\u9898-2_02-2-768x177.jpg 768w, https:\/\/hfoton.com\/wp-content\/uploads\/2025\/10\/\u672a\u6807\u9898-2_02-2-18x4.jpg 18w, https:\/\/hfoton.com\/wp-content\/uploads\/2025\/10\/\u672a\u6807\u9898-2_02-2-600x138.jpg 600w\" sizes=\"(max-width: 900px) 100vw, 900px\" \/><\/p>\n<p>&nbsp;<\/p>\n<table>\n<tbody>\n<tr>\n<td width=\"83\"><strong><b>Cami\u00e3o com\u00a0<\/b><\/strong><strong><b>carregamento<\/b><\/strong><strong><b>\u00a0grua<\/b><\/strong><\/td>\n<td width=\"268\">\u00a0<strong><b>ITEM<\/b><\/strong><\/td>\n<td width=\"108\">\u00a0<strong><b>UNIDADES<\/b><\/strong><\/td>\n<td width=\"241\"><strong><b>Grua<\/b><\/strong><strong><b>\u00a0<\/b><\/strong><strong><b>modelo<\/b><\/strong><\/td>\n<\/tr>\n<tr>\n<td width=\"83\"><\/td>\n<td width=\"268\"><\/td>\n<td width=\"108\"><\/td>\n<td width=\"241\">SQ12SK3Q<\/td>\n<\/tr>\n<tr>\n<td width=\"83\"><\/td>\n<td width=\"268\">\u00a0Capacidade m\u00e1xima de eleva\u00e7\u00e3o<\/td>\n<td width=\"108\">KG<\/td>\n<td width=\"241\">12000<\/td>\n<\/tr>\n<tr>\n<td width=\"83\"><\/td>\n<td width=\"268\">\u00a0Capacidade m\u00e1xima de eleva\u00e7\u00e3o<\/td>\n<td width=\"108\">T.M<\/td>\n<td width=\"241\">30<\/td>\n<\/tr>\n<tr>\n<td width=\"83\"><\/td>\n<td width=\"268\">Recomendar pot\u00eancia<\/td>\n<td width=\"108\">KW<\/td>\n<td width=\"241\">30<\/td>\n<\/tr>\n<tr>\n<td width=\"83\"><\/td>\n<td width=\"268\">Caudal m\u00e1ximo de \u00f3leo<\/td>\n<td width=\"108\">L\/MIN<\/td>\n<td width=\"241\">63<\/td>\n<\/tr>\n<tr>\n<td width=\"83\"><\/td>\n<td width=\"268\">Press\u00e3o m\u00e1xima<\/td>\n<td width=\"108\">MPA<\/td>\n<td width=\"241\">26<\/td>\n<\/tr>\n<tr>\n<td width=\"83\"><\/td>\n<td width=\"268\">Capacidade do dep\u00f3sito de \u00f3leo<\/td>\n<td width=\"108\">L<\/td>\n<td width=\"241\">160<\/td>\n<\/tr>\n<tr>\n<td width=\"83\"><\/td>\n<td width=\"268\">Peso da grua<\/td>\n<td width=\"108\">KG<\/td>\n<td width=\"241\">4200<\/td>\n<\/tr>\n<tr>\n<td width=\"83\"><\/td>\n<td width=\"268\">\u00a0Espa\u00e7o de instala\u00e7\u00e3o<\/td>\n<td width=\"108\">MM<\/td>\n<td width=\"241\">1300<\/td>\n<\/tr>\n<tr>\n<td width=\"83\"><\/td>\n<td width=\"268\">\u00a0\u00c2ngulo de rota\u00e7\u00e3o<\/td>\n<td width=\"108\">DEGRAU<\/td>\n<td width=\"241\">360<\/td>\n<\/tr>\n<tr>\n<td width=\"83\"><\/td>\n<td width=\"268\">\u00a0Comprimento da extens\u00e3o<\/td>\n<td width=\"108\">MM<\/td>\n<td width=\"241\">13000<\/td>\n<\/tr>\n<tr>\n<td width=\"83\"><\/td>\n<td width=\"268\">Altura de eleva\u00e7\u00e3o<\/td>\n<td width=\"108\">MM<\/td>\n<td width=\"241\">15000<\/td>\n<\/tr>\n<tr>\n<td width=\"83\"><\/td>\n<td width=\"268\">Eleva\u00e7\u00e3o m\u00e1xima<\/td>\n<td width=\"108\">DEGRAU<\/td>\n<td width=\"241\">75<\/td>\n<\/tr>\n<\/tbody>\n<\/table>\n<p><img alt=\"\" decoding=\"async\" class=\"wp-image-5318 size-full aligncenter\" src=\"http:\/\/hfoton.com\/wp-content\/uploads\/2025\/10\/\u672a\u6807\u9898-2_03-1.jpg\" width=\"810\" height=\"351\" srcset=\"https:\/\/hfoton.com\/wp-content\/uploads\/2025\/10\/\u672a\u6807\u9898-2_03-1.jpg 810w, https:\/\/hfoton.com\/wp-content\/uploads\/2025\/10\/\u672a\u6807\u9898-2_03-1-300x130.jpg 300w, https:\/\/hfoton.com\/wp-content\/uploads\/2025\/10\/\u672a\u6807\u9898-2_03-1-768x333.jpg 768w, https:\/\/hfoton.com\/wp-content\/uploads\/2025\/10\/\u672a\u6807\u9898-2_03-1-18x8.jpg 18w, https:\/\/hfoton.com\/wp-content\/uploads\/2025\/10\/\u672a\u6807\u9898-2_03-1-600x260.jpg 600w\" sizes=\"(max-width: 810px) 100vw, 810px\" \/><\/p>\n<table>\n<tbody>\n<tr>\n<td width=\"72\"><strong><b>Classificar<\/b><\/strong><\/td>\n<td width=\"390\"><strong><b>Artigos<\/b><\/strong><\/td>\n<td width=\"215\"><strong><b>Par\u00e2metros<\/b><\/strong><\/td>\n<\/tr>\n<tr>\n<td width=\"72\">&nbsp;<\/p>\n<p>Par\u00e2metros do chassis<\/td>\n<td width=\"390\"><strong><b>Modelo<\/b><\/strong><strong><b>\u00a0<\/b><\/strong><strong><b>de<\/b><\/strong><strong><b>\u00a0<\/b><\/strong><strong><b>chassis<\/b><\/strong><\/td>\n<td width=\"215\"><strong><b>CA<\/b><\/strong><strong><b>1313P7K2L11T4A3E<\/b><\/strong><\/td>\n<\/tr>\n<tr>\n<td width=\"72\"><\/td>\n<td width=\"390\"><strong><b>Fabricante<\/b><\/strong><\/td>\n<td width=\"215\">FAW Changchun<\/td>\n<\/tr>\n<tr>\n<td width=\"72\"><\/td>\n<td width=\"390\"><strong><b>\u00a0<\/b><\/strong><strong><b>kg<\/b><\/strong><strong><b>\u00a0\u00a0\u00a0<\/b><\/strong><strong><b>Total<\/b><\/strong><strong><b>\u00a0<\/b><\/strong><strong><b>peso<\/b><\/strong><\/td>\n<td width=\"215\"><strong><b>14770<\/b><\/strong><\/td>\n<\/tr>\n<tr>\n<td width=\"72\"><\/td>\n<td width=\"390\"><strong><b>kg<\/b><\/strong><strong><b>\u00a0\u00a0\u00a0\u00a0<\/b><\/strong><strong><b>Carga<\/b><\/strong><strong><b>\u00a0<\/b><\/strong><strong><b>capacidade<\/b><\/strong><\/td>\n<td width=\"215\"><strong><b>16100<\/b><\/strong><\/td>\n<\/tr>\n<tr>\n<td width=\"72\"><\/td>\n<td width=\"390\">\u00a0<strong><b>km<\/b><\/strong><strong><b>\/<\/b><\/strong><strong><b>h<\/b><\/strong><strong><b>\u00a0\u00a0\u00a0\u00a0\u00a0\u00a0<\/b><\/strong><strong><b>M\u00e1ximo<\/b><\/strong><strong><b>\u00a0<\/b><\/strong><strong><b>velocidade<\/b><\/strong><\/td>\n<td width=\"215\"><strong><b>90<\/b><\/strong><\/td>\n<\/tr>\n<tr>\n<td width=\"72\"><\/td>\n<td width=\"390\"><strong><b>mm<\/b><\/strong><strong><b>\u00a0\u00a0\u00a0<\/b><\/strong><strong><b>Em geral<\/b><\/strong><strong><b>\u00a0<\/b><\/strong><strong><b>dimens\u00e3o<\/b><\/strong><\/td>\n<td width=\"215\"><strong><b>11980<\/b><\/strong><strong><b>\u00d7<\/b><\/strong><strong><b>2490<\/b><\/strong><strong><b>\u00d7<\/b><\/strong><strong><b>3560<\/b><\/strong><\/td>\n<\/tr>\n<tr>\n<td width=\"72\"><\/td>\n<td width=\"390\"><strong><b>\u00a0mmCarro<\/b><\/strong><strong><b>\u00a0<\/b><\/strong><strong><b>dimens\u00e3o<\/b><\/strong><\/td>\n<td width=\"215\"><strong><b>8000<\/b><\/strong><strong><b>\u00d7<\/b><\/strong><strong><b>2300<\/b><\/strong><strong><b>\u00d7<\/b><\/strong><strong><b>600<\/b><\/strong><\/td>\n<\/tr>\n<tr>\n<td width=\"72\"><\/td>\n<td width=\"390\">\u00a0<strong><b>Passageiros<\/b><\/strong><\/td>\n<td width=\"215\"><strong><b>3<\/b><\/strong><\/td>\n<\/tr>\n<tr>\n<td width=\"72\"><\/td>\n<td width=\"390\">\u00a0 <strong><b>mm<\/b><\/strong><strong><b>\u00a0\u00a0\u00a0\u00a0\u00a0<\/b><\/strong><strong><b>Dist\u00e2ncia entre eixos<\/b><\/strong><\/td>\n<td width=\"215\"><strong><b>2150+4250+1350<\/b><\/strong><\/td>\n<\/tr>\n<tr>\n<td width=\"72\"><\/td>\n<td width=\"390\">\u00a0<strong><b>mmDist\u00e2ncia<\/b><\/strong><strong><b>\u00a0<\/b><\/strong><strong><b>de<\/b><\/strong><strong><b>\u00a0<\/b><\/strong><strong><b>frente<\/b><\/strong><strong><b>\u00a0<\/b><\/strong><strong><b>e<\/b><\/strong><strong><b>\u00a0<\/b><\/strong><strong><b>traseira<\/b><\/strong><strong><b>\u00a0<\/b><\/strong><strong><b>rodas<\/b><\/strong><\/td>\n<td width=\"215\"><strong><b>1928\/1928<\/b><\/strong><strong><b>\u00a0<\/b><\/strong><strong><b>\uff0c<\/b><\/strong><strong><b>1847\/1847<\/b><\/strong><\/td>\n<\/tr>\n<tr>\n<td width=\"72\"><\/td>\n<td width=\"390\"><strong><b>Condu\u00e7\u00e3o<\/b><\/strong><strong><b>\u00a0<\/b><\/strong><strong><b>modo<\/b><\/strong><strong><b>\/<\/b><\/strong><strong><b>N\u00famero<\/b><\/strong><strong><b>\u00a0<\/b><\/strong><strong><b>de<\/b><\/strong><strong><b>\u00a0<\/b><\/strong><strong><b>eixos<\/b><\/strong><\/td>\n<td width=\"215\"><strong><b>8X4\/4<\/b><\/strong><\/td>\n<\/tr>\n<tr>\n<td width=\"72\"><\/td>\n<td width=\"390\">\u00a0<strong><b>\u00b0<\/b><\/strong><strong><b>Aproxima\u00e7\u00e3o<\/b><\/strong><strong><b>\u00a0<\/b><\/strong><strong><b>\u00e2ngulo<\/b><\/strong><strong><b>\/<\/b><\/strong><strong><b>Partida<\/b><\/strong><strong><b>\u00a0<\/b><\/strong><strong><b>\u00e2ngulo<\/b><\/strong><\/td>\n<td width=\"215\"><strong><b>18\/12<\/b><\/strong><\/td>\n<\/tr>\n<tr>\n<td width=\"72\"><\/td>\n<td width=\"390\">\u00a0 <strong><b>mm<\/b><\/strong><strong><b>\u00a0<\/b><\/strong><strong><b>Frente<\/b><\/strong><strong><b>\u00a0<\/b><\/strong><strong><b>suspens\u00e3o<\/b><\/strong><strong><b>\/<\/b><\/strong><strong><b>Traseira<\/b><\/strong><strong><b>\u00a0<\/b><\/strong><strong><b>suspens\u00e3o<\/b><\/strong><\/td>\n<td width=\"215\"><strong><b>1385\/2855<\/b><\/strong><\/td>\n<\/tr>\n<tr>\n<td width=\"72\"><\/td>\n<td width=\"390\">\u00a0<strong><b>Tipo<\/b><\/strong><strong><b>\u00a0<\/b><\/strong><strong><b>de<\/b><\/strong><strong><b>\u00a0<\/b><\/strong><strong><b>pneu<\/b><\/strong><\/td>\n<td width=\"215\"><strong><b>11.00-20<\/b><\/strong><\/td>\n<\/tr>\n<tr>\n<td width=\"72\">&nbsp;<\/p>\n<p>Par\u00e2metros do motor<\/td>\n<td width=\"390\">\u00a0<strong><b>Modelo<\/b><\/strong><strong><b>\u00a0<\/b><\/strong><strong><b>de<\/b><\/strong><strong><b>\u00a0<\/b><\/strong><strong><b>motor<\/b><\/strong><\/td>\n<td width=\"215\"><strong><b>CA<\/b><\/strong><strong><b>6<\/b><\/strong><strong><b>DE<\/b><\/strong><strong><b>3-24E3F<\/b><\/strong><\/td>\n<\/tr>\n<tr>\n<td width=\"72\"><\/td>\n<td width=\"390\">\u00a0<strong><b>Kw<\/b><\/strong><strong><b>\/<\/b><\/strong><strong><b>Hp<\/b><\/strong><strong><b>\u00a0\u00a0\u00a0\u00a0<\/b><\/strong><strong><b>Pot\u00eancia<\/b><\/strong><strong><b>\u00a0<\/b><\/strong><strong><b>de<\/b><\/strong><strong><b>\u00a0<\/b><\/strong><strong><b>motor<\/b><\/strong><\/td>\n<td width=\"215\"><strong><b>179\/240<\/b><\/strong><\/td>\n<\/tr>\n<tr>\n<td width=\"72\"><\/td>\n<td width=\"390\">\u00a0<strong><b>ml<\/b><\/strong><strong><b>\u00a0\u00a0\u00a0\u00a0<\/b><\/strong><strong><b>Motor<\/b><\/strong><strong><b>\u00a0<\/b><\/strong><strong><b>resultado<\/b><\/strong><strong><b>\u00a0<\/b><\/strong><strong><b>volume<\/b><\/strong><\/td>\n<td width=\"215\"><strong><b>6618<\/b><\/strong><\/td>\n<\/tr>\n<\/tbody>\n<\/table>","protected":false},"excerpt":{"rendered":"<p>Capacidade m\u00e1xima de eleva\u00e7\u00e3o\uff1a12000<br \/>\nPot\u00eancia recomendada\uff1a30KW<br \/>\nFluxo m\u00e1ximo de \u00f3leo\uff1a63<br \/>\nPress\u00e3o m\u00e1xima\uff1a26MPA<br \/>\nCapacidade do tanque de \u00f3leo\uff1a160L<\/p>","protected":false},"featured_media":5308,"template":"","meta":{"_seopress_robots_primary_cat":"none","_seopress_titles_title":"%%post_title%%","_seopress_titles_desc":"%%post_excerpt%%","_seopress_robots_index":"","_uag_custom_page_level_css":"","site-sidebar-layout":"default","site-content-layout":"","ast-site-content-layout":"default","site-content-style":"default","site-sidebar-style":"default","ast-global-header-display":"","ast-banner-title-visibility":"","ast-main-header-display":"","ast-hfb-above-header-display":"","ast-hfb-below-header-display":"","ast-hfb-mobile-header-display":"","site-post-title":"","ast-breadcrumbs-content":"","ast-featured-img":"","footer-sml-layout":"","theme-transparent-header-meta":"default","adv-header-id-meta":"","stick-header-meta":"default","header-above-stick-meta":"","header-main-stick-meta":"","header-below-stick-meta":"","astra-migrate-meta-layouts":"set","ast-page-background-enabled":"default","ast-page-background-meta":{"desktop":{"background-color":"","background-image":"","background-repeat":"repeat","background-position":"center center","background-size":"auto","background-attachment":"scroll","background-type":"","background-media":"","overlay-type":"","overlay-color":"","overlay-opacity":"","overlay-gradient":""},"tablet":{"background-color":"","background-image":"","background-repeat":"repeat","background-position":"center center","background-size":"auto","background-attachment":"scroll","background-type":"","background-media":"","overlay-type":"","overlay-color":"","overlay-opacity":"","overlay-gradient":""},"mobile":{"background-color":"","background-image":"","background-repeat":"repeat","background-position":"center center","background-size":"auto","background-attachment":"scroll","background-type":"","background-media":"","overlay-type":"","overlay-color":"","overlay-opacity":"","overlay-gradient":""}},"ast-content-background-meta":{"desktop":{"background-color":"var(--ast-global-color-5)","background-image":"","background-repeat":"repeat","background-position":"center center","background-size":"auto","background-attachment":"scroll","background-type":"","background-media":"","overlay-type":"","overlay-color":"","overlay-opacity":"","overlay-gradient":""},"tablet":{"background-color":"var(--ast-global-color-5)","background-image":"","background-repeat":"repeat","background-position":"center center","background-size":"auto","background-attachment":"scroll","background-type":"","background-media":"","overlay-type":"","overlay-color":"","overlay-opacity":"","overlay-gradient":""},"mobile":{"background-color":"var(--ast-global-color-5)","background-image":"","background-repeat":"repeat","background-position":"center center","background-size":"auto","background-attachment":"scroll","background-type":"","background-media":"","overlay-type":"","overlay-color":"","overlay-opacity":"","overlay-gradient":""}}},"product_brand":[],"product_cat":[86],"product_tag":[],"class_list":{"0":"post-5307","1":"product","2":"type-product","3":"status-publish","4":"has-post-thumbnail","6":"product_cat-truck-mounted-crane","7":"desktop-align-center","8":"tablet-align-left","9":"mobile-align-left","10":"ast-product-gallery-layout-horizontal-slider","11":"ast-product-tabs-layout-horizontal","13":"first","14":"instock","15":"shipping-taxable","16":"product-type-simple"},"uagb_featured_image_src":{"full":["https:\/\/hfoton.com\/wp-content\/uploads\/2025\/10\/\u672a\u6807\u9898-1-35.jpg",540,360,false],"thumbnail":["https:\/\/hfoton.com\/wp-content\/uploads\/2025\/10\/\u672a\u6807\u9898-1-35-150x150.jpg",150,150,true],"medium":["https:\/\/hfoton.com\/wp-content\/uploads\/2025\/10\/\u672a\u6807\u9898-1-35-300x200.jpg",300,200,true],"medium_large":["https:\/\/hfoton.com\/wp-content\/uploads\/2025\/10\/\u672a\u6807\u9898-1-35.jpg",540,360,false],"large":["https:\/\/hfoton.com\/wp-content\/uploads\/2025\/10\/\u672a\u6807\u9898-1-35.jpg",540,360,false],"1536x1536":["https:\/\/hfoton.com\/wp-content\/uploads\/2025\/10\/\u672a\u6807\u9898-1-35.jpg",540,360,false],"2048x2048":["https:\/\/hfoton.com\/wp-content\/uploads\/2025\/10\/\u672a\u6807\u9898-1-35.jpg",540,360,false],"trp-custom-language-flag":["https:\/\/hfoton.com\/wp-content\/uploads\/2025\/10\/\u672a\u6807\u9898-1-35-18x12.jpg",18,12,true],"woocommerce_thumbnail":["https:\/\/hfoton.com\/wp-content\/uploads\/2025\/10\/\u672a\u6807\u9898-1-35-300x300.jpg",300,300,true],"woocommerce_single":["https:\/\/hfoton.com\/wp-content\/uploads\/2025\/10\/\u672a\u6807\u9898-1-35.jpg",540,360,false],"woocommerce_gallery_thumbnail":["https:\/\/hfoton.com\/wp-content\/uploads\/2025\/10\/\u672a\u6807\u9898-1-35-100x100.jpg",100,100,true]},"uagb_author_info":{"display_name":"jinxing6611@gmail.com","author_link":"https:\/\/hfoton.com\/pt\/author\/"},"uagb_comment_info":0,"uagb_excerpt":"Max lifting capacity\uff1a12000 Recommend power\uff1a30KW Max oil flow\uff1a63 Max pressure\uff1a26MPA Oil Tank Capacity\uff1a160L","_links":{"self":[{"href":"https:\/\/hfoton.com\/pt\/wp-json\/wp\/v2\/product\/5307","targetHints":{"allow":["GET"]}}],"collection":[{"href":"https:\/\/hfoton.com\/pt\/wp-json\/wp\/v2\/product"}],"about":[{"href":"https:\/\/hfoton.com\/pt\/wp-json\/wp\/v2\/types\/product"}],"wp:featuredmedia":[{"embeddable":true,"href":"https:\/\/hfoton.com\/pt\/wp-json\/wp\/v2\/media\/5308"}],"wp:attachment":[{"href":"https:\/\/hfoton.com\/pt\/wp-json\/wp\/v2\/media?parent=5307"}],"wp:term":[{"taxonomy":"product_brand","embeddable":true,"href":"https:\/\/hfoton.com\/pt\/wp-json\/wp\/v2\/product_brand?post=5307"},{"taxonomy":"product_cat","embeddable":true,"href":"https:\/\/hfoton.com\/pt\/wp-json\/wp\/v2\/product_cat?post=5307"},{"taxonomy":"product_tag","embeddable":true,"href":"https:\/\/hfoton.com\/pt\/wp-json\/wp\/v2\/product_tag?post=5307"}],"curies":[{"name":"wp","href":"https:\/\/api.w.org\/{rel}","templated":true}]}}