{"id":5296,"date":"2025-10-31T00:57:47","date_gmt":"2025-10-31T00:57:47","guid":{"rendered":"http:\/\/hfoton.com\/?post_type=product&#038;p=5296"},"modified":"2025-10-31T01:11:34","modified_gmt":"2025-10-31T01:11:34","slug":"concrete-mixer-truck","status":"publish","type":"product","link":"https:\/\/hfoton.com\/pt\/product\/concrete-mixer-truck\/","title":{"rendered":"CAMI\u00c3O BETONEIRA"},"content":{"rendered":"<h3 style=\"text-align: center;\">ESPECIFICA\u00c7\u00c3O<\/h3>\n<p><img alt=\"\" fetchpriority=\"high\" decoding=\"async\" class=\"wp-image-5298 size-full aligncenter\" src=\"http:\/\/hfoton.com\/wp-content\/uploads\/2025\/10\/WPS\u56fe\u72471-19.png\" width=\"900\" height=\"422\" srcset=\"https:\/\/hfoton.com\/wp-content\/uploads\/2025\/10\/WPS\u56fe\u72471-19.png 900w, https:\/\/hfoton.com\/wp-content\/uploads\/2025\/10\/WPS\u56fe\u72471-19-300x141.png 300w, https:\/\/hfoton.com\/wp-content\/uploads\/2025\/10\/WPS\u56fe\u72471-19-768x360.png 768w, https:\/\/hfoton.com\/wp-content\/uploads\/2025\/10\/WPS\u56fe\u72471-19-18x8.png 18w, https:\/\/hfoton.com\/wp-content\/uploads\/2025\/10\/WPS\u56fe\u72471-19-600x281.png 600w\" sizes=\"(max-width: 900px) 100vw, 900px\" \/><\/p>\n<p style=\"text-align: center;\"><b>Caminh\u00e3o betoneira HOWO Chassis 8\/9\/10\/12cbm<\/b><\/p>\n<table>\n<tbody>\n<tr>\n<td colspan=\"2\" width=\"692\">DESCRI\u00c7\u00c3O<\/td>\n<\/tr>\n<tr>\n<td width=\"351\">Modelo de cami\u00e3o<\/td>\n<td width=\"340\">ZZ1257N3847<\/td>\n<\/tr>\n<tr>\n<td width=\"351\">Tipo de ve\u00edculo<\/td>\n<td width=\"340\">Cami\u00e3o betoneira de 10m3<\/td>\n<\/tr>\n<tr>\n<td width=\"351\">Marca de cami\u00e3o<\/td>\n<td width=\"340\">SINOTRUK-HOWO<\/td>\n<\/tr>\n<tr>\n<td width=\"351\">Posi\u00e7\u00e3o de condu\u00e7\u00e3o<\/td>\n<td width=\"340\">Condu\u00e7\u00e3o \u00e0 esquerda<\/td>\n<\/tr>\n<tr>\n<td width=\"351\">Capacidade do dep\u00f3sito de combust\u00edvel L<\/td>\n<td width=\"340\">300<\/td>\n<\/tr>\n<tr>\n<td width=\"351\">A massa total<\/td>\n<td width=\"340\">25.000 kg<\/td>\n<\/tr>\n<tr>\n<td width=\"351\">Peso morto<\/td>\n<td width=\"340\">12500<\/td>\n<\/tr>\n<tr>\n<td width=\"351\">Velocidade m\u00e1xima km\/h km\/h<\/td>\n<td width=\"340\">90<\/td>\n<\/tr>\n<tr>\n<td width=\"351\">Cor<\/td>\n<td width=\"340\">Opcional<\/td>\n<\/tr>\n<tr>\n<td colspan=\"2\" width=\"692\">Chassis e adicionar componentes<\/td>\n<\/tr>\n<tr>\n<td width=\"351\">Dimens\u00e3o Lx L xH sem carga mm<\/td>\n<td width=\"340\">9653 x 2496 x 3940<\/td>\n<\/tr>\n<tr>\n<td width=\"351\">\u00c2ngulo de aproxima\u00e7\u00e3o\/\u00e2ngulo de sa\u00edda \u00b0<\/td>\n<td width=\"340\">16\/30<\/td>\n<\/tr>\n<tr>\n<td width=\"351\">Consola dianteira\/traseira mm<\/td>\n<td width=\"340\">1500\/1745<\/td>\n<\/tr>\n<tr>\n<td width=\"351\">Base da roda mm<\/td>\n<td width=\"340\">3800+1350<\/td>\n<\/tr>\n<tr>\n<td colspan=\"2\" width=\"692\">Motor<\/td>\n<\/tr>\n<tr>\n<td width=\"351\">Modelo<\/td>\n<td width=\"340\">WP12.400E201<\/td>\n<\/tr>\n<tr>\n<td width=\"351\">Marca<\/td>\n<td width=\"340\">WEICHAI<\/td>\n<\/tr>\n<tr>\n<td width=\"351\">Pot\u00eancia<\/td>\n<td width=\"340\">400HP<\/td>\n<\/tr>\n<tr>\n<td width=\"351\">Emiss\u00e3o<\/td>\n<td width=\"340\">EURO II<\/td>\n<\/tr>\n<tr>\n<td width=\"351\">Deslocamento L<\/td>\n<td width=\"340\">11.826<\/td>\n<\/tr>\n<tr>\n<td width=\"351\">Tipo<\/td>\n<td width=\"340\">arrefecido a \u00e1gua, quatro tempos, 6 cilindros em linha, turboalimentado, inje\u00e7\u00e3o direta<\/td>\n<\/tr>\n<tr>\n<td width=\"351\">Tipo de combust\u00edvel<\/td>\n<td width=\"340\">Gas\u00f3leo<\/td>\n<\/tr>\n<tr>\n<td width=\"351\">Consumo de combust\u00edvel L\/100km<\/td>\n<td width=\"340\">20-30L\/100km<\/td>\n<\/tr>\n<tr>\n<td colspan=\"2\" width=\"692\">Sistema de embraiagem e caixa de velocidades<\/td>\n<\/tr>\n<\/tbody>\n<\/table>\n<table>\n<tbody>\n<tr>\n<td width=\"350\">Embraiagem<\/td>\n<td width=\"341\">Embraiagem de mola de diafragma SINOTRUK\u03a6430mm<\/td>\n<\/tr>\n<tr>\n<td width=\"350\">Caixa de velocidades<\/td>\n<td width=\"341\">HW19710 10 para a frente e 2 para tr\u00e1s.<\/td>\n<\/tr>\n<tr>\n<td width=\"350\">Marca<\/td>\n<td width=\"341\">SINOTRUK<\/td>\n<\/tr>\n<tr>\n<td colspan=\"2\" width=\"692\">Eixos<\/td>\n<\/tr>\n<tr>\n<td width=\"350\">Modelo do eixo dianteiro<\/td>\n<td width=\"341\">Eixo VGD959. Capacidade: 9000kg<\/td>\n<\/tr>\n<tr>\n<td width=\"350\">Eixo traseiro<\/td>\n<td width=\"341\">Eixo HC16. Capacidade:2X 13000kg<\/td>\n<\/tr>\n<tr>\n<td width=\"350\">Rela\u00e7\u00e3o do eixo traseiro<\/td>\n<td width=\"341\">4.42\/4.80\/5.73<\/td>\n<\/tr>\n<tr>\n<td colspan=\"2\" width=\"692\">Sistema el\u00e9trico<\/td>\n<\/tr>\n<tr>\n<td width=\"350\">Bateria<\/td>\n<td width=\"341\">2X 12V\/165A h<\/td>\n<\/tr>\n<tr>\n<td width=\"350\">Alternador<\/td>\n<td width=\"341\">28V-1500kw<\/td>\n<\/tr>\n<tr>\n<td width=\"350\">Arranque<\/td>\n<td width=\"341\">7,5Kw\/24V<\/td>\n<\/tr>\n<tr>\n<td colspan=\"2\" width=\"692\">Sistema de trav\u00f5es<\/td>\n<\/tr>\n<tr>\n<td width=\"350\">Trav\u00e3o de servi\u00e7o<\/td>\n<td width=\"341\">Trav\u00e3o de ar comprimido de circuito duplo<\/td>\n<\/tr>\n<tr>\n<td width=\"350\">Trav\u00e3o de estacionamento<\/td>\n<td width=\"341\">energia da mola, ar comprimido a funcionar nas rodas traseiras<\/td>\n<\/tr>\n<tr>\n<td width=\"350\">Trav\u00e3o auxiliar<\/td>\n<td width=\"341\">Trav\u00e3o de escape do motor<\/td>\n<\/tr>\n<tr>\n<td colspan=\"2\" width=\"692\">Sistema de dire\u00e7\u00e3o<\/td>\n<\/tr>\n<tr>\n<td width=\"350\">Modelo<\/td>\n<td width=\"341\">ZF8118<\/td>\n<\/tr>\n<tr>\n<td width=\"350\">Marca<\/td>\n<td width=\"341\">Marca alem\u00e3<\/td>\n<\/tr>\n<tr>\n<td width=\"350\">Tipo<\/td>\n<td width=\"341\">dire\u00e7\u00e3o hidr\u00e1ulica com assist\u00eancia el\u00e9ctrica<\/td>\n<\/tr>\n<tr>\n<td colspan=\"2\" width=\"692\">Rodas e pneus<\/td>\n<\/tr>\n<tr>\n<td width=\"350\">Tipo<\/td>\n<td width=\"341\">12.00R20<\/td>\n<\/tr>\n<tr>\n<td width=\"350\">Material<\/td>\n<td width=\"341\">Pneus de polariza\u00e7\u00e3o<\/td>\n<\/tr>\n<tr>\n<td width=\"350\">Quantidade<\/td>\n<td width=\"341\">10+ 1 suplente<\/td>\n<\/tr>\n<tr>\n<td colspan=\"2\" width=\"692\">Cabine<\/td>\n<\/tr>\n<tr>\n<td width=\"350\">Tipo<\/td>\n<td width=\"341\">HW76<\/td>\n<\/tr>\n<tr>\n<td colspan=\"2\" width=\"692\">(cama individual, com ar condicionado), comando dianteiro totalmente em a\u00e7o, 55\u00ba de inclina\u00e7\u00e3o hidr\u00e1ulica para a frente, sistema de limpa para-brisas de 2 bra\u00e7os com tr\u00eas velocidades, para-brisas laminado com antena de r\u00e1dio fundida, banco do condutor regul\u00e1vel com amortecimento hidr\u00e1ulico e banco do acompanhante regul\u00e1vel r\u00edgido, com sistema de aquecimento e ventila\u00e7\u00e3o, pala de sol exterior, pala de tejadilho regul\u00e1vel, com r\u00e1dio\/gravador de cassetes est\u00e9reo, cintos de seguran\u00e7a e volante regul\u00e1vel, buzina pneum\u00e1tica, com suspens\u00e3o flutuante de 4 pontos e amortecedores<\/td>\n<\/tr>\n<tr>\n<td colspan=\"2\" width=\"692\">Corpo<\/td>\n<\/tr>\n<tr>\n<td width=\"350\">Capacidade de agita\u00e7\u00e3o<\/td>\n<td width=\"341\">12m3<\/td>\n<\/tr>\n<tr>\n<td width=\"350\">Volume geom\u00e9trico<\/td>\n<td width=\"341\">18.6m3<\/td>\n<\/tr>\n<tr>\n<td width=\"350\">Velocidade de rota\u00e7\u00e3o do tambor<\/td>\n<td width=\"341\">0-14r\/min<\/td>\n<\/tr>\n<tr>\n<td width=\"350\">Velocidade de alimenta\u00e7\u00e3o<\/td>\n<td width=\"341\">&gt;3,5m3\/min<\/td>\n<\/tr>\n<tr>\n<td width=\"350\">Volume do dep\u00f3sito de \u00e1gua<\/td>\n<td width=\"341\">400L<\/td>\n<\/tr>\n<tr>\n<td width=\"350\">Quita\u00e7\u00e3o R\u00e1cio de remanescentes<\/td>\n<td width=\"341\">&lt;0,2%<\/td>\n<\/tr>\n<tr>\n<td width=\"350\">Abastecimento de \u00e1gua<\/td>\n<td width=\"341\">Tipo de prensagem<\/td>\n<\/tr>\n<\/tbody>\n<\/table>","protected":false},"excerpt":{"rendered":"<p>Modelo de cami\u00e3o\uff1aZZ1257N3847<br \/>\nMarca do cami\u00e3o\uff1aSINOTRUK-HOWO<br \/>\nPosi\u00e7\u00e3o de condu\u00e7\u00e3o\uff1aM\u00e3o esquerda<br \/>\nA massa total: 25.000 kg<br \/>\nPeso Morto\uff1a12500<\/p>","protected":false},"featured_media":5297,"template":"","meta":{"_seopress_robots_primary_cat":"none","_seopress_titles_title":"%%post_title%%","_seopress_titles_desc":"%%post_excerpt%%","_seopress_robots_index":"","_uag_custom_page_level_css":"","site-sidebar-layout":"default","site-content-layout":"","ast-site-content-layout":"default","site-content-style":"default","site-sidebar-style":"default","ast-global-header-display":"","ast-banner-title-visibility":"","ast-main-header-display":"","ast-hfb-above-header-display":"","ast-hfb-below-header-display":"","ast-hfb-mobile-header-display":"","site-post-title":"","ast-breadcrumbs-content":"","ast-featured-img":"","footer-sml-layout":"","theme-transparent-header-meta":"default","adv-header-id-meta":"","stick-header-meta":"default","header-above-stick-meta":"","header-main-stick-meta":"","header-below-stick-meta":"","astra-migrate-meta-layouts":"set","ast-page-background-enabled":"default","ast-page-background-meta":{"desktop":{"background-color":"","background-image":"","background-repeat":"repeat","background-position":"center center","background-size":"auto","background-attachment":"scroll","background-type":"","background-media":"","overlay-type":"","overlay-color":"","overlay-opacity":"","overlay-gradient":""},"tablet":{"background-color":"","background-image":"","background-repeat":"repeat","background-position":"center center","background-size":"auto","background-attachment":"scroll","background-type":"","background-media":"","overlay-type":"","overlay-color":"","overlay-opacity":"","overlay-gradient":""},"mobile":{"background-color":"","background-image":"","background-repeat":"repeat","background-position":"center center","background-size":"auto","background-attachment":"scroll","background-type":"","background-media":"","overlay-type":"","overlay-color":"","overlay-opacity":"","overlay-gradient":""}},"ast-content-background-meta":{"desktop":{"background-color":"var(--ast-global-color-5)","background-image":"","background-repeat":"repeat","background-position":"center center","background-size":"auto","background-attachment":"scroll","background-type":"","background-media":"","overlay-type":"","overlay-color":"","overlay-opacity":"","overlay-gradient":""},"tablet":{"background-color":"var(--ast-global-color-5)","background-image":"","background-repeat":"repeat","background-position":"center center","background-size":"auto","background-attachment":"scroll","background-type":"","background-media":"","overlay-type":"","overlay-color":"","overlay-opacity":"","overlay-gradient":""},"mobile":{"background-color":"var(--ast-global-color-5)","background-image":"","background-repeat":"repeat","background-position":"center center","background-size":"auto","background-attachment":"scroll","background-type":"","background-media":"","overlay-type":"","overlay-color":"","overlay-opacity":"","overlay-gradient":""}}},"product_brand":[],"product_cat":[83],"product_tag":[],"class_list":{"0":"post-5296","1":"product","2":"type-product","3":"status-publish","4":"has-post-thumbnail","6":"product_cat-concrete-mixer-truck","7":"desktop-align-center","8":"tablet-align-left","9":"mobile-align-left","10":"ast-product-gallery-layout-horizontal-slider","11":"ast-product-gallery-with-no-image","12":"ast-product-tabs-layout-horizontal","14":"first","15":"instock","16":"shipping-taxable","17":"product-type-simple"},"uagb_featured_image_src":{"full":["https:\/\/hfoton.com\/wp-content\/uploads\/2025\/10\/\u672a\u6807\u9898-1-33.jpg",540,360,false],"thumbnail":["https:\/\/hfoton.com\/wp-content\/uploads\/2025\/10\/\u672a\u6807\u9898-1-33-150x150.jpg",150,150,true],"medium":["https:\/\/hfoton.com\/wp-content\/uploads\/2025\/10\/\u672a\u6807\u9898-1-33-300x200.jpg",300,200,true],"medium_large":["https:\/\/hfoton.com\/wp-content\/uploads\/2025\/10\/\u672a\u6807\u9898-1-33.jpg",540,360,false],"large":["https:\/\/hfoton.com\/wp-content\/uploads\/2025\/10\/\u672a\u6807\u9898-1-33.jpg",540,360,false],"1536x1536":["https:\/\/hfoton.com\/wp-content\/uploads\/2025\/10\/\u672a\u6807\u9898-1-33.jpg",540,360,false],"2048x2048":["https:\/\/hfoton.com\/wp-content\/uploads\/2025\/10\/\u672a\u6807\u9898-1-33.jpg",540,360,false],"trp-custom-language-flag":["https:\/\/hfoton.com\/wp-content\/uploads\/2025\/10\/\u672a\u6807\u9898-1-33-18x12.jpg",18,12,true],"woocommerce_thumbnail":["https:\/\/hfoton.com\/wp-content\/uploads\/2025\/10\/\u672a\u6807\u9898-1-33-300x300.jpg",300,300,true],"woocommerce_single":["https:\/\/hfoton.com\/wp-content\/uploads\/2025\/10\/\u672a\u6807\u9898-1-33.jpg",540,360,false],"woocommerce_gallery_thumbnail":["https:\/\/hfoton.com\/wp-content\/uploads\/2025\/10\/\u672a\u6807\u9898-1-33-100x100.jpg",100,100,true]},"uagb_author_info":{"display_name":"jinxing6611@gmail.com","author_link":"https:\/\/hfoton.com\/pt\/author\/"},"uagb_comment_info":0,"uagb_excerpt":"Truck Model\uff1aZZ1257N3847 Truck Brand\uff1aSINOTRUK\u2014HOWO Driving Position\uff1aLeft hand Driving The Total Mass\uff1a25,000kg Dead Weight\uff1a12500","_links":{"self":[{"href":"https:\/\/hfoton.com\/pt\/wp-json\/wp\/v2\/product\/5296","targetHints":{"allow":["GET"]}}],"collection":[{"href":"https:\/\/hfoton.com\/pt\/wp-json\/wp\/v2\/product"}],"about":[{"href":"https:\/\/hfoton.com\/pt\/wp-json\/wp\/v2\/types\/product"}],"wp:featuredmedia":[{"embeddable":true,"href":"https:\/\/hfoton.com\/pt\/wp-json\/wp\/v2\/media\/5297"}],"wp:attachment":[{"href":"https:\/\/hfoton.com\/pt\/wp-json\/wp\/v2\/media?parent=5296"}],"wp:term":[{"taxonomy":"product_brand","embeddable":true,"href":"https:\/\/hfoton.com\/pt\/wp-json\/wp\/v2\/product_brand?post=5296"},{"taxonomy":"product_cat","embeddable":true,"href":"https:\/\/hfoton.com\/pt\/wp-json\/wp\/v2\/product_cat?post=5296"},{"taxonomy":"product_tag","embeddable":true,"href":"https:\/\/hfoton.com\/pt\/wp-json\/wp\/v2\/product_tag?post=5296"}],"curies":[{"name":"wp","href":"https:\/\/api.w.org\/{rel}","templated":true}]}}