{"id":5276,"date":"2025-10-30T09:34:54","date_gmt":"2025-10-30T09:34:54","guid":{"rendered":"http:\/\/hfoton.com\/?post_type=product&#038;p=5276"},"modified":"2025-10-30T09:55:15","modified_gmt":"2025-10-30T09:55:15","slug":"3-axle-oil-tanker-semi-trailer","status":"publish","type":"product","link":"https:\/\/hfoton.com\/pt\/product\/3-axle-oil-tanker-semi-trailer\/","title":{"rendered":"SEMI-REBOQUE PETROLEIRO DE 3 EIXOS"},"content":{"rendered":"<h3 style=\"text-align: center;\">ESPECIFICA\u00c7\u00c3O<\/h3>\n<p><img alt=\"\" fetchpriority=\"high\" decoding=\"async\" class=\"wp-image-5282 size-full aligncenter\" src=\"http:\/\/hfoton.com\/wp-content\/uploads\/2025\/10\/WPS\u56fe\u72471-16.png\" width=\"878\" height=\"599\" srcset=\"https:\/\/hfoton.com\/wp-content\/uploads\/2025\/10\/WPS\u56fe\u72471-16.png 878w, https:\/\/hfoton.com\/wp-content\/uploads\/2025\/10\/WPS\u56fe\u72471-16-300x205.png 300w, https:\/\/hfoton.com\/wp-content\/uploads\/2025\/10\/WPS\u56fe\u72471-16-768x524.png 768w, https:\/\/hfoton.com\/wp-content\/uploads\/2025\/10\/WPS\u56fe\u72471-16-18x12.png 18w, https:\/\/hfoton.com\/wp-content\/uploads\/2025\/10\/WPS\u56fe\u72471-16-600x409.png 600w\" sizes=\"(max-width: 878px) 100vw, 878px\" \/><\/p>\n<p><img alt=\"\" decoding=\"async\" class=\"wp-image-5283 size-full aligncenter\" src=\"http:\/\/hfoton.com\/wp-content\/uploads\/2025\/10\/WPS\u56fe\u72472-11.png\" width=\"900\" height=\"326\" srcset=\"https:\/\/hfoton.com\/wp-content\/uploads\/2025\/10\/WPS\u56fe\u72472-11.png 900w, https:\/\/hfoton.com\/wp-content\/uploads\/2025\/10\/WPS\u56fe\u72472-11-300x109.png 300w, https:\/\/hfoton.com\/wp-content\/uploads\/2025\/10\/WPS\u56fe\u72472-11-768x278.png 768w, https:\/\/hfoton.com\/wp-content\/uploads\/2025\/10\/WPS\u56fe\u72472-11-18x7.png 18w, https:\/\/hfoton.com\/wp-content\/uploads\/2025\/10\/WPS\u56fe\u72472-11-600x217.png 600w\" sizes=\"(max-width: 900px) 100vw, 900px\" \/><\/p>\n<table>\n<tbody>\n<tr>\n<td colspan=\"2\" width=\"688\">\n<p style=\"text-align: center;\">ESPECIFICA\u00c7\u00d5ES<\/p>\n<\/td>\n<\/tr>\n<tr>\n<td colspan=\"2\" width=\"688\">Nome do produto: Semirreboque petroleiro de 3 eixos<\/td>\n<\/tr>\n<tr>\n<td colspan=\"2\" width=\"688\">Dimens\u00f5es superiores: 11500*2500*3900mm<\/td>\n<\/tr>\n<tr>\n<td colspan=\"2\" width=\"688\"><strong><b>A\u00e7o<\/b><\/strong><strong><b>\u00a0<\/b><\/strong><strong><b>Estrutura<\/b><\/strong><\/td>\n<\/tr>\n<tr>\n<td width=\"191\">Material<\/td>\n<td width=\"497\">A\u00e7o Q235<\/td>\n<\/tr>\n<tr>\n<td width=\"191\">Moldura<\/td>\n<td width=\"497\">A altura da viga principal \u00e9 de 500 mm<\/td>\n<\/tr>\n<tr>\n<td width=\"191\">Viga de estrutura<\/td>\n<td width=\"497\">A placa superior tem 14 mm, a placa inferior tem 16 mm, a placa interm\u00e9dia tem 6 mm<\/td>\n<\/tr>\n<tr>\n<td width=\"191\">Trem de aterragem<\/td>\n<td width=\"497\">Marca chinesa 28 Toneladas<\/td>\n<\/tr>\n<tr>\n<td width=\"191\">v\u00e1lvula submarina<\/td>\n<td width=\"497\">2<\/td>\n<\/tr>\n<tr>\n<td width=\"191\">v\u00e1lvula de \u00f3leo<\/td>\n<td width=\"497\">2<\/td>\n<\/tr>\n<tr>\n<td colspan=\"2\" width=\"688\"><strong><b>Cami\u00e3o-cisterna<\/b><\/strong><\/td>\n<\/tr>\n<tr>\n<td width=\"191\">Volume<\/td>\n<td width=\"497\">45 CBM<\/td>\n<\/tr>\n<tr>\n<td width=\"191\">Espessura do corpo<\/td>\n<td width=\"497\">6 mm<\/td>\n<\/tr>\n<tr>\n<td width=\"191\">Placa frontal\/extremidade<\/td>\n<td width=\"497\">6 mm<\/td>\n<\/tr>\n<tr>\n<td width=\"191\">Compartimentos<\/td>\n<td width=\"497\">2 compartimentos<\/td>\n<\/tr>\n<tr>\n<td colspan=\"2\" width=\"688\"><strong><b>Especifica\u00e7\u00e3o<\/b><\/strong><\/td>\n<\/tr>\n<tr>\n<td width=\"191\">Marca do eixo<\/td>\n<td width=\"497\">13TON Eixo,<\/td>\n<\/tr>\n<tr>\n<td width=\"191\">N\u00famero do eixo<\/td>\n<td width=\"497\">Tr\u00eas<\/td>\n<\/tr>\n<\/tbody>\n<\/table>\n<table>\n<tbody>\n<tr>\n<td width=\"191\">Sistema de suspens\u00e3o<\/td>\n<td width=\"497\">Suspens\u00e3o mec\u00e2nica<\/td>\n<\/tr>\n<tr>\n<td width=\"191\">Mola de a\u00e7o<\/td>\n<td width=\"497\">10\/10\/10 Suspens\u00e3o de molas de l\u00e2mina<\/td>\n<\/tr>\n<tr>\n<td width=\"191\">Borda<\/td>\n<td width=\"497\">9.0-22.5<\/td>\n<\/tr>\n<tr>\n<td colspan=\"2\" width=\"688\"><strong><b>Pneu<\/b><\/strong><\/td>\n<\/tr>\n<tr>\n<td width=\"191\">Tipo e qualidade dos pneus<\/td>\n<td width=\"497\">12R22.5 , 12 unidades<\/td>\n<\/tr>\n<tr>\n<td width=\"191\">N\u00famero de pneus<\/td>\n<td width=\"497\">12 pe\u00e7as<\/td>\n<\/tr>\n<tr>\n<td width=\"191\">Suporte da roda sobresselente<\/td>\n<td width=\"497\">1 pe\u00e7a<\/td>\n<\/tr>\n<tr>\n<td colspan=\"2\" width=\"688\"><strong><b>Trav\u00e3o<\/b><\/strong><\/td>\n<\/tr>\n<tr>\n<td width=\"191\">Sistema de trav\u00f5es<\/td>\n<td width=\"497\">Sistema de travagem de linha dupla<\/td>\n<\/tr>\n<tr>\n<td width=\"191\">C\u00e2mara de travagem<\/td>\n<td width=\"497\">Quatro c\u00e2maras duplas e duas c\u00e2maras simples, op\u00e7\u00e3o WABCO<\/td>\n<\/tr>\n<tr>\n<td colspan=\"2\" width=\"688\"><strong><b>Sistema el\u00e9trico<\/b><\/strong><\/td>\n<\/tr>\n<tr>\n<td width=\"191\">Cabo<\/td>\n<td width=\"497\">Um conjunto de cabos standard de 6 n\u00facleos.<\/td>\n<\/tr>\n<tr>\n<td width=\"191\">Tens\u00e3o<\/td>\n<td width=\"497\">24V<\/td>\n<\/tr>\n<tr>\n<td width=\"191\">Recet\u00e1culo<\/td>\n<td width=\"497\">7 vias (7 cablagens)<\/td>\n<\/tr>\n<tr>\n<td width=\"191\">Luz<\/td>\n<td width=\"497\">Luz traseira com indicador de mudan\u00e7a de dire\u00e7\u00e3o, luz de trav\u00e3o e refletor, luz lateral, etc.<\/td>\n<\/tr>\n<tr>\n<td colspan=\"2\" width=\"688\"><strong><b>Diversos<\/b><\/strong><\/td>\n<\/tr>\n<tr>\n<td width=\"191\">Prote\u00e7\u00e3o lateral<\/td>\n<td width=\"497\">Com<\/td>\n<\/tr>\n<tr>\n<td width=\"191\">Pintura e marca\u00e7\u00e3o<\/td>\n<td width=\"497\">De acordo com a exig\u00eancia do cliente<\/td>\n<\/tr>\n<\/tbody>\n<\/table>","protected":false},"excerpt":{"rendered":"<p><b>Nome do produto:<\/b>Semirreboque petroleiro de 3 eixos<br \/>\n<b>Sobre Dimens\u00f5es:<\/b>11500*2500*3900mm<br \/>\n<b>Material:<\/b>A\u00e7o Q235<br \/>\n<b>Moldura:<\/b>A altura da viga principal \u00e9 de 500 mm<\/p>","protected":false},"featured_media":5280,"template":"","meta":{"_seopress_robots_primary_cat":"none","_seopress_titles_title":"%%post_title%%","_seopress_titles_desc":"%%post_excerpt%%","_seopress_robots_index":"","_uag_custom_page_level_css":"","site-sidebar-layout":"default","site-content-layout":"","ast-site-content-layout":"default","site-content-style":"default","site-sidebar-style":"default","ast-global-header-display":"","ast-banner-title-visibility":"","ast-main-header-display":"","ast-hfb-above-header-display":"","ast-hfb-below-header-display":"","ast-hfb-mobile-header-display":"","site-post-title":"","ast-breadcrumbs-content":"","ast-featured-img":"","footer-sml-layout":"","theme-transparent-header-meta":"default","adv-header-id-meta":"","stick-header-meta":"default","header-above-stick-meta":"","header-main-stick-meta":"","header-below-stick-meta":"","astra-migrate-meta-layouts":"set","ast-page-background-enabled":"default","ast-page-background-meta":{"desktop":{"background-color":"","background-image":"","background-repeat":"repeat","background-position":"center center","background-size":"auto","background-attachment":"scroll","background-type":"","background-media":"","overlay-type":"","overlay-color":"","overlay-opacity":"","overlay-gradient":""},"tablet":{"background-color":"","background-image":"","background-repeat":"repeat","background-position":"center center","background-size":"auto","background-attachment":"scroll","background-type":"","background-media":"","overlay-type":"","overlay-color":"","overlay-opacity":"","overlay-gradient":""},"mobile":{"background-color":"","background-image":"","background-repeat":"repeat","background-position":"center center","background-size":"auto","background-attachment":"scroll","background-type":"","background-media":"","overlay-type":"","overlay-color":"","overlay-opacity":"","overlay-gradient":""}},"ast-content-background-meta":{"desktop":{"background-color":"var(--ast-global-color-5)","background-image":"","background-repeat":"repeat","background-position":"center center","background-size":"auto","background-attachment":"scroll","background-type":"","background-media":"","overlay-type":"","overlay-color":"","overlay-opacity":"","overlay-gradient":""},"tablet":{"background-color":"var(--ast-global-color-5)","background-image":"","background-repeat":"repeat","background-position":"center center","background-size":"auto","background-attachment":"scroll","background-type":"","background-media":"","overlay-type":"","overlay-color":"","overlay-opacity":"","overlay-gradient":""},"mobile":{"background-color":"var(--ast-global-color-5)","background-image":"","background-repeat":"repeat","background-position":"center center","background-size":"auto","background-attachment":"scroll","background-type":"","background-media":"","overlay-type":"","overlay-color":"","overlay-opacity":"","overlay-gradient":""}}},"product_brand":[],"product_cat":[102],"product_tag":[],"class_list":{"0":"post-5276","1":"product","2":"type-product","3":"status-publish","4":"has-post-thumbnail","6":"product_cat-oil-tanker-semi-trailer","7":"desktop-align-center","8":"tablet-align-left","9":"mobile-align-left","10":"ast-product-gallery-layout-horizontal-slider","11":"ast-product-tabs-layout-horizontal","13":"first","14":"instock","15":"shipping-taxable","16":"product-type-simple"},"uagb_featured_image_src":{"full":["https:\/\/hfoton.com\/wp-content\/uploads\/2025\/10\/\u672a\u6807\u9898-1-30.jpg",540,360,false],"thumbnail":["https:\/\/hfoton.com\/wp-content\/uploads\/2025\/10\/\u672a\u6807\u9898-1-30-150x150.jpg",150,150,true],"medium":["https:\/\/hfoton.com\/wp-content\/uploads\/2025\/10\/\u672a\u6807\u9898-1-30-300x200.jpg",300,200,true],"medium_large":["https:\/\/hfoton.com\/wp-content\/uploads\/2025\/10\/\u672a\u6807\u9898-1-30.jpg",540,360,false],"large":["https:\/\/hfoton.com\/wp-content\/uploads\/2025\/10\/\u672a\u6807\u9898-1-30.jpg",540,360,false],"1536x1536":["https:\/\/hfoton.com\/wp-content\/uploads\/2025\/10\/\u672a\u6807\u9898-1-30.jpg",540,360,false],"2048x2048":["https:\/\/hfoton.com\/wp-content\/uploads\/2025\/10\/\u672a\u6807\u9898-1-30.jpg",540,360,false],"trp-custom-language-flag":["https:\/\/hfoton.com\/wp-content\/uploads\/2025\/10\/\u672a\u6807\u9898-1-30-18x12.jpg",18,12,true],"woocommerce_thumbnail":["https:\/\/hfoton.com\/wp-content\/uploads\/2025\/10\/\u672a\u6807\u9898-1-30-300x300.jpg",300,300,true],"woocommerce_single":["https:\/\/hfoton.com\/wp-content\/uploads\/2025\/10\/\u672a\u6807\u9898-1-30.jpg",540,360,false],"woocommerce_gallery_thumbnail":["https:\/\/hfoton.com\/wp-content\/uploads\/2025\/10\/\u672a\u6807\u9898-1-30-100x100.jpg",100,100,true]},"uagb_author_info":{"display_name":"jinxing6611@gmail.com","author_link":"https:\/\/hfoton.com\/pt\/author\/"},"uagb_comment_info":0,"uagb_excerpt":"Product Name:3 axle oil tanker semi trailer Over Dimensions:11500*2500*3900mm Material:Q235 Steel Frame:Main beam height is 500mm","_links":{"self":[{"href":"https:\/\/hfoton.com\/pt\/wp-json\/wp\/v2\/product\/5276","targetHints":{"allow":["GET"]}}],"collection":[{"href":"https:\/\/hfoton.com\/pt\/wp-json\/wp\/v2\/product"}],"about":[{"href":"https:\/\/hfoton.com\/pt\/wp-json\/wp\/v2\/types\/product"}],"wp:featuredmedia":[{"embeddable":true,"href":"https:\/\/hfoton.com\/pt\/wp-json\/wp\/v2\/media\/5280"}],"wp:attachment":[{"href":"https:\/\/hfoton.com\/pt\/wp-json\/wp\/v2\/media?parent=5276"}],"wp:term":[{"taxonomy":"product_brand","embeddable":true,"href":"https:\/\/hfoton.com\/pt\/wp-json\/wp\/v2\/product_brand?post=5276"},{"taxonomy":"product_cat","embeddable":true,"href":"https:\/\/hfoton.com\/pt\/wp-json\/wp\/v2\/product_cat?post=5276"},{"taxonomy":"product_tag","embeddable":true,"href":"https:\/\/hfoton.com\/pt\/wp-json\/wp\/v2\/product_tag?post=5276"}],"curies":[{"name":"wp","href":"https:\/\/api.w.org\/{rel}","templated":true}]}}