{"id":5224,"date":"2025-10-30T08:11:47","date_gmt":"2025-10-30T08:11:47","guid":{"rendered":"http:\/\/hfoton.com\/?post_type=product&#038;p=5224"},"modified":"2025-10-30T08:28:51","modified_gmt":"2025-10-30T08:28:51","slug":"3-axles-40ft-skeleton-semi-trailer","status":"publish","type":"product","link":"https:\/\/hfoton.com\/pt\/product\/3-axles-40ft-skeleton-semi-trailer\/","title":{"rendered":"3 EIXOS 40FT SKELETON SEMI REBOQUE"},"content":{"rendered":"<h3 style=\"text-align: center;\">ESPECIFICA\u00c7\u00c3O<\/h3>\n<p><img alt=\"\" fetchpriority=\"high\" decoding=\"async\" class=\"size-full wp-image-5225 aligncenter\" src=\"http:\/\/hfoton.com\/wp-content\/uploads\/2025\/10\/WPS\u56fe\u72471.jpg\" width=\"900\" height=\"333\" srcset=\"https:\/\/hfoton.com\/wp-content\/uploads\/2025\/10\/WPS\u56fe\u72471.jpg 900w, https:\/\/hfoton.com\/wp-content\/uploads\/2025\/10\/WPS\u56fe\u72471-300x111.jpg 300w, https:\/\/hfoton.com\/wp-content\/uploads\/2025\/10\/WPS\u56fe\u72471-768x284.jpg 768w, https:\/\/hfoton.com\/wp-content\/uploads\/2025\/10\/WPS\u56fe\u72471-18x7.jpg 18w, https:\/\/hfoton.com\/wp-content\/uploads\/2025\/10\/WPS\u56fe\u72471-600x222.jpg 600w\" sizes=\"(max-width: 900px) 100vw, 900px\" \/><\/p>\n<p><img alt=\"\" decoding=\"async\" class=\"size-full wp-image-5226 aligncenter\" src=\"http:\/\/hfoton.com\/wp-content\/uploads\/2025\/10\/WPS\u56fe\u72472.jpg\" width=\"900\" height=\"568\" srcset=\"https:\/\/hfoton.com\/wp-content\/uploads\/2025\/10\/WPS\u56fe\u72472.jpg 900w, https:\/\/hfoton.com\/wp-content\/uploads\/2025\/10\/WPS\u56fe\u72472-300x189.jpg 300w, https:\/\/hfoton.com\/wp-content\/uploads\/2025\/10\/WPS\u56fe\u72472-768x485.jpg 768w, https:\/\/hfoton.com\/wp-content\/uploads\/2025\/10\/WPS\u56fe\u72472-18x12.jpg 18w, https:\/\/hfoton.com\/wp-content\/uploads\/2025\/10\/WPS\u56fe\u72472-600x379.jpg 600w\" sizes=\"(max-width: 900px) 100vw, 900px\" \/><\/p>\n<table>\n<tbody>\n<tr>\n<td colspan=\"2\" width=\"699\">\n<p style=\"text-align: center;\"><strong><b>Especifica\u00e7\u00f5es<\/b><\/strong><\/p>\n<\/td>\n<\/tr>\n<tr>\n<td width=\"140\"><strong><b>Dimens\u00e3o<\/b><\/strong><\/td>\n<td width=\"559\">12,38m\u00d72,48m\u00d71,55m (Exterior)<\/td>\n<\/tr>\n<tr>\n<td width=\"140\"><strong><b>Carga \u00fatil<\/b><\/strong><\/td>\n<td width=\"559\">50T<\/td>\n<\/tr>\n<tr>\n<td width=\"140\"><strong><b>Peso de tara<\/b><\/strong><\/td>\n<td width=\"559\">Cerca de 6,5T<\/td>\n<\/tr>\n<tr>\n<td width=\"140\"><strong><b>Fecho de tor\u00e7\u00e3o<\/b><\/strong><\/td>\n<td width=\"559\">12 unidades<\/td>\n<\/tr>\n<tr>\n<td colspan=\"2\" width=\"699\">\n<p style=\"text-align: center;\"><strong><b>Chassis<\/b><\/strong><\/p>\n<\/td>\n<\/tr>\n<tr>\n<td width=\"140\"><strong><b>Viga principal<\/b><\/strong><\/td>\n<td width=\"559\">Viga em I concebida para servi\u00e7o pesado e durabilidade extra; Op\u00e7\u00e3o por a\u00e7o de alta resist\u00eancia Q345B, soldado por processos autom\u00e1ticos de arco submerso.<\/td>\n<\/tr>\n<tr>\n<td width=\"140\"><strong><b>Viga de estrutura<\/b><\/strong><\/td>\n<td width=\"559\">Flange superior 14mm, largura 140mm; Flange m\u00e9dia 8mm; Flange inferior 16mm, largura 140mm, altura da viga principal 500mm<\/td>\n<\/tr>\n<tr>\n<td width=\"140\"><strong><b>Eixo<\/b><\/strong><\/td>\n<td width=\"559\">3 eixos, 13Ton marca Fuwa 16ton pastilhas de trav\u00e3o<\/td>\n<\/tr>\n<tr>\n<td width=\"140\"><strong><b>Trem de aterragem<\/b><\/strong><\/td>\n<td width=\"559\">Capacidade de eleva\u00e7\u00e3o de 28T com duas velocidades<\/td>\n<\/tr>\n<tr>\n<td width=\"140\"><strong><b>Pino-rei<\/b><\/strong><\/td>\n<td width=\"559\">Pino mestre aparafusado de 2,00 ou 3,5 polegadas<\/td>\n<\/tr>\n<tr>\n<td width=\"140\"><strong><b>Suspens\u00e3o<\/b><\/strong><\/td>\n<td width=\"559\">Suspens\u00e3o mec\u00e2nica de tipo refor\u00e7ado<\/td>\n<\/tr>\n<tr>\n<td width=\"140\"><strong><b>Mola de l\u00e2mina<\/b><\/strong><\/td>\n<td width=\"559\">90mm(L)*13mm(T)*10 camadas<\/td>\n<\/tr>\n<\/tbody>\n<\/table>\n<table>\n<tbody>\n<tr>\n<td width=\"140\"><strong><b>Pneum\u00e1tico<\/b><\/strong><\/p>\n<p><strong><b>Travagem<\/b><\/strong><strong><b>\u00a0<\/b><\/strong><strong><b>Sistema<\/b><\/strong><\/td>\n<td width=\"559\">Sistema de trav\u00e3o pneum\u00e1tico de linha dupla, c\u00e2mara de ar T30, dep\u00f3sitos de ar de 40L, v\u00e1lvula de rel\u00e9 de emerg\u00eancia<\/td>\n<\/tr>\n<tr>\n<td width=\"140\"><strong><b>Borda<\/b><\/strong><\/td>\n<td width=\"559\">9.0-20*12 pe\u00e7as<\/td>\n<\/tr>\n<tr>\n<td width=\"140\"><strong><b>Pneu<\/b><\/strong><\/td>\n<td width=\"559\">12R22.5*12 pcs<\/td>\n<\/tr>\n<tr>\n<td width=\"140\"><strong><b>Acess\u00f3rios<\/b><\/strong><\/td>\n<td width=\"559\">Uma caixa de ferramentas standard<\/td>\n<\/tr>\n<tr>\n<td width=\"140\"><strong><b>Pneu sobresselente<\/b><\/strong><strong><b>\u00a0<\/b><\/strong><strong><b>estante<\/b><\/strong><\/td>\n<td width=\"559\">Um<\/td>\n<\/tr>\n<tr>\n<td width=\"140\"><strong><b>Sistema el\u00e9trico<\/b><\/strong><\/td>\n<td width=\"559\">Sistema el\u00e9trico de 24 volts. Conector el\u00e9trico de 7 pinos. Luzes de estacionamento, de stop, de marcha-atr\u00e1s, de matr\u00edcula e indicadoras. Luzes traseiras em conformidade com a norma europeia, reflectores traseiros, dianteiros e laterais<\/td>\n<\/tr>\n<tr>\n<td width=\"140\"><strong><b>Pintura<\/b><\/strong><\/td>\n<td width=\"559\">Chassis completo com jato de areia para limpar a ferrugem, 1 dem\u00e3o de prim\u00e1rio anticorrosivo, 2 dem\u00e3os de tinta final<\/td>\n<\/tr>\n<tr>\n<td width=\"140\"><strong><b>Condi\u00e7\u00f5es de envio<\/b><\/strong><\/td>\n<td width=\"559\">Por carga a granel\/RORO\/contentor 40HQ<\/td>\n<\/tr>\n<\/tbody>\n<\/table>","protected":false},"excerpt":{"rendered":"<p><b>Dimens\u00e3o:<\/b>12,38m\u00d72,48m\u00d71,55m (Exterior)<br \/>\n<b>Carga \u00fatil:<\/b>50T<br \/>\n<b>Peso de tara:<\/b>Cerca de 6,5T<br \/>\n<b>Fecho de tor\u00e7\u00e3o:<\/b>12 unidades<br \/>\n<b>Viga de estrutura:<\/b>Flange superior 14mm, largura 140mm; Flange m\u00e9dia 8mm; Flange inferior 16mm, largura 140mm, altura da viga principal 500mm<\/p>","protected":false},"featured_media":5227,"template":"","meta":{"_seopress_robots_primary_cat":"none","_seopress_titles_title":"%%post_title%%","_seopress_titles_desc":"%%post_excerpt%%","_seopress_robots_index":"","_uag_custom_page_level_css":"","site-sidebar-layout":"default","site-content-layout":"","ast-site-content-layout":"default","site-content-style":"default","site-sidebar-style":"default","ast-global-header-display":"","ast-banner-title-visibility":"","ast-main-header-display":"","ast-hfb-above-header-display":"","ast-hfb-below-header-display":"","ast-hfb-mobile-header-display":"","site-post-title":"","ast-breadcrumbs-content":"","ast-featured-img":"","footer-sml-layout":"","theme-transparent-header-meta":"default","adv-header-id-meta":"","stick-header-meta":"default","header-above-stick-meta":"","header-main-stick-meta":"","header-below-stick-meta":"","astra-migrate-meta-layouts":"set","ast-page-background-enabled":"default","ast-page-background-meta":{"desktop":{"background-color":"","background-image":"","background-repeat":"repeat","background-position":"center center","background-size":"auto","background-attachment":"scroll","background-type":"","background-media":"","overlay-type":"","overlay-color":"","overlay-opacity":"","overlay-gradient":""},"tablet":{"background-color":"","background-image":"","background-repeat":"repeat","background-position":"center center","background-size":"auto","background-attachment":"scroll","background-type":"","background-media":"","overlay-type":"","overlay-color":"","overlay-opacity":"","overlay-gradient":""},"mobile":{"background-color":"","background-image":"","background-repeat":"repeat","background-position":"center center","background-size":"auto","background-attachment":"scroll","background-type":"","background-media":"","overlay-type":"","overlay-color":"","overlay-opacity":"","overlay-gradient":""}},"ast-content-background-meta":{"desktop":{"background-color":"var(--ast-global-color-5)","background-image":"","background-repeat":"repeat","background-position":"center center","background-size":"auto","background-attachment":"scroll","background-type":"","background-media":"","overlay-type":"","overlay-color":"","overlay-opacity":"","overlay-gradient":""},"tablet":{"background-color":"var(--ast-global-color-5)","background-image":"","background-repeat":"repeat","background-position":"center center","background-size":"auto","background-attachment":"scroll","background-type":"","background-media":"","overlay-type":"","overlay-color":"","overlay-opacity":"","overlay-gradient":""},"mobile":{"background-color":"var(--ast-global-color-5)","background-image":"","background-repeat":"repeat","background-position":"center center","background-size":"auto","background-attachment":"scroll","background-type":"","background-media":"","overlay-type":"","overlay-color":"","overlay-opacity":"","overlay-gradient":""}}},"product_brand":[],"product_cat":[106],"product_tag":[],"class_list":{"0":"post-5224","1":"product","2":"type-product","3":"status-publish","4":"has-post-thumbnail","6":"product_cat-skeleton-semi-trailer","7":"desktop-align-center","8":"tablet-align-left","9":"mobile-align-left","10":"ast-product-gallery-layout-horizontal-slider","11":"ast-product-tabs-layout-horizontal","13":"first","14":"instock","15":"shipping-taxable","16":"product-type-simple"},"uagb_featured_image_src":{"full":["https:\/\/hfoton.com\/wp-content\/uploads\/2025\/10\/\u672a\u6807\u9898-1-19.jpg",540,360,false],"thumbnail":["https:\/\/hfoton.com\/wp-content\/uploads\/2025\/10\/\u672a\u6807\u9898-1-19-150x150.jpg",150,150,true],"medium":["https:\/\/hfoton.com\/wp-content\/uploads\/2025\/10\/\u672a\u6807\u9898-1-19-300x200.jpg",300,200,true],"medium_large":["https:\/\/hfoton.com\/wp-content\/uploads\/2025\/10\/\u672a\u6807\u9898-1-19.jpg",540,360,false],"large":["https:\/\/hfoton.com\/wp-content\/uploads\/2025\/10\/\u672a\u6807\u9898-1-19.jpg",540,360,false],"1536x1536":["https:\/\/hfoton.com\/wp-content\/uploads\/2025\/10\/\u672a\u6807\u9898-1-19.jpg",540,360,false],"2048x2048":["https:\/\/hfoton.com\/wp-content\/uploads\/2025\/10\/\u672a\u6807\u9898-1-19.jpg",540,360,false],"trp-custom-language-flag":["https:\/\/hfoton.com\/wp-content\/uploads\/2025\/10\/\u672a\u6807\u9898-1-19-18x12.jpg",18,12,true],"woocommerce_thumbnail":["https:\/\/hfoton.com\/wp-content\/uploads\/2025\/10\/\u672a\u6807\u9898-1-19-300x300.jpg",300,300,true],"woocommerce_single":["https:\/\/hfoton.com\/wp-content\/uploads\/2025\/10\/\u672a\u6807\u9898-1-19.jpg",540,360,false],"woocommerce_gallery_thumbnail":["https:\/\/hfoton.com\/wp-content\/uploads\/2025\/10\/\u672a\u6807\u9898-1-19-100x100.jpg",100,100,true]},"uagb_author_info":{"display_name":"jinxing6611@gmail.com","author_link":"https:\/\/hfoton.com\/pt\/author\/"},"uagb_comment_info":0,"uagb_excerpt":"Dimension:12.38m\u00d72.48m\u00d71.55m (Outside) Payload:50T Tare weight:About 6.5T Twist lock:12 units Frame Beam:Top Flange 14mm,width 140mm; Middle Flange 8mm; Bottom Flange 16mm,width 140mm,main beam height 500mm","_links":{"self":[{"href":"https:\/\/hfoton.com\/pt\/wp-json\/wp\/v2\/product\/5224","targetHints":{"allow":["GET"]}}],"collection":[{"href":"https:\/\/hfoton.com\/pt\/wp-json\/wp\/v2\/product"}],"about":[{"href":"https:\/\/hfoton.com\/pt\/wp-json\/wp\/v2\/types\/product"}],"wp:featuredmedia":[{"embeddable":true,"href":"https:\/\/hfoton.com\/pt\/wp-json\/wp\/v2\/media\/5227"}],"wp:attachment":[{"href":"https:\/\/hfoton.com\/pt\/wp-json\/wp\/v2\/media?parent=5224"}],"wp:term":[{"taxonomy":"product_brand","embeddable":true,"href":"https:\/\/hfoton.com\/pt\/wp-json\/wp\/v2\/product_brand?post=5224"},{"taxonomy":"product_cat","embeddable":true,"href":"https:\/\/hfoton.com\/pt\/wp-json\/wp\/v2\/product_cat?post=5224"},{"taxonomy":"product_tag","embeddable":true,"href":"https:\/\/hfoton.com\/pt\/wp-json\/wp\/v2\/product_tag?post=5224"}],"curies":[{"name":"wp","href":"https:\/\/api.w.org\/{rel}","templated":true}]}}