{"id":5219,"date":"2025-10-30T08:02:42","date_gmt":"2025-10-30T08:02:42","guid":{"rendered":"http:\/\/hfoton.com\/?post_type=product&#038;p=5219"},"modified":"2025-10-30T08:09:07","modified_gmt":"2025-10-30T08:09:07","slug":"howo-used-6x4-371hp-tractor-truck","status":"publish","type":"product","link":"https:\/\/hfoton.com\/pt\/product\/howo-used-6x4-371hp-tractor-truck\/","title":{"rendered":"CAMI\u00c3O TRACTOR HOWO USADO 6\u00d74 371HP"},"content":{"rendered":"<h3 style=\"text-align: center;\">ESPECIFICA\u00c7\u00c3O<\/h3>\n<table>\n<tbody>\n<tr>\n<td width=\"366\">Marca: SINOTRUK HOWO<\/p>\n<p>Estilo de condu\u00e7\u00e3o: Condu\u00e7\u00e3o \u00e0 esquerda<\/p>\n<p>Capacidade do cami\u00e3o-cisterna\uff08L\uff09 400 NOVO<\/p>\n<p>A massa total 50.000kg<\/p>\n<p>Peso morto 8800 KG<\/p>\n<p>Cabine: HW76, ar-condicionado, um dorminhoco O interior da cabine \u00e9 novo<\/p>\n<p>Pot\u00eancia do motor\uff1a371HP ,Euro 2<\/p>\n<p>Embraiagem \uff1a SINOTRUK\u03a6430mm diafragma<\/p>\n<p>embraiagem de mola NOVO<\/p>\n<p>Caixa de velocidades HW19710<\/p>\n<p>Eixo dianteiro: HF9,<\/p>\n<p>Eixo traseiro: HC16,<\/p>\n<p>Pneu: 12R22.5 NOVO 10SETS<\/p>\n<p><b>Novo dep\u00f3sito de combust\u00edvel e uma nova bateria <\/b><\/p>\n<p>Mileage\uff1a25000\u201435000KM<\/p>\n<p>Garantia\uff1a6 Meses<\/p>\n<p>Data de produ\u00e7\u00e3o:2017-2020<\/td>\n<td width=\"298\">&nbsp;<\/p>\n<p><img alt=\"\" fetchpriority=\"high\" decoding=\"async\" class=\"alignnone wp-image-5222 size-full\" src=\"http:\/\/hfoton.com\/wp-content\/uploads\/2025\/10\/WPS\u56fe\u72471-6.png\" width=\"567\" height=\"425\" srcset=\"https:\/\/hfoton.com\/wp-content\/uploads\/2025\/10\/WPS\u56fe\u72471-6.png 567w, https:\/\/hfoton.com\/wp-content\/uploads\/2025\/10\/WPS\u56fe\u72471-6-300x225.png 300w, https:\/\/hfoton.com\/wp-content\/uploads\/2025\/10\/WPS\u56fe\u72471-6-16x12.png 16w\" sizes=\"(max-width: 567px) 100vw, 567px\" \/><\/p>\n<p><img alt=\"\" decoding=\"async\" class=\"alignnone wp-image-5223 size-full\" src=\"http:\/\/hfoton.com\/wp-content\/uploads\/2025\/10\/WPS\u56fe\u72472-2.png\" width=\"578\" height=\"444\" srcset=\"https:\/\/hfoton.com\/wp-content\/uploads\/2025\/10\/WPS\u56fe\u72472-2.png 578w, https:\/\/hfoton.com\/wp-content\/uploads\/2025\/10\/WPS\u56fe\u72472-2-300x230.png 300w, https:\/\/hfoton.com\/wp-content\/uploads\/2025\/10\/WPS\u56fe\u72472-2-16x12.png 16w\" sizes=\"(max-width: 578px) 100vw, 578px\" \/><\/td>\n<\/tr>\n<\/tbody>\n<\/table>\n<p><b>Os nossos requisitos e pol\u00edtica de manuten\u00e7\u00e3o para cami\u00f5es usados renovados s\u00e3o os seguintes:<\/b><\/p>\n<p>1: Todos os cami\u00f5es devem ser do modelo 2017-2020.<\/p>\n<p>2: Tamb\u00e9m deve ser da marca Shacman, FAW ou Howo<\/p>\n<p>3: Motor: atualizar um conjunto de filtros, mudar o \u00f3leo e<\/p>\n<p>verificar o estado de todas as pe\u00e7as do motor<\/p>\n<p>4: Pneu novo, jantes novas. NOVO 12R22.5<\/p>\n<p>5: Mudan\u00e7a para o novo interior da cabina<\/p>\n<p>6: Reparar o ar condicionado<\/p>\n<p>7: Substituir os cal\u00e7os dos trav\u00f5es.<\/p>\n<p>8: Ensaio completo do circuito el\u00e9trico<\/p>\n<p>9: Ensaio de condu\u00e7\u00e3o<\/p>\n<p>10: Manuten\u00e7\u00e3o completa da transmiss\u00e3o<\/p>\n<p>11: Todo o \u00f3leo Mudan\u00e7a para \u00f3leo novo<\/p>\n<p>12: Repintar o cami\u00e3o inteiro<\/p>\n<p>13: Cor da empresa<\/p>\n<p>14: Todos os cami\u00f5es devem ter 10 mudan\u00e7as<\/p>\n<p>15: 371HP<\/p>\n<p>16: Menos de 50000 quil\u00f3metros<\/p>\n<p>17: Condu\u00e7\u00e3o \u00e0 esquerda<\/p>\n<p>18: Enceramento com spray antes da expedi\u00e7\u00e3o<\/p>\n<p>19: Porta-baterias com fecho...<\/p>\n<p><b>DIAGRAMA ESPEC\u00cdFICO<\/b><\/p>\n<table width=\"933\">\n<tbody>\n<tr>\n<td style=\"text-align: center;\" width=\"305\"><img alt=\"\" decoding=\"async\" class=\"alignnone size-full wp-image-5205\" src=\"http:\/\/hfoton.com\/wp-content\/uploads\/2025\/10\/03.png\" width=\"472\" height=\"354\" srcset=\"https:\/\/hfoton.com\/wp-content\/uploads\/2025\/10\/03.png 472w, https:\/\/hfoton.com\/wp-content\/uploads\/2025\/10\/03-300x225.png 300w, https:\/\/hfoton.com\/wp-content\/uploads\/2025\/10\/03-16x12.png 16w\" sizes=\"(max-width: 472px) 100vw, 472px\" \/><br \/>\nnovo interior<\/td>\n<td width=\"304\"><img alt=\"\" loading=\"lazy\" decoding=\"async\" class=\"alignnone size-full wp-image-5206\" src=\"http:\/\/hfoton.com\/wp-content\/uploads\/2025\/10\/4.png\" width=\"472\" height=\"354\" srcset=\"https:\/\/hfoton.com\/wp-content\/uploads\/2025\/10\/4.png 472w, https:\/\/hfoton.com\/wp-content\/uploads\/2025\/10\/4-300x225.png 300w, https:\/\/hfoton.com\/wp-content\/uploads\/2025\/10\/4-16x12.png 16w\" sizes=\"(max-width: 472px) 100vw, 472px\" \/><\/p>\n<p style=\"text-align: center;\">Limpeza e manuten\u00e7\u00e3o do motor<\/p>\n<\/td>\n<td style=\"text-align: center;\" width=\"323\"><img alt=\"\" loading=\"lazy\" decoding=\"async\" class=\"alignnone size-full wp-image-5207\" src=\"http:\/\/hfoton.com\/wp-content\/uploads\/2025\/10\/5.png\" width=\"472\" height=\"354\" srcset=\"https:\/\/hfoton.com\/wp-content\/uploads\/2025\/10\/5.png 472w, https:\/\/hfoton.com\/wp-content\/uploads\/2025\/10\/5-300x225.png 300w, https:\/\/hfoton.com\/wp-content\/uploads\/2025\/10\/5-16x12.png 16w\" sizes=\"(max-width: 472px) 100vw, 472px\" \/><br \/>\nLimpeza e manuten\u00e7\u00e3o dos eixos<\/td>\n<\/tr>\n<tr>\n<td width=\"305\"><img alt=\"\" loading=\"lazy\" decoding=\"async\" class=\"size-full wp-image-5208 aligncenter\" src=\"http:\/\/hfoton.com\/wp-content\/uploads\/2025\/10\/6.png\" width=\"270\" height=\"217\" srcset=\"https:\/\/hfoton.com\/wp-content\/uploads\/2025\/10\/6.png 270w, https:\/\/hfoton.com\/wp-content\/uploads\/2025\/10\/6-15x12.png 15w\" sizes=\"(max-width: 270px) 100vw, 270px\" \/><\/p>\n<p style=\"text-align: center;\">Bateria nova<\/p>\n<\/td>\n<td width=\"304\"><img alt=\"\" loading=\"lazy\" decoding=\"async\" class=\"wp-image-5209 size-medium aligncenter\" src=\"http:\/\/hfoton.com\/wp-content\/uploads\/2025\/10\/7-300x241.png\" width=\"300\" height=\"241\" srcset=\"https:\/\/hfoton.com\/wp-content\/uploads\/2025\/10\/7-300x241.png 300w, https:\/\/hfoton.com\/wp-content\/uploads\/2025\/10\/7-15x12.png 15w, https:\/\/hfoton.com\/wp-content\/uploads\/2025\/10\/7.png 475w\" sizes=\"(max-width: 300px) 100vw, 300px\" \/><\/p>\n<p style=\"text-align: center;\">A nova l\u00e2mpada<\/p>\n<\/td>\n<td width=\"323\"><img alt=\"\" loading=\"lazy\" decoding=\"async\" class=\"size-full wp-image-5210 aligncenter\" src=\"http:\/\/hfoton.com\/wp-content\/uploads\/2025\/10\/8.png\" width=\"193\" height=\"198\" srcset=\"https:\/\/hfoton.com\/wp-content\/uploads\/2025\/10\/8.png 193w, https:\/\/hfoton.com\/wp-content\/uploads\/2025\/10\/8-12x12.png 12w\" sizes=\"(max-width: 193px) 100vw, 193px\" \/><\/p>\n<p style=\"text-align: center;\">Pneu novo<\/p>\n<\/td>\n<\/tr>\n<tr>\n<td style=\"text-align: center;\" width=\"305\"><img alt=\"\" loading=\"lazy\" decoding=\"async\" class=\"size-full wp-image-5211 aligncenter\" src=\"http:\/\/hfoton.com\/wp-content\/uploads\/2025\/10\/9.png\" width=\"234\" height=\"232\" srcset=\"https:\/\/hfoton.com\/wp-content\/uploads\/2025\/10\/9.png 234w, https:\/\/hfoton.com\/wp-content\/uploads\/2025\/10\/9-150x150.png 150w, https:\/\/hfoton.com\/wp-content\/uploads\/2025\/10\/9-12x12.png 12w, https:\/\/hfoton.com\/wp-content\/uploads\/2025\/10\/9-100x100.png 100w\" sizes=\"(max-width: 234px) 100vw, 234px\" \/>O dep\u00f3sito de combust\u00edvel novo<\/td>\n<td width=\"304\"><img alt=\"\" loading=\"lazy\" decoding=\"async\" class=\"aligncenter wp-image-5212 size-medium\" src=\"http:\/\/hfoton.com\/wp-content\/uploads\/2025\/10\/10-300x289.png\" width=\"300\" height=\"289\" srcset=\"https:\/\/hfoton.com\/wp-content\/uploads\/2025\/10\/10-300x289.png 300w, https:\/\/hfoton.com\/wp-content\/uploads\/2025\/10\/10-12x12.png 12w, https:\/\/hfoton.com\/wp-content\/uploads\/2025\/10\/10.png 406w\" sizes=\"(max-width: 300px) 100vw, 300px\" \/><\/p>\n<p style=\"text-align: center;\">Dete\u00e7\u00e3o de transmiss\u00e3o, pode ser substitu\u00eddo por um novo, o aumento de pre\u00e7o de 1300USD<\/p>\n<\/td>\n<td width=\"323\"><img alt=\"\" loading=\"lazy\" decoding=\"async\" class=\"aligncenter wp-image-5213 size-medium\" src=\"http:\/\/hfoton.com\/wp-content\/uploads\/2025\/10\/11-300x209.png\" width=\"300\" height=\"209\" srcset=\"https:\/\/hfoton.com\/wp-content\/uploads\/2025\/10\/11-300x209.png 300w, https:\/\/hfoton.com\/wp-content\/uploads\/2025\/10\/11-18x12.png 18w, https:\/\/hfoton.com\/wp-content\/uploads\/2025\/10\/11.png 453w\" sizes=\"(max-width: 300px) 100vw, 300px\" \/><\/p>\n<p style=\"text-align: center;\">Ensaio do motor Pode ser substitu\u00eddo por um novo, com um aumento de pre\u00e7o de 3000USD<\/p>\n<\/td>\n<\/tr>\n<\/tbody>\n<\/table>\n<p>&nbsp;<\/p>","protected":false},"excerpt":{"rendered":"<p>Marca: SINOTRUK HOWO<br \/>\nEstilo de condu\u00e7\u00e3o: Condu\u00e7\u00e3o \u00e0 esquerda<br \/>\nCapacidade do cami\u00e3o-cisterna\uff08L\uff09 400 NOVO<br \/>\nA massa total 50.000kg<\/p>","protected":false},"featured_media":5220,"template":"","meta":{"_seopress_robots_primary_cat":"none","_seopress_titles_title":"%%post_title%%","_seopress_titles_desc":"%%post_excerpt%%","_seopress_robots_index":"","_uag_custom_page_level_css":"","site-sidebar-layout":"default","site-content-layout":"","ast-site-content-layout":"default","site-content-style":"default","site-sidebar-style":"default","ast-global-header-display":"","ast-banner-title-visibility":"","ast-main-header-display":"","ast-hfb-above-header-display":"","ast-hfb-below-header-display":"","ast-hfb-mobile-header-display":"","site-post-title":"","ast-breadcrumbs-content":"","ast-featured-img":"","footer-sml-layout":"","theme-transparent-header-meta":"default","adv-header-id-meta":"","stick-header-meta":"default","header-above-stick-meta":"","header-main-stick-meta":"","header-below-stick-meta":"","astra-migrate-meta-layouts":"set","ast-page-background-enabled":"default","ast-page-background-meta":{"desktop":{"background-color":"","background-image":"","background-repeat":"repeat","background-position":"center center","background-size":"auto","background-attachment":"scroll","background-type":"","background-media":"","overlay-type":"","overlay-color":"","overlay-opacity":"","overlay-gradient":""},"tablet":{"background-color":"","background-image":"","background-repeat":"repeat","background-position":"center center","background-size":"auto","background-attachment":"scroll","background-type":"","background-media":"","overlay-type":"","overlay-color":"","overlay-opacity":"","overlay-gradient":""},"mobile":{"background-color":"","background-image":"","background-repeat":"repeat","background-position":"center center","background-size":"auto","background-attachment":"scroll","background-type":"","background-media":"","overlay-type":"","overlay-color":"","overlay-opacity":"","overlay-gradient":""}},"ast-content-background-meta":{"desktop":{"background-color":"var(--ast-global-color-5)","background-image":"","background-repeat":"repeat","background-position":"center center","background-size":"auto","background-attachment":"scroll","background-type":"","background-media":"","overlay-type":"","overlay-color":"","overlay-opacity":"","overlay-gradient":""},"tablet":{"background-color":"var(--ast-global-color-5)","background-image":"","background-repeat":"repeat","background-position":"center center","background-size":"auto","background-attachment":"scroll","background-type":"","background-media":"","overlay-type":"","overlay-color":"","overlay-opacity":"","overlay-gradient":""},"mobile":{"background-color":"var(--ast-global-color-5)","background-image":"","background-repeat":"repeat","background-position":"center center","background-size":"auto","background-attachment":"scroll","background-type":"","background-media":"","overlay-type":"","overlay-color":"","overlay-opacity":"","overlay-gradient":""}}},"product_brand":[],"product_cat":[81],"product_tag":[],"class_list":{"0":"post-5219","1":"product","2":"type-product","3":"status-publish","4":"has-post-thumbnail","6":"product_cat-tractor-truck","7":"desktop-align-center","8":"tablet-align-left","9":"mobile-align-left","10":"ast-product-gallery-layout-horizontal-slider","11":"ast-product-tabs-layout-horizontal","13":"first","14":"instock","15":"shipping-taxable","16":"product-type-simple"},"uagb_featured_image_src":{"full":["https:\/\/hfoton.com\/wp-content\/uploads\/2025\/10\/\u672a\u6807\u9898-1-18.jpg",540,360,false],"thumbnail":["https:\/\/hfoton.com\/wp-content\/uploads\/2025\/10\/\u672a\u6807\u9898-1-18-150x150.jpg",150,150,true],"medium":["https:\/\/hfoton.com\/wp-content\/uploads\/2025\/10\/\u672a\u6807\u9898-1-18-300x200.jpg",300,200,true],"medium_large":["https:\/\/hfoton.com\/wp-content\/uploads\/2025\/10\/\u672a\u6807\u9898-1-18.jpg",540,360,false],"large":["https:\/\/hfoton.com\/wp-content\/uploads\/2025\/10\/\u672a\u6807\u9898-1-18.jpg",540,360,false],"1536x1536":["https:\/\/hfoton.com\/wp-content\/uploads\/2025\/10\/\u672a\u6807\u9898-1-18.jpg",540,360,false],"2048x2048":["https:\/\/hfoton.com\/wp-content\/uploads\/2025\/10\/\u672a\u6807\u9898-1-18.jpg",540,360,false],"trp-custom-language-flag":["https:\/\/hfoton.com\/wp-content\/uploads\/2025\/10\/\u672a\u6807\u9898-1-18-18x12.jpg",18,12,true],"woocommerce_thumbnail":["https:\/\/hfoton.com\/wp-content\/uploads\/2025\/10\/\u672a\u6807\u9898-1-18-300x300.jpg",300,300,true],"woocommerce_single":["https:\/\/hfoton.com\/wp-content\/uploads\/2025\/10\/\u672a\u6807\u9898-1-18.jpg",540,360,false],"woocommerce_gallery_thumbnail":["https:\/\/hfoton.com\/wp-content\/uploads\/2025\/10\/\u672a\u6807\u9898-1-18-100x100.jpg",100,100,true]},"uagb_author_info":{"display_name":"jinxing6611@gmail.com","author_link":"https:\/\/hfoton.com\/pt\/author\/"},"uagb_comment_info":0,"uagb_excerpt":"Brand: SINOTRUK HOWO Driving Style: Left Hand Driving Fuel tanker capacity\uff08L\uff09 400\u00a0NEW The Total Mass 50,000kg","_links":{"self":[{"href":"https:\/\/hfoton.com\/pt\/wp-json\/wp\/v2\/product\/5219","targetHints":{"allow":["GET"]}}],"collection":[{"href":"https:\/\/hfoton.com\/pt\/wp-json\/wp\/v2\/product"}],"about":[{"href":"https:\/\/hfoton.com\/pt\/wp-json\/wp\/v2\/types\/product"}],"wp:featuredmedia":[{"embeddable":true,"href":"https:\/\/hfoton.com\/pt\/wp-json\/wp\/v2\/media\/5220"}],"wp:attachment":[{"href":"https:\/\/hfoton.com\/pt\/wp-json\/wp\/v2\/media?parent=5219"}],"wp:term":[{"taxonomy":"product_brand","embeddable":true,"href":"https:\/\/hfoton.com\/pt\/wp-json\/wp\/v2\/product_brand?post=5219"},{"taxonomy":"product_cat","embeddable":true,"href":"https:\/\/hfoton.com\/pt\/wp-json\/wp\/v2\/product_cat?post=5219"},{"taxonomy":"product_tag","embeddable":true,"href":"https:\/\/hfoton.com\/pt\/wp-json\/wp\/v2\/product_tag?post=5219"}],"curies":[{"name":"wp","href":"https:\/\/api.w.org\/{rel}","templated":true}]}}