{"id":5196,"date":"2025-10-30T06:59:04","date_gmt":"2025-10-30T06:59:04","guid":{"rendered":"http:\/\/hfoton.com\/?post_type=product&#038;p=5196"},"modified":"2025-10-30T07:04:52","modified_gmt":"2025-10-30T07:04:52","slug":"howo-6x4-front-lift-dump-truck-371hp","status":"publish","type":"product","link":"https:\/\/hfoton.com\/pt\/product\/howo-6x4-front-lift-dump-truck-371hp\/","title":{"rendered":"Caminh\u00e3o basculante HOWO 6\u00d74 com eleva\u00e7\u00e3o frontal 371HP"},"content":{"rendered":"<h3 style=\"text-align: center;\">ESPECIFICA\u00c7\u00c3O<\/h3>\n<figure id=\"attachment_5198\" aria-describedby=\"caption-attachment-5198\" style=\"width: 899px\" class=\"wp-caption aligncenter\"><img fetchpriority=\"high\" decoding=\"async\" class=\"size-full wp-image-5198\" src=\"http:\/\/hfoton.com\/wp-content\/uploads\/2025\/10\/WPS\u56fe\u72471-2.png\" alt=\"HOWO 6x4 Front Lift DUMP TRUCK 371HP\" width=\"899\" height=\"896\" srcset=\"https:\/\/hfoton.com\/wp-content\/uploads\/2025\/10\/WPS\u56fe\u72471-2.png 899w, https:\/\/hfoton.com\/wp-content\/uploads\/2025\/10\/WPS\u56fe\u72471-2-300x300.png 300w, https:\/\/hfoton.com\/wp-content\/uploads\/2025\/10\/WPS\u56fe\u72471-2-150x150.png 150w, https:\/\/hfoton.com\/wp-content\/uploads\/2025\/10\/WPS\u56fe\u72471-2-768x765.png 768w, https:\/\/hfoton.com\/wp-content\/uploads\/2025\/10\/WPS\u56fe\u72471-2-12x12.png 12w, https:\/\/hfoton.com\/wp-content\/uploads\/2025\/10\/WPS\u56fe\u72471-2-600x598.png 600w, https:\/\/hfoton.com\/wp-content\/uploads\/2025\/10\/WPS\u56fe\u72471-2-100x100.png 100w\" sizes=\"(max-width: 899px) 100vw, 899px\" \/><figcaption id=\"caption-attachment-5198\" class=\"wp-caption-text\">Caminh\u00e3o basculante HOWO 6\u00d74 com eleva\u00e7\u00e3o frontal 371HP<\/figcaption><\/figure>\n<table>\n<tbody>\n<tr>\n<td width=\"264\"><strong><b>ESPECIFICA\u00c7\u00c3O DO VE\u00cdCULO<\/b><\/strong><\/td>\n<td width=\"433\"><strong><b>DESCRI\u00c7\u00c3O<\/b><\/strong><\/td>\n<\/tr>\n<tr>\n<td width=\"264\">Modelo de cami\u00e3o<\/td>\n<td width=\"433\">ZZ3257S3647W<\/td>\n<\/tr>\n<tr>\n<td width=\"264\">Marca de cami\u00e3o<\/td>\n<td width=\"433\">SINOTRUK-HOWO<\/td>\n<\/tr>\n<tr>\n<td width=\"264\">Posi\u00e7\u00e3o de condu\u00e7\u00e3o<\/td>\n<td width=\"433\"><strong><b>Esquerda<\/b><\/strong><strong><b>\u00a0<\/b><\/strong><strong><b>m\u00e3o<\/b><\/strong><strong><b>\u00a0<\/b><\/strong><strong><b>Condu\u00e7\u00e3o<\/b><\/strong><\/td>\n<\/tr>\n<tr>\n<td width=\"264\">Capacidade do dep\u00f3sito de combust\u00edvel\uff08L\uff09<\/td>\n<td width=\"433\">300<\/td>\n<\/tr>\n<tr>\n<td width=\"264\">A massa total<\/td>\n<td width=\"433\">35.000 kg<\/td>\n<\/tr>\n<tr>\n<td width=\"264\">Caixa de carga<\/td>\n<td width=\"433\">5600x2300x 1500 mm<\/td>\n<\/tr>\n<tr>\n<td width=\"264\">Espessura da caixa<\/td>\n<td width=\"433\">Bota 8mm lado 6mm<\/td>\n<\/tr>\n<tr>\n<td width=\"264\">Peso morto<\/td>\n<td width=\"433\">12300kg<\/td>\n<\/tr>\n<tr>\n<td width=\"264\">Macaco hidr\u00e1ulico<\/td>\n<td width=\"433\">Levantamento frontal<\/td>\n<\/tr>\n<tr>\n<td width=\"264\">Velocidade m\u00e1xima\uff08km\/h\uff09(km\/h)<\/td>\n<td width=\"433\">102<\/td>\n<\/tr>\n<tr>\n<td width=\"264\">Cor<\/td>\n<td width=\"433\">Opcional<\/td>\n<\/tr>\n<tr>\n<td colspan=\"2\" width=\"697\"><strong><b>Chassis e adicionar componente<\/b><\/strong><strong><b>ents<\/b><\/strong><\/td>\n<\/tr>\n<tr>\n<td width=\"264\">&nbsp;<\/p>\n<p>Detalhes da moldura<\/td>\n<td width=\"433\">Estrutura da escada de perfil em U de alta resist\u00eancia com sec\u00e7\u00e3o de 300*90*8mm e estrutura refor\u00e7ada, todos os membros transversais rebitados a frio.<\/td>\n<\/tr>\n<\/tbody>\n<\/table>\n<table>\n<tbody>\n<tr>\n<td width=\"264\">&nbsp;<\/p>\n<p>Dimens\u00e3o (Cx L x A)\uff08mm\uff09<\/td>\n<td width=\"433\">&nbsp;<\/p>\n<p>8685x2496x3850<\/td>\n<\/tr>\n<tr>\n<td width=\"264\">Consola (\u00e0 frente\/atr\u00e1s) (mm)<\/td>\n<td width=\"433\">1500\/725<\/td>\n<\/tr>\n<tr>\n<td width=\"264\">Base da roda (mm)<\/td>\n<td width=\"433\">3625+\u00a01350<\/td>\n<\/tr>\n<tr>\n<td colspan=\"2\" width=\"697\"><strong><b>Motor<\/b><\/strong><\/td>\n<\/tr>\n<tr>\n<td width=\"264\">Modelo<\/td>\n<td width=\"433\">WD615.47<\/td>\n<\/tr>\n<tr>\n<td width=\"264\">Pot\u00eancia<\/td>\n<td width=\"433\"><strong><b>371<\/b><\/strong><strong><b>hp<\/b><\/strong><strong><b>\/273<\/b><\/strong><strong><b>kw<\/b><\/strong><strong><b>.2000r\/<\/b><\/strong><strong><b>min<\/b><\/strong><\/td>\n<\/tr>\n<tr>\n<td width=\"264\">Emiss\u00e3o<\/td>\n<td width=\"433\">EURO II<\/td>\n<\/tr>\n<tr>\n<td width=\"264\">Deslocamento (L)<\/td>\n<td width=\"433\">9.896<\/td>\n<\/tr>\n<tr>\n<td width=\"264\">Tipo<\/td>\n<td width=\"433\">arrefecido a \u00e1gua, quatro tempos, 6 cilindros em linha, turboalimentado, inje\u00e7\u00e3o direta<\/td>\n<\/tr>\n<tr>\n<td width=\"264\">Tipo de combust\u00edvel<\/td>\n<td width=\"433\">Gas\u00f3leo<\/td>\n<\/tr>\n<tr>\n<td width=\"264\">Consumo de combust\u00edvel (L\/100km)<\/td>\n<td width=\"433\">25L\/100km<\/td>\n<\/tr>\n<tr>\n<td colspan=\"2\" width=\"697\"><strong><b>Embraiagem &amp;<\/b><\/strong><strong><b>\u00a0<\/b><\/strong><strong><b>Engrenagem<\/b><\/strong><strong><b>\u00a0<\/b><\/strong><strong><b>Caixa<\/b><\/strong><strong><b>\u00a0<\/b><\/strong><strong><b>Sistema<\/b><\/strong><\/td>\n<\/tr>\n<tr>\n<td width=\"264\">Embraiagem<\/td>\n<td width=\"433\">Embraiagem de mola de diafragma SINOTRUK\u03a6430mm<\/td>\n<\/tr>\n<tr>\n<td width=\"264\">Caixa de velocidades<\/td>\n<td width=\"433\">HW19710<\/td>\n<\/tr>\n<tr>\n<td colspan=\"2\" width=\"697\"><strong><b>Eixos<\/b><\/strong><\/td>\n<\/tr>\n<tr>\n<td width=\"264\">Modelo do eixo dianteiro<\/td>\n<td width=\"433\">Eixo VGD95. Capacidade: 9000kg<\/td>\n<\/tr>\n<tr>\n<td width=\"264\">Eixo traseiro<\/td>\n<td width=\"433\">Eixo HC16. Capacidade:2X 16000kg<\/td>\n<\/tr>\n<tr>\n<td width=\"264\">Rela\u00e7\u00e3o do eixo traseiro<\/td>\n<td width=\"433\">4.8<\/td>\n<\/tr>\n<tr>\n<td colspan=\"2\" width=\"697\"><strong><b>Sistema el\u00e9trico<\/b><\/strong><\/td>\n<\/tr>\n<tr>\n<td width=\"264\">Bateria<\/td>\n<td width=\"433\">2X 12V\/165A h<\/td>\n<\/tr>\n<tr>\n<td width=\"264\">Alternador<\/td>\n<td width=\"433\">28V-1500kw<\/td>\n<\/tr>\n<tr>\n<td width=\"264\">Arranque<\/td>\n<td width=\"433\">7,5Kw\/24V<\/td>\n<\/tr>\n<tr>\n<td colspan=\"2\" width=\"697\"><strong><b>Sistema de trav\u00f5es<\/b><\/strong><\/td>\n<\/tr>\n<tr>\n<td width=\"264\">Trav\u00e3o de servi\u00e7o<\/td>\n<td width=\"433\">Trav\u00e3o de ar comprimido de circuito duplo<\/td>\n<\/tr>\n<tr>\n<td width=\"264\">Trav\u00e3o de estacionamento<\/td>\n<td width=\"433\">energia da mola, ar comprimido a funcionar nas rodas traseiras<\/td>\n<\/tr>\n<tr>\n<td width=\"264\">Trav\u00e3o auxiliar<\/td>\n<td width=\"433\">Trav\u00e3o de escape do motor<\/td>\n<\/tr>\n<tr>\n<td colspan=\"2\" width=\"697\"><strong><b>Sistema de dire\u00e7\u00e3o<\/b><\/strong><\/td>\n<\/tr>\n<tr>\n<td width=\"264\">Modelo<\/td>\n<td width=\"433\">ZF8118<\/td>\n<\/tr>\n<tr>\n<td width=\"264\">Tipo<\/td>\n<td width=\"433\">dire\u00e7\u00e3o hidr\u00e1ulica com assist\u00eancia el\u00e9ctrica<\/td>\n<\/tr>\n<tr>\n<td colspan=\"2\" width=\"697\"><strong><b>Rodas e<\/b><\/strong><strong><b>\u00a0<\/b><\/strong><strong><b>Pneus<\/b><\/strong><\/td>\n<\/tr>\n<tr>\n<td width=\"264\">Tipo<\/td>\n<td width=\"433\">1200R20<\/td>\n<\/tr>\n<tr>\n<td width=\"264\">Material<\/td>\n<td width=\"433\">Pneus de a\u00e7o<\/td>\n<\/tr>\n<tr>\n<td width=\"264\">Quantidade<\/td>\n<td width=\"433\">10+1 de reserva<\/td>\n<\/tr>\n<tr>\n<td width=\"264\">Pino Kin<\/td>\n<td width=\"433\">50mm ou 90mm<\/td>\n<\/tr>\n<tr>\n<td colspan=\"2\" width=\"697\"><strong><b>Cabine<\/b><\/strong><\/td>\n<\/tr>\n<tr>\n<td width=\"264\">Tipo<\/td>\n<td width=\"433\">HW76 Cabina standard<\/td>\n<\/tr>\n<tr>\n<td colspan=\"2\" width=\"697\">Cama individual com ar condicionado, comando avan\u00e7ado totalmente em a\u00e7o, inclin\u00e1vel hidraulicamente 55\u00ba para a frente, sistema de limpa para-brisas de 2 bra\u00e7os com tr\u00eas velocidades, para-brisas laminado com antena de r\u00e1dio embutida, banco do condutor ajust\u00e1vel com amortecimento hidr\u00e1ulico e banco do acompanhante ajust\u00e1vel r\u00edgido, com sistema de aquecimento e ventila\u00e7\u00e3o, pala de sol exterior, pala de tejadilho ajust\u00e1vel, com r\u00e1dio\/gravador de cassetes est\u00e9reo, cintos de seguran\u00e7a e volante ajust\u00e1vel, buzina de ar, com suspens\u00e3o flutuante de 4 pontos e amortecedores<\/td>\n<\/tr>\n<\/tbody>\n<\/table>","protected":false},"excerpt":{"rendered":"<p>Cama individual com ar condicionado, comando avan\u00e7ado totalmente em a\u00e7o, inclin\u00e1vel hidraulicamente 55\u00ba para a frente, sistema de limpa para-brisas de 2 bra\u00e7os com tr\u00eas velocidades, para-brisas laminado com antena de r\u00e1dio embutida, banco do condutor ajust\u00e1vel com amortecimento hidr\u00e1ulico e banco do acompanhante ajust\u00e1vel r\u00edgido, com sistema de aquecimento e ventila\u00e7\u00e3o, pala de sol exterior, pala de tejadilho ajust\u00e1vel, com r\u00e1dio\/gravador de cassetes est\u00e9reo, cintos de seguran\u00e7a e volante ajust\u00e1vel, buzina de ar, com suspens\u00e3o flutuante de 4 pontos e amortecedores<\/p>","protected":false},"featured_media":5197,"template":"","meta":{"_seopress_robots_primary_cat":"none","_seopress_titles_title":"%%post_title%%","_seopress_titles_desc":"%%post_excerpt%%","_seopress_robots_index":"","_uag_custom_page_level_css":"","site-sidebar-layout":"default","site-content-layout":"","ast-site-content-layout":"default","site-content-style":"default","site-sidebar-style":"default","ast-global-header-display":"","ast-banner-title-visibility":"","ast-main-header-display":"","ast-hfb-above-header-display":"","ast-hfb-below-header-display":"","ast-hfb-mobile-header-display":"","site-post-title":"","ast-breadcrumbs-content":"","ast-featured-img":"","footer-sml-layout":"","theme-transparent-header-meta":"default","adv-header-id-meta":"","stick-header-meta":"default","header-above-stick-meta":"","header-main-stick-meta":"","header-below-stick-meta":"","astra-migrate-meta-layouts":"set","ast-page-background-enabled":"default","ast-page-background-meta":{"desktop":{"background-color":"","background-image":"","background-repeat":"repeat","background-position":"center center","background-size":"auto","background-attachment":"scroll","background-type":"","background-media":"","overlay-type":"","overlay-color":"","overlay-opacity":"","overlay-gradient":""},"tablet":{"background-color":"","background-image":"","background-repeat":"repeat","background-position":"center center","background-size":"auto","background-attachment":"scroll","background-type":"","background-media":"","overlay-type":"","overlay-color":"","overlay-opacity":"","overlay-gradient":""},"mobile":{"background-color":"","background-image":"","background-repeat":"repeat","background-position":"center center","background-size":"auto","background-attachment":"scroll","background-type":"","background-media":"","overlay-type":"","overlay-color":"","overlay-opacity":"","overlay-gradient":""}},"ast-content-background-meta":{"desktop":{"background-color":"var(--ast-global-color-5)","background-image":"","background-repeat":"repeat","background-position":"center center","background-size":"auto","background-attachment":"scroll","background-type":"","background-media":"","overlay-type":"","overlay-color":"","overlay-opacity":"","overlay-gradient":""},"tablet":{"background-color":"var(--ast-global-color-5)","background-image":"","background-repeat":"repeat","background-position":"center center","background-size":"auto","background-attachment":"scroll","background-type":"","background-media":"","overlay-type":"","overlay-color":"","overlay-opacity":"","overlay-gradient":""},"mobile":{"background-color":"var(--ast-global-color-5)","background-image":"","background-repeat":"repeat","background-position":"center center","background-size":"auto","background-attachment":"scroll","background-type":"","background-media":"","overlay-type":"","overlay-color":"","overlay-opacity":"","overlay-gradient":""}}},"product_brand":[],"product_cat":[85],"product_tag":[],"class_list":{"0":"post-5196","1":"product","2":"type-product","3":"status-publish","4":"has-post-thumbnail","6":"product_cat-dump-truck","7":"desktop-align-center","8":"tablet-align-left","9":"mobile-align-left","10":"ast-product-gallery-layout-horizontal-slider","11":"ast-product-tabs-layout-horizontal","13":"first","14":"instock","15":"shipping-taxable","16":"product-type-simple"},"uagb_featured_image_src":{"full":["https:\/\/hfoton.com\/wp-content\/uploads\/2025\/10\/\u672a\u6807\u9898-1-15.jpg",540,360,false],"thumbnail":["https:\/\/hfoton.com\/wp-content\/uploads\/2025\/10\/\u672a\u6807\u9898-1-15-150x150.jpg",150,150,true],"medium":["https:\/\/hfoton.com\/wp-content\/uploads\/2025\/10\/\u672a\u6807\u9898-1-15-300x200.jpg",300,200,true],"medium_large":["https:\/\/hfoton.com\/wp-content\/uploads\/2025\/10\/\u672a\u6807\u9898-1-15.jpg",540,360,false],"large":["https:\/\/hfoton.com\/wp-content\/uploads\/2025\/10\/\u672a\u6807\u9898-1-15.jpg",540,360,false],"1536x1536":["https:\/\/hfoton.com\/wp-content\/uploads\/2025\/10\/\u672a\u6807\u9898-1-15.jpg",540,360,false],"2048x2048":["https:\/\/hfoton.com\/wp-content\/uploads\/2025\/10\/\u672a\u6807\u9898-1-15.jpg",540,360,false],"trp-custom-language-flag":["https:\/\/hfoton.com\/wp-content\/uploads\/2025\/10\/\u672a\u6807\u9898-1-15-18x12.jpg",18,12,true],"woocommerce_thumbnail":["https:\/\/hfoton.com\/wp-content\/uploads\/2025\/10\/\u672a\u6807\u9898-1-15-300x300.jpg",300,300,true],"woocommerce_single":["https:\/\/hfoton.com\/wp-content\/uploads\/2025\/10\/\u672a\u6807\u9898-1-15.jpg",540,360,false],"woocommerce_gallery_thumbnail":["https:\/\/hfoton.com\/wp-content\/uploads\/2025\/10\/\u672a\u6807\u9898-1-15-100x100.jpg",100,100,true]},"uagb_author_info":{"display_name":"jinxing6611@gmail.com","author_link":"https:\/\/hfoton.com\/pt\/author\/"},"uagb_comment_info":0,"uagb_excerpt":"single sleeper with air conditioner, all-steel forward control,55\u00bahydraulically tiltable to the front,2-arm windscreen wiper system with three speeds, laminated windscreen with casted-in radio aerial,hydraulically damped adjustable driver\u2019s seat and rigid adjustable co-driver\u2019s seat, with heating\u00a0and ventilating system, outer sun visor, adjustable roof flap, with stereo radio\/cassette recorder,\u00a0safety belts and adjustable steering wheel, air horn, with&hellip;","_links":{"self":[{"href":"https:\/\/hfoton.com\/pt\/wp-json\/wp\/v2\/product\/5196","targetHints":{"allow":["GET"]}}],"collection":[{"href":"https:\/\/hfoton.com\/pt\/wp-json\/wp\/v2\/product"}],"about":[{"href":"https:\/\/hfoton.com\/pt\/wp-json\/wp\/v2\/types\/product"}],"wp:featuredmedia":[{"embeddable":true,"href":"https:\/\/hfoton.com\/pt\/wp-json\/wp\/v2\/media\/5197"}],"wp:attachment":[{"href":"https:\/\/hfoton.com\/pt\/wp-json\/wp\/v2\/media?parent=5196"}],"wp:term":[{"taxonomy":"product_brand","embeddable":true,"href":"https:\/\/hfoton.com\/pt\/wp-json\/wp\/v2\/product_brand?post=5196"},{"taxonomy":"product_cat","embeddable":true,"href":"https:\/\/hfoton.com\/pt\/wp-json\/wp\/v2\/product_cat?post=5196"},{"taxonomy":"product_tag","embeddable":true,"href":"https:\/\/hfoton.com\/pt\/wp-json\/wp\/v2\/product_tag?post=5196"}],"curies":[{"name":"wp","href":"https:\/\/api.w.org\/{rel}","templated":true}]}}