{"id":5191,"date":"2025-10-30T03:53:18","date_gmt":"2025-10-30T03:53:18","guid":{"rendered":"http:\/\/hfoton.com\/?post_type=product&#038;p=5191"},"modified":"2025-10-30T03:58:26","modified_gmt":"2025-10-30T03:58:26","slug":"howot7h-6x4-tractor-430hp","status":"publish","type":"product","link":"https:\/\/hfoton.com\/pt\/product\/howot7h-6x4-tractor-430hp\/","title":{"rendered":"HOWOT7H TRACTOR 6\u00d74 430HP"},"content":{"rendered":"<h3 style=\"text-align: center;\">ESPECIFICA\u00c7\u00c3O<\/h3>\n<p><img alt=\"HOWOT7H 6x4 TRACTOR 430HP\" fetchpriority=\"high\" decoding=\"async\" class=\"size-full wp-image-5192 aligncenter\" src=\"http:\/\/hfoton.com\/wp-content\/uploads\/2025\/10\/\u672a\u6807\u9898-1-13.jpg\" width=\"540\" height=\"360\" srcset=\"https:\/\/hfoton.com\/wp-content\/uploads\/2025\/10\/\u672a\u6807\u9898-1-13.jpg 540w, https:\/\/hfoton.com\/wp-content\/uploads\/2025\/10\/\u672a\u6807\u9898-1-13-300x200.jpg 300w, https:\/\/hfoton.com\/wp-content\/uploads\/2025\/10\/\u672a\u6807\u9898-1-13-18x12.jpg 18w\" sizes=\"(max-width: 540px) 100vw, 540px\" \/><\/p>\n<p style=\"text-align: center;\">HOWOT7H TRACTOR 6\u00d74 430HP<\/p>\n<table>\n<tbody>\n<tr>\n<td width=\"264\">ESPECIFICA\u00c7\u00c3O DO VE\u00cdCULO<\/td>\n<td width=\"425\">DESCRI\u00c7\u00c3O<\/td>\n<\/tr>\n<tr>\n<td width=\"264\">Modelo de cami\u00e3o<\/td>\n<td width=\"425\">ZZ4257V324<\/td>\n<\/tr>\n<tr>\n<td width=\"264\">Tipo de ve\u00edculo<\/td>\n<td width=\"425\">CAMI\u00c3O TRATOR<\/td>\n<\/tr>\n<tr>\n<td width=\"264\">Marca de cami\u00e3o<\/td>\n<td width=\"425\">SINOTRUK-HOWOT7H<\/td>\n<\/tr>\n<tr>\n<td width=\"264\">Posi\u00e7\u00e3o de condu\u00e7\u00e3o<\/td>\n<td width=\"425\">Condu\u00e7\u00e3o \u00e0 esquerda<\/td>\n<\/tr>\n<tr>\n<td width=\"264\">Capacidade do dep\u00f3sito de combust\u00edvel\uff08L\uff09<\/td>\n<td width=\"425\">400<\/td>\n<\/tr>\n<tr>\n<td width=\"264\">A massa total<\/td>\n<td width=\"425\">50.000 kg<\/td>\n<\/tr>\n<tr>\n<td width=\"264\">Peso morto<\/td>\n<td width=\"425\">8800<\/td>\n<\/tr>\n<tr>\n<td width=\"264\">Velocidade m\u00e1xima\uff08km\/h\uff09(km\/h)<\/td>\n<td width=\"425\">102<\/td>\n<\/tr>\n<tr>\n<td width=\"264\">Cor<\/td>\n<td width=\"425\">Opcional<\/td>\n<\/tr>\n<tr>\n<td colspan=\"2\" width=\"689\">Chassis e adicionar componentes<\/td>\n<\/tr>\n<tr>\n<td width=\"264\">&nbsp;<\/p>\n<p>Detalhes da moldura<\/td>\n<td width=\"425\">Estrutura da escada de perfil em U de alta resist\u00eancia com sec\u00e7\u00e3o de 300*90*8mm e estrutura refor\u00e7ada, todos os membros transversais rebitados a frio.<\/td>\n<\/tr>\n<tr>\n<td width=\"264\">Dimens\u00e3o (Cx L x A)\uff08mm\uff09<\/td>\n<td width=\"425\">6985x2496x3450<\/td>\n<\/tr>\n<tr>\n<td width=\"264\">\u00c2ngulo de aproxima\u00e7\u00e3o\/\u00e2ngulo de sa\u00edda (\u00b0)<\/td>\n<td width=\"425\">16\/70<\/td>\n<\/tr>\n<tr>\n<td width=\"264\">Consola (\u00e0 frente\/atr\u00e1s) (mm)<\/td>\n<td width=\"425\">1500\/725<\/td>\n<\/tr>\n<tr>\n<td width=\"264\">Base da roda (mm)<\/td>\n<td width=\"425\">3225+\u00a01350<\/td>\n<\/tr>\n<tr>\n<td colspan=\"2\" width=\"689\">Motor<\/td>\n<\/tr>\n<tr>\n<td width=\"264\">Modelo<\/td>\n<td width=\"425\">WP12.430E201<\/td>\n<\/tr>\n<tr>\n<td width=\"264\">Pot\u00eancia<\/td>\n<td width=\"425\">430hp\/318kw.2000r\/min<\/td>\n<\/tr>\n<\/tbody>\n<\/table>\n<table>\n<tbody>\n<tr>\n<td width=\"264\">Emiss\u00e3o<\/td>\n<td width=\"425\">EURO II<\/td>\n<\/tr>\n<tr>\n<td width=\"264\">Deslocamento (L)<\/td>\n<td width=\"425\">11.896<\/td>\n<\/tr>\n<tr>\n<td width=\"264\">Tipo<\/td>\n<td width=\"425\">arrefecido a \u00e1gua, quatro tempos, 6 cilindros em linha, turboalimentado, inje\u00e7\u00e3o direta<\/td>\n<\/tr>\n<tr>\n<td width=\"264\">Tipo de combust\u00edvel<\/td>\n<td width=\"425\">Gas\u00f3leo<\/td>\n<\/tr>\n<tr>\n<td width=\"264\">Consumo de combust\u00edvel (L\/100km)<\/td>\n<td width=\"425\">25L\/100km<\/td>\n<\/tr>\n<tr>\n<td colspan=\"2\" width=\"689\">Sistema de embraiagem e caixa de velocidades<\/td>\n<\/tr>\n<tr>\n<td width=\"264\">Embraiagem<\/td>\n<td width=\"425\">Embraiagem de mola de diafragma SINOTRUK\u03a6430mm<\/td>\n<\/tr>\n<tr>\n<td width=\"264\">Caixa de velocidades<\/td>\n<td width=\"425\">HW19710<\/td>\n<\/tr>\n<tr>\n<td colspan=\"2\" width=\"689\">Eixos<\/td>\n<\/tr>\n<tr>\n<td width=\"264\">Modelo do eixo dianteiro<\/td>\n<td width=\"425\">Eixo VGD95. Capacidade: 9000kg<\/td>\n<\/tr>\n<tr>\n<td width=\"264\">Eixo traseiro<\/td>\n<td width=\"425\">Eixo HC16. Capacidade:2X 16000kg<\/td>\n<\/tr>\n<tr>\n<td width=\"264\">Rela\u00e7\u00e3o do eixo traseiro<\/td>\n<td width=\"425\">4.8<\/td>\n<\/tr>\n<tr>\n<td colspan=\"2\" width=\"689\">Sistema el\u00e9trico<\/td>\n<\/tr>\n<tr>\n<td width=\"264\">Bateria<\/td>\n<td width=\"425\">2X 12V\/165A h<\/td>\n<\/tr>\n<tr>\n<td width=\"264\">Alternador<\/td>\n<td width=\"425\">28V-1500kw<\/td>\n<\/tr>\n<tr>\n<td width=\"264\">Arranque<\/td>\n<td width=\"425\">7,5Kw\/24V<\/td>\n<\/tr>\n<tr>\n<td colspan=\"2\" width=\"689\">Sistema de trav\u00f5es<\/td>\n<\/tr>\n<tr>\n<td width=\"264\">Trav\u00e3o de servi\u00e7o<\/td>\n<td width=\"425\">Trav\u00e3o de ar comprimido de circuito duplo<\/td>\n<\/tr>\n<tr>\n<td width=\"264\">Trav\u00e3o de estacionamento<\/td>\n<td width=\"425\">energia da mola, ar comprimido a funcionar nas rodas traseiras<\/td>\n<\/tr>\n<tr>\n<td width=\"264\">Trav\u00e3o auxiliar<\/td>\n<td width=\"425\">Trav\u00e3o de escape do motor<\/td>\n<\/tr>\n<tr>\n<td colspan=\"2\" width=\"689\">Sistema de dire\u00e7\u00e3o<\/td>\n<\/tr>\n<tr>\n<td width=\"264\">Modelo<\/td>\n<td width=\"425\">ZF8118<\/td>\n<\/tr>\n<tr>\n<td width=\"264\">Tipo<\/td>\n<td width=\"425\">dire\u00e7\u00e3o hidr\u00e1ulica com assist\u00eancia assistida<\/td>\n<\/tr>\n<tr>\n<td colspan=\"2\" width=\"689\">Rodas e pneus<\/td>\n<\/tr>\n<tr>\n<td width=\"264\">Tipo<\/td>\n<td width=\"425\">1200R20<\/td>\n<\/tr>\n<tr>\n<td width=\"264\">Material<\/td>\n<td width=\"425\">Pneus de a\u00e7o<\/td>\n<\/tr>\n<tr>\n<td width=\"264\">Quantidade<\/td>\n<td width=\"425\">10+1 de reserva<\/td>\n<\/tr>\n<tr>\n<td width=\"264\">Pino Kin<\/td>\n<td width=\"425\">50mm ou 90mm<\/td>\n<\/tr>\n<tr>\n<td colspan=\"2\" width=\"689\">Cabine<\/td>\n<\/tr>\n<tr>\n<td width=\"264\">Tipo<\/td>\n<td width=\"425\">T7H-W Cabina standard<\/td>\n<\/tr>\n<tr>\n<td colspan=\"2\" width=\"689\">Cama individual com ar condicionado, comando avan\u00e7ado totalmente em a\u00e7o, 55\u00ba de inclina\u00e7\u00e3o hidr\u00e1ulica para a frente, sistema de limpa para-brisas de 2 bra\u00e7os com tr\u00eas velocidades, para-brisas laminado com antena de r\u00e1dio fundida, banco do condutor ajust\u00e1vel com amortecimento hidr\u00e1ulico e banco do acompanhante ajust\u00e1vel r\u00edgido, com sistema de aquecimento e ventila\u00e7\u00e3o, pala de sol exterior, pala de tejadilho ajust\u00e1vel, com r\u00e1dio\/gravador de cassetes est\u00e9reo, cintos de seguran\u00e7a e volante ajust\u00e1vel, buzina de ar, com suspens\u00e3o flutuante de 4 pontos e amortecedores<\/td>\n<\/tr>\n<\/tbody>\n<\/table>","protected":false},"excerpt":{"rendered":"<p>Cama individual com ar condicionado, comando avan\u00e7ado totalmente em a\u00e7o, 55\u00ba de inclina\u00e7\u00e3o hidr\u00e1ulica para a frente, sistema de limpa para-brisas de 2 bra\u00e7os com tr\u00eas velocidades, para-brisas laminado com antena de r\u00e1dio fundida, banco do condutor ajust\u00e1vel com amortecimento hidr\u00e1ulico e banco do acompanhante ajust\u00e1vel r\u00edgido, com sistema de aquecimento e ventila\u00e7\u00e3o, pala de sol exterior, pala de tejadilho ajust\u00e1vel, com r\u00e1dio\/gravador de cassetes est\u00e9reo, cintos de seguran\u00e7a e volante ajust\u00e1vel, buzina de ar, com suspens\u00e3o flutuante de 4 pontos e amortecedores<\/p>","protected":false},"featured_media":5192,"template":"","meta":{"_seopress_robots_primary_cat":"none","_seopress_titles_title":"%%post_title%%","_seopress_titles_desc":"%%post_excerpt%%","_seopress_robots_index":"","_uag_custom_page_level_css":"","site-sidebar-layout":"default","site-content-layout":"","ast-site-content-layout":"default","site-content-style":"default","site-sidebar-style":"default","ast-global-header-display":"","ast-banner-title-visibility":"","ast-main-header-display":"","ast-hfb-above-header-display":"","ast-hfb-below-header-display":"","ast-hfb-mobile-header-display":"","site-post-title":"","ast-breadcrumbs-content":"","ast-featured-img":"","footer-sml-layout":"","theme-transparent-header-meta":"default","adv-header-id-meta":"","stick-header-meta":"default","header-above-stick-meta":"","header-main-stick-meta":"","header-below-stick-meta":"","astra-migrate-meta-layouts":"set","ast-page-background-enabled":"default","ast-page-background-meta":{"desktop":{"background-color":"","background-image":"","background-repeat":"repeat","background-position":"center center","background-size":"auto","background-attachment":"scroll","background-type":"","background-media":"","overlay-type":"","overlay-color":"","overlay-opacity":"","overlay-gradient":""},"tablet":{"background-color":"","background-image":"","background-repeat":"repeat","background-position":"center center","background-size":"auto","background-attachment":"scroll","background-type":"","background-media":"","overlay-type":"","overlay-color":"","overlay-opacity":"","overlay-gradient":""},"mobile":{"background-color":"","background-image":"","background-repeat":"repeat","background-position":"center center","background-size":"auto","background-attachment":"scroll","background-type":"","background-media":"","overlay-type":"","overlay-color":"","overlay-opacity":"","overlay-gradient":""}},"ast-content-background-meta":{"desktop":{"background-color":"var(--ast-global-color-5)","background-image":"","background-repeat":"repeat","background-position":"center center","background-size":"auto","background-attachment":"scroll","background-type":"","background-media":"","overlay-type":"","overlay-color":"","overlay-opacity":"","overlay-gradient":""},"tablet":{"background-color":"var(--ast-global-color-5)","background-image":"","background-repeat":"repeat","background-position":"center center","background-size":"auto","background-attachment":"scroll","background-type":"","background-media":"","overlay-type":"","overlay-color":"","overlay-opacity":"","overlay-gradient":""},"mobile":{"background-color":"var(--ast-global-color-5)","background-image":"","background-repeat":"repeat","background-position":"center center","background-size":"auto","background-attachment":"scroll","background-type":"","background-media":"","overlay-type":"","overlay-color":"","overlay-opacity":"","overlay-gradient":""}}},"product_brand":[],"product_cat":[81],"product_tag":[],"class_list":{"0":"post-5191","1":"product","2":"type-product","3":"status-publish","4":"has-post-thumbnail","6":"product_cat-tractor-truck","7":"desktop-align-center","8":"tablet-align-left","9":"mobile-align-left","10":"ast-product-gallery-layout-horizontal-slider","11":"ast-product-tabs-layout-horizontal","13":"first","14":"instock","15":"shipping-taxable","16":"product-type-simple"},"uagb_featured_image_src":{"full":["https:\/\/hfoton.com\/wp-content\/uploads\/2025\/10\/\u672a\u6807\u9898-1-13.jpg",540,360,false],"thumbnail":["https:\/\/hfoton.com\/wp-content\/uploads\/2025\/10\/\u672a\u6807\u9898-1-13-150x150.jpg",150,150,true],"medium":["https:\/\/hfoton.com\/wp-content\/uploads\/2025\/10\/\u672a\u6807\u9898-1-13-300x200.jpg",300,200,true],"medium_large":["https:\/\/hfoton.com\/wp-content\/uploads\/2025\/10\/\u672a\u6807\u9898-1-13.jpg",540,360,false],"large":["https:\/\/hfoton.com\/wp-content\/uploads\/2025\/10\/\u672a\u6807\u9898-1-13.jpg",540,360,false],"1536x1536":["https:\/\/hfoton.com\/wp-content\/uploads\/2025\/10\/\u672a\u6807\u9898-1-13.jpg",540,360,false],"2048x2048":["https:\/\/hfoton.com\/wp-content\/uploads\/2025\/10\/\u672a\u6807\u9898-1-13.jpg",540,360,false],"trp-custom-language-flag":["https:\/\/hfoton.com\/wp-content\/uploads\/2025\/10\/\u672a\u6807\u9898-1-13-18x12.jpg",18,12,true],"woocommerce_thumbnail":["https:\/\/hfoton.com\/wp-content\/uploads\/2025\/10\/\u672a\u6807\u9898-1-13-300x300.jpg",300,300,true],"woocommerce_single":["https:\/\/hfoton.com\/wp-content\/uploads\/2025\/10\/\u672a\u6807\u9898-1-13.jpg",540,360,false],"woocommerce_gallery_thumbnail":["https:\/\/hfoton.com\/wp-content\/uploads\/2025\/10\/\u672a\u6807\u9898-1-13-100x100.jpg",100,100,true]},"uagb_author_info":{"display_name":"jinxing6611@gmail.com","author_link":"https:\/\/hfoton.com\/pt\/author\/"},"uagb_comment_info":0,"uagb_excerpt":"Single sleeper with air conditioner, all-steel forward control,55\u00bahydraulically tiltable to the\u00a0front,2- arm windscreen wiper system with three speeds, laminated windscreen with casted-in\u00a0radio aerial, hydraulically damped adjustable driver\u2019s seat and rigid adjustable co-driver\u2019s seat,with heating and ventilating system, outer sun visor, adjustable roof flap, with stereo radio\/cassette recorder, safety belts and adjustable steering wheel, air horn,&hellip;","_links":{"self":[{"href":"https:\/\/hfoton.com\/pt\/wp-json\/wp\/v2\/product\/5191","targetHints":{"allow":["GET"]}}],"collection":[{"href":"https:\/\/hfoton.com\/pt\/wp-json\/wp\/v2\/product"}],"about":[{"href":"https:\/\/hfoton.com\/pt\/wp-json\/wp\/v2\/types\/product"}],"wp:featuredmedia":[{"embeddable":true,"href":"https:\/\/hfoton.com\/pt\/wp-json\/wp\/v2\/media\/5192"}],"wp:attachment":[{"href":"https:\/\/hfoton.com\/pt\/wp-json\/wp\/v2\/media?parent=5191"}],"wp:term":[{"taxonomy":"product_brand","embeddable":true,"href":"https:\/\/hfoton.com\/pt\/wp-json\/wp\/v2\/product_brand?post=5191"},{"taxonomy":"product_cat","embeddable":true,"href":"https:\/\/hfoton.com\/pt\/wp-json\/wp\/v2\/product_cat?post=5191"},{"taxonomy":"product_tag","embeddable":true,"href":"https:\/\/hfoton.com\/pt\/wp-json\/wp\/v2\/product_tag?post=5191"}],"curies":[{"name":"wp","href":"https:\/\/api.w.org\/{rel}","templated":true}]}}