{"id":5330,"date":"2025-10-31T03:39:27","date_gmt":"2025-10-31T03:39:27","guid":{"rendered":"http:\/\/hfoton.com\/?post_type=product&#038;p=5330"},"modified":"2025-10-31T03:43:58","modified_gmt":"2025-10-31T03:43:58","slug":"dongfeng-4x2-5000l-garbage-truck","status":"publish","type":"product","link":"https:\/\/hfoton.com\/fr\/product\/dongfeng-4x2-5000l-garbage-truck\/","title":{"rendered":"CAMION \u00c0 ORDURES DONGFENG 4X2 5000L"},"content":{"rendered":"<h3 style=\"text-align: center;\">SPECIFICATION<\/h3>\n<p><img alt=\"\" fetchpriority=\"high\" decoding=\"async\" class=\"wp-image-5332 size-full aligncenter\" src=\"http:\/\/hfoton.com\/wp-content\/uploads\/2025\/10\/WPS\u56fe\u72471-23.png\" width=\"420\" height=\"296\" srcset=\"https:\/\/hfoton.com\/wp-content\/uploads\/2025\/10\/WPS\u56fe\u72471-23.png 420w, https:\/\/hfoton.com\/wp-content\/uploads\/2025\/10\/WPS\u56fe\u72471-23-300x211.png 300w, https:\/\/hfoton.com\/wp-content\/uploads\/2025\/10\/WPS\u56fe\u72471-23-18x12.png 18w\" sizes=\"(max-width: 420px) 100vw, 420px\" \/><\/p>\n<p><b>Marque du ch\u00e2ssis <\/b>Dongfeng, 2025 nouveau<\/p>\n<p>Roues motrices 4\u00d72, cabine de conduite \u00e0 gauche<\/p>\n<p>Empattement 3300mm<\/p>\n<p>Dimension totale 6850x2500x3450mm<\/p>\n<p>Poids brut 10000kg Poids \u00e0 vide 4200kg Capacit\u00e9 de charge 5000kg<\/p>\n<p><b>Moteur <\/b>Marque et mod\u00e8le Cummins B90-33<\/p>\n<p>Puissance de sortie nominale 66kW\/90HP @ 1500rpm Norme d'\u00e9mission Euro 3<\/p>\n<p>Type Turbocompresseur, refroidisseur interm\u00e9diaire, refroidissement par eau, 4 temps<\/p>\n<p><b>Transmission <\/b>Manuel, 5 vitesses avant et 1 vitesse arri\u00e8re<\/p>\n<p><b>Charge par essieu <\/b>2600\/4400(kg)<\/p>\n<p><b>Sp\u00e9cifications des pneus <\/b>70.00-20 pneus, 6+1 pcs pneus<\/p>\n<p><b>Cabine de conduite <\/b>Nouvelle cabine Dongfeng, toit standard, 3 si\u00e8ges avec couchette, avec fen\u00eatre \u00e9lectrique,<\/p>\n<p>Radio AM\/FM avec haut-parleur, cabine hydraulique inclinable \u00e0 l'avant<\/p>\n<p>Direction assist\u00e9e incluse, fonctionnement hydraulique avec assistance \u00e9lectrique<\/p>\n<p>Suspension Ressorts \u00e0 lames multiples \u00e0 l'avant avec amortisseurs<\/p>\n<p>Vitesse maximale 95km\/h<\/p>\n<p><b>Poubelle <\/b>5CBM,Mat\u00e9riau de la poubelle 3mm acier Q235,Fond 4mm<\/p>\n<p>R\u00e9servoir d'eau de r\u00e9cup\u00e9ration : 300L<\/p>\n<p>Volume des pi\u00e8ces de remplissage500L<\/p>\n<p>Temps de remplissage : 10-15s<\/p>\n<p>Dur\u00e9e du cycle de compression 30s<\/p>\n<p>Type de d\u00e9charge<\/p>\n<p>Pouss\u00e9e et autod\u00e9charge<\/p>\n<p>Temps de d\u00e9charge : 30s<\/p>\n<p>Pression du syst\u00e8me hydraulique 20Mpa, 200Bar<\/p>\n<p>Type de contr\u00f4le<\/p>\n<p>Commande \u00e9lectrique avec commande manuelle<\/p>\n<p>Plat Form 2 side for 2 worker for foot transport<\/p>\n<p>Modes de chargement : chargement par l'arri\u00e8re avec option de levage par godet<\/p>\n<p>Capacit\u00e9 de levage du m\u00e9canisme de rotation \u22651200KG<\/p>\n<p>Rapport de compactage des ordures1\/3 - 1\/4<\/p>\n<p>Syst\u00e8me de contr\u00f4le Un panneau de contr\u00f4le \u00e0 l'arri\u00e8re, un syst\u00e8me de contr\u00f4le \u00e0 l'arri\u00e8re de la cabine<\/p>\n<p>Extincteur : 1 unit\u00e9<\/p>","protected":false},"excerpt":{"rendered":"<p><b>Marque du ch\u00e2ssis <\/b>Dongfeng, 2025 nouveau<br \/>\nRoues motrices 4\u00d72, cabine de conduite \u00e0 gauche<br \/>\nEmpattement 3300mm<br \/>\nDimension totale 6850x2500x3450mm<br \/>\nPoids brut 10000kg Poids \u00e0 vide 4200kg Capacit\u00e9 de charge 5000kg<br \/>\n<b>Moteur <\/b>Marque et mod\u00e8le Cummins B90-33<\/p>","protected":false},"featured_media":5331,"template":"","meta":{"_seopress_robots_primary_cat":"none","_seopress_titles_title":"%%post_title%%","_seopress_titles_desc":"%%post_excerpt%%","_seopress_robots_index":"","_uag_custom_page_level_css":"","site-sidebar-layout":"default","site-content-layout":"","ast-site-content-layout":"default","site-content-style":"default","site-sidebar-style":"default","ast-global-header-display":"","ast-banner-title-visibility":"","ast-main-header-display":"","ast-hfb-above-header-display":"","ast-hfb-below-header-display":"","ast-hfb-mobile-header-display":"","site-post-title":"","ast-breadcrumbs-content":"","ast-featured-img":"","footer-sml-layout":"","theme-transparent-header-meta":"default","adv-header-id-meta":"","stick-header-meta":"default","header-above-stick-meta":"","header-main-stick-meta":"","header-below-stick-meta":"","astra-migrate-meta-layouts":"set","ast-page-background-enabled":"default","ast-page-background-meta":{"desktop":{"background-color":"","background-image":"","background-repeat":"repeat","background-position":"center center","background-size":"auto","background-attachment":"scroll","background-type":"","background-media":"","overlay-type":"","overlay-color":"","overlay-opacity":"","overlay-gradient":""},"tablet":{"background-color":"","background-image":"","background-repeat":"repeat","background-position":"center center","background-size":"auto","background-attachment":"scroll","background-type":"","background-media":"","overlay-type":"","overlay-color":"","overlay-opacity":"","overlay-gradient":""},"mobile":{"background-color":"","background-image":"","background-repeat":"repeat","background-position":"center center","background-size":"auto","background-attachment":"scroll","background-type":"","background-media":"","overlay-type":"","overlay-color":"","overlay-opacity":"","overlay-gradient":""}},"ast-content-background-meta":{"desktop":{"background-color":"var(--ast-global-color-5)","background-image":"","background-repeat":"repeat","background-position":"center center","background-size":"auto","background-attachment":"scroll","background-type":"","background-media":"","overlay-type":"","overlay-color":"","overlay-opacity":"","overlay-gradient":""},"tablet":{"background-color":"var(--ast-global-color-5)","background-image":"","background-repeat":"repeat","background-position":"center center","background-size":"auto","background-attachment":"scroll","background-type":"","background-media":"","overlay-type":"","overlay-color":"","overlay-opacity":"","overlay-gradient":""},"mobile":{"background-color":"var(--ast-global-color-5)","background-image":"","background-repeat":"repeat","background-position":"center center","background-size":"auto","background-attachment":"scroll","background-type":"","background-media":"","overlay-type":"","overlay-color":"","overlay-opacity":"","overlay-gradient":""}}},"product_brand":[],"product_cat":[88],"product_tag":[],"class_list":{"0":"post-5330","1":"product","2":"type-product","3":"status-publish","4":"has-post-thumbnail","6":"product_cat-garbage-truck","7":"desktop-align-center","8":"tablet-align-left","9":"mobile-align-left","10":"ast-product-gallery-layout-horizontal-slider","11":"ast-product-gallery-with-no-image","12":"ast-product-tabs-layout-horizontal","14":"first","15":"instock","16":"shipping-taxable","17":"product-type-simple"},"uagb_featured_image_src":{"full":["https:\/\/hfoton.com\/wp-content\/uploads\/2025\/10\/\u672a\u6807\u9898-1-39.jpg",540,360,false],"thumbnail":["https:\/\/hfoton.com\/wp-content\/uploads\/2025\/10\/\u672a\u6807\u9898-1-39-150x150.jpg",150,150,true],"medium":["https:\/\/hfoton.com\/wp-content\/uploads\/2025\/10\/\u672a\u6807\u9898-1-39-300x200.jpg",300,200,true],"medium_large":["https:\/\/hfoton.com\/wp-content\/uploads\/2025\/10\/\u672a\u6807\u9898-1-39.jpg",540,360,false],"large":["https:\/\/hfoton.com\/wp-content\/uploads\/2025\/10\/\u672a\u6807\u9898-1-39.jpg",540,360,false],"1536x1536":["https:\/\/hfoton.com\/wp-content\/uploads\/2025\/10\/\u672a\u6807\u9898-1-39.jpg",540,360,false],"2048x2048":["https:\/\/hfoton.com\/wp-content\/uploads\/2025\/10\/\u672a\u6807\u9898-1-39.jpg",540,360,false],"trp-custom-language-flag":["https:\/\/hfoton.com\/wp-content\/uploads\/2025\/10\/\u672a\u6807\u9898-1-39-18x12.jpg",18,12,true],"woocommerce_thumbnail":["https:\/\/hfoton.com\/wp-content\/uploads\/2025\/10\/\u672a\u6807\u9898-1-39-300x300.jpg",300,300,true],"woocommerce_single":["https:\/\/hfoton.com\/wp-content\/uploads\/2025\/10\/\u672a\u6807\u9898-1-39.jpg",540,360,false],"woocommerce_gallery_thumbnail":["https:\/\/hfoton.com\/wp-content\/uploads\/2025\/10\/\u672a\u6807\u9898-1-39-100x100.jpg",100,100,true]},"uagb_author_info":{"display_name":"jinxing6611@gmail.com","author_link":"https:\/\/hfoton.com\/fr\/author\/"},"uagb_comment_info":0,"uagb_excerpt":"Chassis Brand Dongfeng, 2025 new Wheel Drive 4x2, LEFT driving Cab Wheelbase 3300mm Overall Dimension 6850x2500x3450mm Gross Weight 10000kg Curb Weight 4200kg Load Capacity 5000kg Engine Brand &amp; Model Cummins B90-33","_links":{"self":[{"href":"https:\/\/hfoton.com\/fr\/wp-json\/wp\/v2\/product\/5330","targetHints":{"allow":["GET"]}}],"collection":[{"href":"https:\/\/hfoton.com\/fr\/wp-json\/wp\/v2\/product"}],"about":[{"href":"https:\/\/hfoton.com\/fr\/wp-json\/wp\/v2\/types\/product"}],"wp:featuredmedia":[{"embeddable":true,"href":"https:\/\/hfoton.com\/fr\/wp-json\/wp\/v2\/media\/5331"}],"wp:attachment":[{"href":"https:\/\/hfoton.com\/fr\/wp-json\/wp\/v2\/media?parent=5330"}],"wp:term":[{"taxonomy":"product_brand","embeddable":true,"href":"https:\/\/hfoton.com\/fr\/wp-json\/wp\/v2\/product_brand?post=5330"},{"taxonomy":"product_cat","embeddable":true,"href":"https:\/\/hfoton.com\/fr\/wp-json\/wp\/v2\/product_cat?post=5330"},{"taxonomy":"product_tag","embeddable":true,"href":"https:\/\/hfoton.com\/fr\/wp-json\/wp\/v2\/product_tag?post=5330"}],"curies":[{"name":"wp","href":"https:\/\/api.w.org\/{rel}","templated":true}]}}