{"id":5323,"date":"2025-10-31T03:16:01","date_gmt":"2025-10-31T03:16:01","guid":{"rendered":"http:\/\/hfoton.com\/?post_type=product&#038;p=5323"},"modified":"2025-10-31T03:34:01","modified_gmt":"2025-10-31T03:34:01","slug":"dongfeng-4x2-8000l-suction-truck","status":"publish","type":"product","link":"https:\/\/hfoton.com\/fr\/product\/dongfeng-4x2-8000l-suction-truck\/","title":{"rendered":"CAMION ASPIRATEUR DONGFENG 4X2 8000L"},"content":{"rendered":"<h3 style=\"text-align: center;\">SPECIFICATION<\/h3>\n<p><img alt=\"\" fetchpriority=\"high\" decoding=\"async\" class=\"wp-image-5328 size-full aligncenter\" src=\"http:\/\/hfoton.com\/wp-content\/uploads\/2025\/10\/WPS\u56fe\u72471-22.png\" width=\"581\" height=\"360\" srcset=\"https:\/\/hfoton.com\/wp-content\/uploads\/2025\/10\/WPS\u56fe\u72471-22.png 581w, https:\/\/hfoton.com\/wp-content\/uploads\/2025\/10\/WPS\u56fe\u72471-22-300x186.png 300w, https:\/\/hfoton.com\/wp-content\/uploads\/2025\/10\/WPS\u56fe\u72471-22-18x12.png 18w\" sizes=\"(max-width: 581px) 100vw, 581px\" \/><\/p>\n<p style=\"text-align: left;\"><b>Camion aspirateur Dongfeng 4\u00d72 8000L <\/b><\/p>\n<p style=\"text-align: left;\"><b>Marque du ch\u00e2ssis : <\/b>Dongfeng, 2023 nouveau<\/p>\n<p style=\"text-align: left;\">Couleur bule cabin ou couleur personnalis\u00e9e<\/p>\n<p style=\"text-align: left;\">Traction 4\u00d72, cabine de conduite LHD<\/p>\n<p style=\"text-align: left;\">Empattement 3950mm<\/p>\n<p style=\"text-align: left;\">Dimension totale 7350x2500x3450mm<\/p>\n<p style=\"text-align: left;\"><b>Moteur <\/b>Marque et mod\u00e8le Cummins B170-33<\/p>\n<p style=\"text-align: left;\">Puissance de sortie nominale 125kW\/170HP @ 1500rpm Norme d'\u00e9mission <b>Euro 3 <\/b>Type Turbocompresseur,<\/p>\n<p style=\"text-align: left;\">refroidisseur interm\u00e9diaire, refroidissement par eau, 4 temps Cylindre 6 cylindres en ligne <b>Type de carburant<\/b>\uff1a Diesel<\/p>\n<p style=\"text-align: left;\"><b>Transmission <\/b>Manuel, 8 vitesses avant et 1 vitesse arri\u00e8re<\/p>\n<p style=\"text-align: left;\"><b>Charge par essieu <\/b>3600\/8400(kg)Suspension Ressorts \u00e0 lames multiples \u00e0 l'avant avec amortisseurs<\/p>\n<p style=\"text-align: left;\"><b>Sp\u00e9cifications des pneus <\/b>Pneus 9.00-20, 6+1 pcs pneus<\/p>\n<p style=\"text-align: left;\"><b>Cabine de conduite <\/b>Cabine Dongfeng 145, toit standard, 3 si\u00e8ges avec couchette, avec fen\u00eatre \u00e9lectrique,<\/p>\n<p style=\"text-align: left;\">Radio AM\/FM avec haut-parleur, cabine hydraulique inclinable \u00e0 l'avant<\/p>\n<p style=\"text-align: left;\">Direction assist\u00e9e incluse, fonctionnement hydraulique avec assistance \u00e9lectrique<\/p>\n<p style=\"text-align: left;\"><b>R\u00e9servoir d'eaux us\u00e9es <\/b>8 000 litres\uff0cMat\u00e9riau du corps du r\u00e9servoir Corps principal en acier au carbone Q235 de 6 mm, r\u00e9servoir de 8 mm<\/p>\n<p style=\"text-align: left;\">plaque d'extr\u00e9mit\u00e9<\/p>\n<p style=\"text-align: left;\">Traitement anticorrosion \u00e0 l'int\u00e9rieur du r\u00e9servoir M\u00e9thode de d\u00e9chargement du r\u00e9servoir Double levage<\/p>\n<p style=\"text-align: left;\">cylindres de d\u00e9versement<\/p>\n<p style=\"text-align: left;\"><b>Pompe \u00e0 eaux us\u00e9es <\/b>Type Pompe \u00e0 vide rotative Mod\u00e8le SK-9 Vide 90kPa<\/p>\n<p style=\"text-align: left;\">Vitesse d'aspiration max. Vitesse d'aspiration 9<\/p>\n<p style=\"text-align: left;\">m3\/min Vitesse de rotation 1000 tr\/min<\/p>\n<p style=\"text-align: left;\">Syst\u00e8me de commande PTO Une pi\u00e8ce, dans la cabine de conduite Commutateur d'aspiration et de refoulement<\/p>","protected":false},"excerpt":{"rendered":"<p>Camion aspirateur Dongfeng 4\u00d72 8000L<br \/>\nCh\u00e2ssis Marque Dongfeng, 2023 nouveau<br \/>\nCouleur bule cabin ou couleur personnalis\u00e9e<br \/>\nTraction 4\u00d72, cabine de conduite LHD<br \/>\nEmpattement 3950mm<\/p>","protected":false},"featured_media":5327,"template":"","meta":{"_seopress_robots_primary_cat":"none","_seopress_titles_title":"%%post_title%%","_seopress_titles_desc":"%%post_excerpt%%","_seopress_robots_index":"","_uag_custom_page_level_css":"","site-sidebar-layout":"default","site-content-layout":"","ast-site-content-layout":"default","site-content-style":"default","site-sidebar-style":"default","ast-global-header-display":"","ast-banner-title-visibility":"","ast-main-header-display":"","ast-hfb-above-header-display":"","ast-hfb-below-header-display":"","ast-hfb-mobile-header-display":"","site-post-title":"","ast-breadcrumbs-content":"","ast-featured-img":"","footer-sml-layout":"","theme-transparent-header-meta":"default","adv-header-id-meta":"","stick-header-meta":"default","header-above-stick-meta":"","header-main-stick-meta":"","header-below-stick-meta":"","astra-migrate-meta-layouts":"set","ast-page-background-enabled":"default","ast-page-background-meta":{"desktop":{"background-color":"","background-image":"","background-repeat":"repeat","background-position":"center center","background-size":"auto","background-attachment":"scroll","background-type":"","background-media":"","overlay-type":"","overlay-color":"","overlay-opacity":"","overlay-gradient":""},"tablet":{"background-color":"","background-image":"","background-repeat":"repeat","background-position":"center center","background-size":"auto","background-attachment":"scroll","background-type":"","background-media":"","overlay-type":"","overlay-color":"","overlay-opacity":"","overlay-gradient":""},"mobile":{"background-color":"","background-image":"","background-repeat":"repeat","background-position":"center center","background-size":"auto","background-attachment":"scroll","background-type":"","background-media":"","overlay-type":"","overlay-color":"","overlay-opacity":"","overlay-gradient":""}},"ast-content-background-meta":{"desktop":{"background-color":"var(--ast-global-color-5)","background-image":"","background-repeat":"repeat","background-position":"center center","background-size":"auto","background-attachment":"scroll","background-type":"","background-media":"","overlay-type":"","overlay-color":"","overlay-opacity":"","overlay-gradient":""},"tablet":{"background-color":"var(--ast-global-color-5)","background-image":"","background-repeat":"repeat","background-position":"center center","background-size":"auto","background-attachment":"scroll","background-type":"","background-media":"","overlay-type":"","overlay-color":"","overlay-opacity":"","overlay-gradient":""},"mobile":{"background-color":"var(--ast-global-color-5)","background-image":"","background-repeat":"repeat","background-position":"center center","background-size":"auto","background-attachment":"scroll","background-type":"","background-media":"","overlay-type":"","overlay-color":"","overlay-opacity":"","overlay-gradient":""}}},"product_brand":[],"product_cat":[79],"product_tag":[],"class_list":{"0":"post-5323","1":"product","2":"type-product","3":"status-publish","4":"has-post-thumbnail","6":"product_cat-truck","7":"desktop-align-center","8":"tablet-align-left","9":"mobile-align-left","10":"ast-product-gallery-layout-horizontal-slider","11":"ast-product-gallery-with-no-image","12":"ast-product-tabs-layout-horizontal","14":"first","15":"instock","16":"shipping-taxable","17":"product-type-simple"},"uagb_featured_image_src":{"full":["https:\/\/hfoton.com\/wp-content\/uploads\/2025\/10\/\u672a\u6807\u9898-1-38.jpg",540,360,false],"thumbnail":["https:\/\/hfoton.com\/wp-content\/uploads\/2025\/10\/\u672a\u6807\u9898-1-38-150x150.jpg",150,150,true],"medium":["https:\/\/hfoton.com\/wp-content\/uploads\/2025\/10\/\u672a\u6807\u9898-1-38-300x200.jpg",300,200,true],"medium_large":["https:\/\/hfoton.com\/wp-content\/uploads\/2025\/10\/\u672a\u6807\u9898-1-38.jpg",540,360,false],"large":["https:\/\/hfoton.com\/wp-content\/uploads\/2025\/10\/\u672a\u6807\u9898-1-38.jpg",540,360,false],"1536x1536":["https:\/\/hfoton.com\/wp-content\/uploads\/2025\/10\/\u672a\u6807\u9898-1-38.jpg",540,360,false],"2048x2048":["https:\/\/hfoton.com\/wp-content\/uploads\/2025\/10\/\u672a\u6807\u9898-1-38.jpg",540,360,false],"trp-custom-language-flag":["https:\/\/hfoton.com\/wp-content\/uploads\/2025\/10\/\u672a\u6807\u9898-1-38-18x12.jpg",18,12,true],"woocommerce_thumbnail":["https:\/\/hfoton.com\/wp-content\/uploads\/2025\/10\/\u672a\u6807\u9898-1-38-300x300.jpg",300,300,true],"woocommerce_single":["https:\/\/hfoton.com\/wp-content\/uploads\/2025\/10\/\u672a\u6807\u9898-1-38.jpg",540,360,false],"woocommerce_gallery_thumbnail":["https:\/\/hfoton.com\/wp-content\/uploads\/2025\/10\/\u672a\u6807\u9898-1-38-100x100.jpg",100,100,true]},"uagb_author_info":{"display_name":"jinxing6611@gmail.com","author_link":"https:\/\/hfoton.com\/fr\/author\/"},"uagb_comment_info":0,"uagb_excerpt":"Dongfeng 4x2 8000L suction truck Chassis Brand Dongfeng, 2023 new Color bule cabin or customized color Wheel Drive 4x2, LHD driving Cab Wheelbase 3950mm","_links":{"self":[{"href":"https:\/\/hfoton.com\/fr\/wp-json\/wp\/v2\/product\/5323","targetHints":{"allow":["GET"]}}],"collection":[{"href":"https:\/\/hfoton.com\/fr\/wp-json\/wp\/v2\/product"}],"about":[{"href":"https:\/\/hfoton.com\/fr\/wp-json\/wp\/v2\/types\/product"}],"wp:featuredmedia":[{"embeddable":true,"href":"https:\/\/hfoton.com\/fr\/wp-json\/wp\/v2\/media\/5327"}],"wp:attachment":[{"href":"https:\/\/hfoton.com\/fr\/wp-json\/wp\/v2\/media?parent=5323"}],"wp:term":[{"taxonomy":"product_brand","embeddable":true,"href":"https:\/\/hfoton.com\/fr\/wp-json\/wp\/v2\/product_brand?post=5323"},{"taxonomy":"product_cat","embeddable":true,"href":"https:\/\/hfoton.com\/fr\/wp-json\/wp\/v2\/product_cat?post=5323"},{"taxonomy":"product_tag","embeddable":true,"href":"https:\/\/hfoton.com\/fr\/wp-json\/wp\/v2\/product_tag?post=5323"}],"curies":[{"name":"wp","href":"https:\/\/api.w.org\/{rel}","templated":true}]}}