{"id":5320,"date":"2025-10-31T03:08:50","date_gmt":"2025-10-31T03:08:50","guid":{"rendered":"http:\/\/hfoton.com\/?post_type=product&#038;p=5320"},"modified":"2025-10-31T03:14:35","modified_gmt":"2025-10-31T03:14:35","slug":"truck-with-loading-crane-2","status":"publish","type":"product","link":"https:\/\/hfoton.com\/fr\/product\/truck-with-loading-crane-2\/","title":{"rendered":"CAMION AVEC GRUE DE CHARGEMENT"},"content":{"rendered":"<h3 style=\"text-align: center;\">SPECIFICATION<\/h3>\n<p><img alt=\"\" fetchpriority=\"high\" decoding=\"async\" class=\"wp-image-5322 size-full aligncenter\" src=\"http:\/\/hfoton.com\/wp-content\/uploads\/2025\/10\/WPS\u56fe\u72471-1.jpg\" width=\"365\" height=\"262\" srcset=\"https:\/\/hfoton.com\/wp-content\/uploads\/2025\/10\/WPS\u56fe\u72471-1.jpg 365w, https:\/\/hfoton.com\/wp-content\/uploads\/2025\/10\/WPS\u56fe\u72471-1-300x215.jpg 300w, https:\/\/hfoton.com\/wp-content\/uploads\/2025\/10\/WPS\u56fe\u72471-1-18x12.jpg 18w\" sizes=\"(max-width: 365px) 100vw, 365px\" \/><\/p>\n<p>&nbsp;<\/p>\n<p>&nbsp;<\/p>\n<table>\n<tbody>\n<tr>\n<td width=\"268\">Mod\u00e8le de camion<\/td>\n<td width=\"422\"><strong><b>ZZ1257N5247A<\/b><\/strong><\/td>\n<\/tr>\n<tr>\n<td width=\"268\">Marque du camion<\/td>\n<td width=\"422\"><strong><b>SINOTRUK -HOWO<\/b><\/strong><\/td>\n<\/tr>\n<tr>\n<td width=\"268\">Dimension(LxLxH)\uff08unloaded\uff09\uff08mm\uff09<\/td>\n<td width=\"422\">7500x2496x600<\/td>\n<\/tr>\n<tr>\n<td width=\"268\">\u00c9paisseur du plancher et des c\u00f4t\u00e9s (mm)<\/td>\n<td width=\"422\">3 mm et 1,5 mm<\/td>\n<\/tr>\n<\/tbody>\n<\/table>\n<table>\n<tbody>\n<tr>\n<td colspan=\"3\" width=\"268\">Angle d'approche\/angle de d\u00e9part (\u00b0)<\/td>\n<td colspan=\"2\" width=\"422\">16\/10<\/td>\n<\/tr>\n<tr>\n<td colspan=\"3\" width=\"268\">Porte-\u00e0-faux (avant\/arri\u00e8re) (mm)<\/td>\n<td colspan=\"2\" width=\"422\">1500\/3109<\/td>\n<\/tr>\n<tr>\n<td colspan=\"3\" width=\"268\">Empattement (mm)<\/td>\n<td colspan=\"2\" width=\"422\">5200+1400<\/td>\n<\/tr>\n<tr>\n<td colspan=\"3\" width=\"268\">Vitesse maximale\uff08km\/h\uff09<\/td>\n<td colspan=\"2\" width=\"422\">90<\/td>\n<\/tr>\n<tr>\n<td colspan=\"3\" width=\"268\">Poids \u00e0 vide\uff08kg\uff09<\/td>\n<td colspan=\"2\" width=\"422\">11700<\/td>\n<\/tr>\n<tr>\n<td colspan=\"3\" width=\"268\">Capacit\u00e9 du r\u00e9servoir de carburant \uff08L\uff09<\/td>\n<td colspan=\"2\" width=\"422\">300L avec bouchon de r\u00e9servoir verrouillable<\/td>\n<\/tr>\n<tr>\n<td colspan=\"3\" width=\"268\">Consommation de carburant (L\/100km)<\/td>\n<td colspan=\"2\" width=\"422\">30-50<\/td>\n<\/tr>\n<tr>\n<td colspan=\"3\" width=\"268\">Embrayage<\/td>\n<td colspan=\"2\" width=\"422\">Embrayage \u00e0 sec monodisque \u03a6420mm<\/td>\n<\/tr>\n<tr>\n<td width=\"96\">Moteur<\/p>\n<p>Mod\u00e8le<\/p>\n<p>(Steyr<\/p>\n<p>technologie, fabriqu\u00e9 en<\/p>\n<p>Chine)<\/td>\n<td colspan=\"2\" width=\"171\">Mod\u00e8le<\/td>\n<td colspan=\"2\" width=\"422\">WD615.69\uff0c Moteur diesel \u00e0 injection directe \u00e0 4 temps, 6 cylindres en ligne avec refroidissement par eau, turbocompression et refroidissement interm\u00e9diaire.<\/td>\n<\/tr>\n<tr>\n<td width=\"96\">&nbsp;<\/td>\n<td colspan=\"2\" width=\"171\">Puissance en chevaux<\/td>\n<td colspan=\"2\" width=\"422\"><strong><b>336HP<\/b><\/strong><\/td>\n<\/tr>\n<tr>\n<td width=\"96\">&nbsp;<\/td>\n<td colspan=\"2\" width=\"171\">&nbsp;<\/p>\n<p>Norme d'\u00e9mission<\/td>\n<td colspan=\"2\" width=\"422\">&nbsp;<\/p>\n<p><strong><b>EUROII<\/b><\/strong><\/td>\n<\/tr>\n<tr>\n<td colspan=\"2\" width=\"178\">Transmission<\/td>\n<td width=\"90\">Mod\u00e8le<\/td>\n<td colspan=\"2\" width=\"422\">HW 19710, 10 en avant et 2 en arri\u00e8re<\/td>\n<\/tr>\n<tr>\n<td colspan=\"2\" width=\"178\">Syst\u00e8me de freinage<\/td>\n<td width=\"90\">Frein de service<\/td>\n<td colspan=\"2\" width=\"422\">Frein \u00e0 air comprim\u00e9 \u00e0 double circuit<\/td>\n<\/tr>\n<tr>\n<td colspan=\"2\" width=\"178\">&nbsp;<\/td>\n<td width=\"90\">Frein de stationnement<\/td>\n<td colspan=\"2\" width=\"422\">\u00e9nergie du ressort, air comprim\u00e9 fonctionnant sur les roues arri\u00e8re<\/td>\n<\/tr>\n<tr>\n<td colspan=\"2\" width=\"178\">&nbsp;<\/td>\n<td width=\"90\">Frein auxiliaire<\/td>\n<td colspan=\"2\" width=\"422\">Frein d'\u00e9chappement du moteur<\/td>\n<\/tr>\n<tr>\n<td colspan=\"2\" width=\"178\">Syst\u00e8me de direction<\/td>\n<td width=\"90\">Mod\u00e8le<\/td>\n<td colspan=\"2\" width=\"422\">ZF8118 direction hydraulique avec assistance \u00e9lectrique<\/td>\n<\/tr>\n<tr>\n<td colspan=\"2\" width=\"178\">Essieu avant<\/td>\n<td colspan=\"3\" width=\"512\">VGD95, type de tambour<\/td>\n<\/tr>\n<tr>\n<td colspan=\"2\" width=\"178\">Essieu arri\u00e8re<\/td>\n<td colspan=\"3\" width=\"512\">HC16, Carter d'essieu en fonte, double r\u00e9duction centrale avec blocage de diff\u00e9rentiel entre les essieux et les roues<\/td>\n<\/tr>\n<tr>\n<td colspan=\"2\" width=\"178\">Couleur<\/td>\n<td colspan=\"3\" width=\"512\">En option<\/td>\n<\/tr>\n<tr>\n<td colspan=\"2\" width=\"178\">Pneu<\/td>\n<td colspan=\"3\" width=\"512\"><strong><b>12.00R22.5 11 pi\u00e8ces, avec une<\/b><\/strong><strong><b>\u00a0<\/b><\/strong><strong><b>spa<\/b><\/strong><strong><b>re<\/b><\/strong><strong><b>\u00a0<\/b><\/strong><strong><b>pneu<\/b><\/strong><\/td>\n<\/tr>\n<tr>\n<td colspan=\"2\" width=\"178\">Syst\u00e8me \u00e9lectrique<\/td>\n<td colspan=\"2\" width=\"161\">Tension de fonctionnement<\/td>\n<td width=\"351\">24V, mise \u00e0 la terre n\u00e9gative<\/td>\n<\/tr>\n<tr>\n<td colspan=\"2\" width=\"178\">&nbsp;<\/td>\n<td colspan=\"2\" width=\"161\">D\u00e9marrage<\/td>\n<td width=\"351\">24V, 7,35KW<\/td>\n<\/tr>\n<tr>\n<td colspan=\"2\" width=\"178\">&nbsp;<\/td>\n<td colspan=\"2\" width=\"161\">Alternateur<\/td>\n<td width=\"351\">28V, 1500W<\/td>\n<\/tr>\n<tr>\n<td colspan=\"2\" width=\"178\">&nbsp;<\/td>\n<td colspan=\"2\" width=\"161\">Piles<\/td>\n<td width=\"351\">2*12V. 165Ah<\/td>\n<\/tr>\n<tr>\n<td colspan=\"2\" width=\"178\">&nbsp;<\/td>\n<td colspan=\"3\" width=\"512\">Allume-cigare, klaxon, phares, feux antibrouillard, feux de freinage, clignotants et feux de recul.<\/td>\n<\/tr>\n<tr>\n<td colspan=\"2\" width=\"178\">Cabine<\/td>\n<td colspan=\"3\" width=\"512\"><strong><b>Cabine HW76, (une couchette, avec<\/b><\/strong><strong><b>\u00a0<\/b><\/strong><strong><b>climatisation<\/b><\/strong><strong><b>dition)<\/b><\/strong><\/td>\n<\/tr>\n<tr>\n<td colspan=\"2\" width=\"178\"><strong><b>Sp\u00e9cifications de la grue<\/b><\/strong><\/td>\n<td colspan=\"3\" width=\"512\"><strong><b>Mod\u00e8le<\/b><\/strong><strong><b>\uff1a<\/b><\/strong><strong><b>SQ10ZK3Q<\/b><\/strong><\/td>\n<\/tr>\n<tr>\n<td colspan=\"2\" width=\"178\">&nbsp;<\/td>\n<td colspan=\"3\" width=\"512\"><strong><b>Type : Fl\u00e8che droite<\/b><\/strong><strong><b>\u00a0<\/b><\/strong><strong><b>ascenseur<\/b><\/strong><\/td>\n<\/tr>\n<tr>\n<td colspan=\"2\" width=\"178\">&nbsp;<\/td>\n<td colspan=\"3\" width=\"512\"><strong><b>Jambes hydrauliques \u00e0 double chambre :<\/b><\/strong><strong><b>sans<\/b><\/strong><\/td>\n<\/tr>\n<tr>\n<td colspan=\"5\" width=\"690\">Les sp\u00e9cifications sont donn\u00e9es \u00e0 titre indicatif, des donn\u00e9es pr\u00e9cises seront fournies en fonction de la conception finale.<\/td>\n<\/tr>\n<\/tbody>\n<\/table>","protected":false},"excerpt":{"rendered":"<p>Mod\u00e8le de camion\uff1aZZ1257N5247A<br \/>\nMarque du camion\uff1aSINOTRUK -HOWO<br \/>\nDimension(LxLxH)\uff08unloaded\uff09\uff08mm\uff09\uff1a7500x2496x600<br \/>\n\u00c9paisseur du plancher et des c\u00f4t\u00e9s (mm)\uff1a3mm et 1,5mm<br \/>\nPoids \u00e0 vide\uff08kg\uff09\uff1a11700<\/p>","protected":false},"featured_media":5321,"template":"","meta":{"_seopress_robots_primary_cat":"none","_seopress_titles_title":"%%post_title%%","_seopress_titles_desc":"%%post_excerpt%%","_seopress_robots_index":"","_uag_custom_page_level_css":"","site-sidebar-layout":"default","site-content-layout":"","ast-site-content-layout":"default","site-content-style":"default","site-sidebar-style":"default","ast-global-header-display":"","ast-banner-title-visibility":"","ast-main-header-display":"","ast-hfb-above-header-display":"","ast-hfb-below-header-display":"","ast-hfb-mobile-header-display":"","site-post-title":"","ast-breadcrumbs-content":"","ast-featured-img":"","footer-sml-layout":"","theme-transparent-header-meta":"default","adv-header-id-meta":"","stick-header-meta":"default","header-above-stick-meta":"","header-main-stick-meta":"","header-below-stick-meta":"","astra-migrate-meta-layouts":"set","ast-page-background-enabled":"default","ast-page-background-meta":{"desktop":{"background-color":"","background-image":"","background-repeat":"repeat","background-position":"center center","background-size":"auto","background-attachment":"scroll","background-type":"","background-media":"","overlay-type":"","overlay-color":"","overlay-opacity":"","overlay-gradient":""},"tablet":{"background-color":"","background-image":"","background-repeat":"repeat","background-position":"center center","background-size":"auto","background-attachment":"scroll","background-type":"","background-media":"","overlay-type":"","overlay-color":"","overlay-opacity":"","overlay-gradient":""},"mobile":{"background-color":"","background-image":"","background-repeat":"repeat","background-position":"center center","background-size":"auto","background-attachment":"scroll","background-type":"","background-media":"","overlay-type":"","overlay-color":"","overlay-opacity":"","overlay-gradient":""}},"ast-content-background-meta":{"desktop":{"background-color":"var(--ast-global-color-5)","background-image":"","background-repeat":"repeat","background-position":"center center","background-size":"auto","background-attachment":"scroll","background-type":"","background-media":"","overlay-type":"","overlay-color":"","overlay-opacity":"","overlay-gradient":""},"tablet":{"background-color":"var(--ast-global-color-5)","background-image":"","background-repeat":"repeat","background-position":"center center","background-size":"auto","background-attachment":"scroll","background-type":"","background-media":"","overlay-type":"","overlay-color":"","overlay-opacity":"","overlay-gradient":""},"mobile":{"background-color":"var(--ast-global-color-5)","background-image":"","background-repeat":"repeat","background-position":"center center","background-size":"auto","background-attachment":"scroll","background-type":"","background-media":"","overlay-type":"","overlay-color":"","overlay-opacity":"","overlay-gradient":""}}},"product_brand":[],"product_cat":[86],"product_tag":[],"class_list":{"0":"post-5320","1":"product","2":"type-product","3":"status-publish","4":"has-post-thumbnail","6":"product_cat-truck-mounted-crane","7":"desktop-align-center","8":"tablet-align-left","9":"mobile-align-left","10":"ast-product-gallery-layout-horizontal-slider","11":"ast-product-gallery-with-no-image","12":"ast-product-tabs-layout-horizontal","14":"first","15":"instock","16":"shipping-taxable","17":"product-type-simple"},"uagb_featured_image_src":{"full":["https:\/\/hfoton.com\/wp-content\/uploads\/2025\/10\/\u672a\u6807\u9898-1-36.jpg",540,360,false],"thumbnail":["https:\/\/hfoton.com\/wp-content\/uploads\/2025\/10\/\u672a\u6807\u9898-1-36-150x150.jpg",150,150,true],"medium":["https:\/\/hfoton.com\/wp-content\/uploads\/2025\/10\/\u672a\u6807\u9898-1-36-300x200.jpg",300,200,true],"medium_large":["https:\/\/hfoton.com\/wp-content\/uploads\/2025\/10\/\u672a\u6807\u9898-1-36.jpg",540,360,false],"large":["https:\/\/hfoton.com\/wp-content\/uploads\/2025\/10\/\u672a\u6807\u9898-1-36.jpg",540,360,false],"1536x1536":["https:\/\/hfoton.com\/wp-content\/uploads\/2025\/10\/\u672a\u6807\u9898-1-36.jpg",540,360,false],"2048x2048":["https:\/\/hfoton.com\/wp-content\/uploads\/2025\/10\/\u672a\u6807\u9898-1-36.jpg",540,360,false],"trp-custom-language-flag":["https:\/\/hfoton.com\/wp-content\/uploads\/2025\/10\/\u672a\u6807\u9898-1-36-18x12.jpg",18,12,true],"woocommerce_thumbnail":["https:\/\/hfoton.com\/wp-content\/uploads\/2025\/10\/\u672a\u6807\u9898-1-36-300x300.jpg",300,300,true],"woocommerce_single":["https:\/\/hfoton.com\/wp-content\/uploads\/2025\/10\/\u672a\u6807\u9898-1-36.jpg",540,360,false],"woocommerce_gallery_thumbnail":["https:\/\/hfoton.com\/wp-content\/uploads\/2025\/10\/\u672a\u6807\u9898-1-36-100x100.jpg",100,100,true]},"uagb_author_info":{"display_name":"jinxing6611@gmail.com","author_link":"https:\/\/hfoton.com\/fr\/author\/"},"uagb_comment_info":0,"uagb_excerpt":"Truck Model\uff1aZZ1257N5247A Truck Brand\uff1aSINOTRUK \u2013HOWO Dimension(Lx W xH)\uff08unloaded\uff09\uff08mm\uff09\uff1a7500x2496x600 Floor & side thickness(mm)\uff1a3mm and 1.5mm Curb weight\uff08kg\uff09\uff1a11700","_links":{"self":[{"href":"https:\/\/hfoton.com\/fr\/wp-json\/wp\/v2\/product\/5320","targetHints":{"allow":["GET"]}}],"collection":[{"href":"https:\/\/hfoton.com\/fr\/wp-json\/wp\/v2\/product"}],"about":[{"href":"https:\/\/hfoton.com\/fr\/wp-json\/wp\/v2\/types\/product"}],"wp:featuredmedia":[{"embeddable":true,"href":"https:\/\/hfoton.com\/fr\/wp-json\/wp\/v2\/media\/5321"}],"wp:attachment":[{"href":"https:\/\/hfoton.com\/fr\/wp-json\/wp\/v2\/media?parent=5320"}],"wp:term":[{"taxonomy":"product_brand","embeddable":true,"href":"https:\/\/hfoton.com\/fr\/wp-json\/wp\/v2\/product_brand?post=5320"},{"taxonomy":"product_cat","embeddable":true,"href":"https:\/\/hfoton.com\/fr\/wp-json\/wp\/v2\/product_cat?post=5320"},{"taxonomy":"product_tag","embeddable":true,"href":"https:\/\/hfoton.com\/fr\/wp-json\/wp\/v2\/product_tag?post=5320"}],"curies":[{"name":"wp","href":"https:\/\/api.w.org\/{rel}","templated":true}]}}