{"id":5293,"date":"2025-10-31T00:42:25","date_gmt":"2025-10-31T00:42:25","guid":{"rendered":"http:\/\/hfoton.com\/?post_type=product&#038;p=5293"},"modified":"2025-10-31T00:56:27","modified_gmt":"2025-10-31T00:56:27","slug":"bulk-cement-tank-semi-trailer","status":"publish","type":"product","link":"https:\/\/hfoton.com\/fr\/product\/bulk-cement-tank-semi-trailer\/","title":{"rendered":"R\u00c9SERVOIR DE CIMENT EN VRAC SEMI-REMORQUE"},"content":{"rendered":"<h3 style=\"text-align: center;\">SPECIFICATION<\/h3>\n<p><img alt=\"\" fetchpriority=\"high\" decoding=\"async\" class=\"wp-image-5295 size-full aligncenter\" src=\"http:\/\/hfoton.com\/wp-content\/uploads\/2025\/10\/WPS\u56fe\u72471-18.png\" width=\"850\" height=\"638\" srcset=\"https:\/\/hfoton.com\/wp-content\/uploads\/2025\/10\/WPS\u56fe\u72471-18.png 850w, https:\/\/hfoton.com\/wp-content\/uploads\/2025\/10\/WPS\u56fe\u72471-18-300x225.png 300w, https:\/\/hfoton.com\/wp-content\/uploads\/2025\/10\/WPS\u56fe\u72471-18-768x576.png 768w, https:\/\/hfoton.com\/wp-content\/uploads\/2025\/10\/WPS\u56fe\u72471-18-16x12.png 16w, https:\/\/hfoton.com\/wp-content\/uploads\/2025\/10\/WPS\u56fe\u72471-18-600x450.png 600w\" sizes=\"(max-width: 850px) 100vw, 850px\" \/><\/p>\n<table>\n<tbody>\n<tr>\n<td colspan=\"3\" width=\"712\"><strong><b>Poids :<\/b><\/strong><\/td>\n<\/tr>\n<tr>\n<td width=\"29\">1<\/td>\n<td width=\"226\">Poids de tare<\/td>\n<td width=\"456\">9500kg<\/td>\n<\/tr>\n<tr>\n<td width=\"29\">2<\/td>\n<td width=\"226\">Capacit\u00e9 de chargement<\/td>\n<td width=\"456\">36 m3<\/td>\n<\/tr>\n<tr>\n<td width=\"29\">3<\/td>\n<td width=\"226\">Poids Charge<\/td>\n<td width=\"456\">40T<\/td>\n<\/tr>\n<tr>\n<td width=\"29\">4<\/td>\n<td width=\"226\">Dimensions (LxLxH)<\/td>\n<td width=\"456\">10500*2500*3500mm<\/td>\n<\/tr>\n<tr>\n<td colspan=\"2\" width=\"256\"><strong><b>Sp\u00e9cification :<\/b><\/strong><\/td>\n<td width=\"456\">&nbsp;<\/td>\n<\/tr>\n<tr>\n<td width=\"29\">5<\/td>\n<td width=\"226\">Num\u00e9ro d'essieu<\/td>\n<td width=\"456\">3<\/td>\n<\/tr>\n<tr>\n<td width=\"29\">6<\/td>\n<td width=\"226\">Marque de l'essieu<\/td>\n<td width=\"456\">FUWA 13 tonnes<\/td>\n<\/tr>\n<tr>\n<td width=\"29\">7<\/td>\n<td width=\"226\">Suspension<\/td>\n<td width=\"456\">M\u00e9canique courante<\/td>\n<\/tr>\n<tr>\n<td width=\"29\">8<\/td>\n<td width=\"226\">Goupille royale<\/td>\n<td width=\"456\">2\u2033 ou 3.5\u2033 broche de traction<\/td>\n<\/tr>\n<tr>\n<td width=\"29\">9<\/td>\n<td width=\"226\">Poutre principale<\/td>\n<td width=\"456\">La hauteur de la poutre est de 500 mm ;<\/p>\n<p>La plaque inf\u00e9rieure est de 16 mm ; la plaque centrale est de 8 mm.<\/td>\n<\/tr>\n<tr>\n<td width=\"29\">10<\/td>\n<td width=\"226\">Pieds de support<\/td>\n<td width=\"456\">28T<\/td>\n<\/tr>\n<tr>\n<td width=\"29\">11<\/td>\n<td width=\"226\">Jante de roue<\/td>\n<td width=\"456\">9.0-22.5<\/td>\n<\/tr>\n<tr>\n<td width=\"29\">12<\/td>\n<td width=\"226\">Empattement<\/td>\n<td width=\"456\">6260+1310+1310mm<\/td>\n<\/tr>\n<tr>\n<td width=\"29\">13<\/td>\n<td width=\"226\">Ressort en acier<\/td>\n<td width=\"456\">10 pi\u00e8ces par essieu<\/td>\n<\/tr>\n<tr>\n<td width=\"29\">14<\/td>\n<td width=\"226\">Corps et extr\u00e9mit\u00e9 du r\u00e9servoir<\/td>\n<td width=\"456\">T\u00f4le d'acier Q235\/4mm et t\u00f4le d'acier 6mm Forme : type V<\/td>\n<\/tr>\n<tr>\n<td width=\"29\">15<\/td>\n<td width=\"226\">Moteur<\/td>\n<td width=\"456\">Moteur diesel : marque Weichai, mod\u00e8le 4102.44 KW<\/td>\n<\/tr>\n<tr>\n<td width=\"29\">16<\/td>\n<td width=\"226\">Vanne et tuyau de d\u00e9charge<\/td>\n<td width=\"456\">Vanne \u00e0 disque 4\" et tube d'acier sans soudure 4<\/td>\n<\/tr>\n<tr>\n<td width=\"29\">17<\/td>\n<td width=\"226\">Syst\u00e8me de charge d'air<\/td>\n<td width=\"456\">Trou principal de 2\". Clapet anti-retour 2\".Soupape de s\u00e9curit\u00e9 1,5\".Jauge 0,4Mpa.<\/td>\n<\/tr>\n<tr>\n<td width=\"29\">18<\/td>\n<td width=\"226\">Coup quadratique<\/td>\n<td width=\"456\">Clapet anti-retour de 1\" de diam\u00e8tre<\/td>\n<\/tr>\n<tr>\n<td width=\"29\">19<\/td>\n<td width=\"226\">Couvercle de d\u00e9charge<\/td>\n<td width=\"456\">2-4 jeux de vannes de d\u00e9charge de 100 mm<\/td>\n<\/tr>\n<tr>\n<td width=\"29\">20<\/td>\n<td width=\"226\">Train d'atterrissage<\/td>\n<td width=\"456\">Fonctionnement manuel, train d'atterrissage robuste (marque en option)<\/td>\n<\/tr>\n<tr>\n<td width=\"29\">21<\/td>\n<td width=\"226\">Couvercle de trou d'homme<\/td>\n<td width=\"456\">Couvercle de trou d'homme 500mm 2 sets avec 2 valves d'a\u00e9ration<\/td>\n<\/tr>\n<tr>\n<td width=\"29\">22<\/td>\n<td width=\"226\">Accessoires<\/td>\n<td width=\"456\">1 jeu de bo\u00eetes \u00e0 outils standard<\/td>\n<\/tr>\n<tr>\n<td width=\"29\">23<\/td>\n<td width=\"226\">Lumi\u00e8re<\/td>\n<td width=\"456\">Feu arri\u00e8re avec clignotant, feu stop et r\u00e9flecteur, feu lat\u00e9ral, etc.<\/td>\n<\/tr>\n<tr>\n<td width=\"29\">24<\/td>\n<td width=\"226\">Peinture<\/td>\n<td width=\"456\">1 couche d'appr\u00eat anticorrosion, 2 couches de peinture finale<\/td>\n<\/tr>\n<tr>\n<td colspan=\"3\" width=\"712\"><strong><b>Pneu :<\/b><\/strong><\/td>\n<\/tr>\n<tr>\n<td width=\"29\">25<\/td>\n<td width=\"226\">Sp\u00e9cification du pneu.<\/td>\n<td width=\"456\">12R22.5 ou 11R22.5<\/td>\n<\/tr>\n<tr>\n<td width=\"29\">26<\/td>\n<td width=\"226\">Nombre de pneus<\/td>\n<td width=\"456\">12 pi\u00e8ces<\/td>\n<\/tr>\n<tr>\n<td width=\"29\">27<\/td>\n<td width=\"226\">Porte-pneus de secours<\/td>\n<td width=\"456\">2 pi\u00e8ces<\/td>\n<\/tr>\n<tr>\n<td colspan=\"3\" width=\"712\"><strong><b>Freiner :<\/b><\/strong><\/td>\n<\/tr>\n<tr>\n<td width=\"29\">28<\/td>\n<td width=\"226\">Chambre de frein<\/td>\n<td width=\"456\">Six grandes chambres (marque en option)<\/td>\n<\/tr>\n<tr>\n<td width=\"29\">29<\/td>\n<td width=\"226\">Syst\u00e8me de freinage<\/td>\n<td width=\"456\">Syst\u00e8me de freinage \u00e0 deux conduites (ABS en option)<\/td>\n<\/tr>\n<\/tbody>\n<\/table>\n<p>&nbsp;<\/p>","protected":false},"excerpt":{"rendered":"<p>Poids \u00e0 vide\uff1a9500kg<br \/>\nPoids Charge\uff1a40T<br \/>\nDimensions (LxWxH)\uff1a10500*2500*3500mm<br \/>\nPieds de support\uff1a28T<br \/>\nMarque de l'essieu\uff1aFUWA 13tons<\/p>","protected":false},"featured_media":5294,"template":"","meta":{"_seopress_robots_primary_cat":"none","_seopress_titles_title":"%%post_title%%","_seopress_titles_desc":"%%post_excerpt%%","_seopress_robots_index":"","_uag_custom_page_level_css":"","site-sidebar-layout":"default","site-content-layout":"","ast-site-content-layout":"default","site-content-style":"default","site-sidebar-style":"default","ast-global-header-display":"","ast-banner-title-visibility":"","ast-main-header-display":"","ast-hfb-above-header-display":"","ast-hfb-below-header-display":"","ast-hfb-mobile-header-display":"","site-post-title":"","ast-breadcrumbs-content":"","ast-featured-img":"","footer-sml-layout":"","theme-transparent-header-meta":"default","adv-header-id-meta":"","stick-header-meta":"default","header-above-stick-meta":"","header-main-stick-meta":"","header-below-stick-meta":"","astra-migrate-meta-layouts":"set","ast-page-background-enabled":"default","ast-page-background-meta":{"desktop":{"background-color":"","background-image":"","background-repeat":"repeat","background-position":"center center","background-size":"auto","background-attachment":"scroll","background-type":"","background-media":"","overlay-type":"","overlay-color":"","overlay-opacity":"","overlay-gradient":""},"tablet":{"background-color":"","background-image":"","background-repeat":"repeat","background-position":"center center","background-size":"auto","background-attachment":"scroll","background-type":"","background-media":"","overlay-type":"","overlay-color":"","overlay-opacity":"","overlay-gradient":""},"mobile":{"background-color":"","background-image":"","background-repeat":"repeat","background-position":"center center","background-size":"auto","background-attachment":"scroll","background-type":"","background-media":"","overlay-type":"","overlay-color":"","overlay-opacity":"","overlay-gradient":""}},"ast-content-background-meta":{"desktop":{"background-color":"var(--ast-global-color-5)","background-image":"","background-repeat":"repeat","background-position":"center center","background-size":"auto","background-attachment":"scroll","background-type":"","background-media":"","overlay-type":"","overlay-color":"","overlay-opacity":"","overlay-gradient":""},"tablet":{"background-color":"var(--ast-global-color-5)","background-image":"","background-repeat":"repeat","background-position":"center center","background-size":"auto","background-attachment":"scroll","background-type":"","background-media":"","overlay-type":"","overlay-color":"","overlay-opacity":"","overlay-gradient":""},"mobile":{"background-color":"var(--ast-global-color-5)","background-image":"","background-repeat":"repeat","background-position":"center center","background-size":"auto","background-attachment":"scroll","background-type":"","background-media":"","overlay-type":"","overlay-color":"","overlay-opacity":"","overlay-gradient":""}}},"product_brand":[],"product_cat":[103],"product_tag":[],"class_list":{"0":"post-5293","1":"product","2":"type-product","3":"status-publish","4":"has-post-thumbnail","6":"product_cat-bulk-cement-semi-trailer","7":"desktop-align-center","8":"tablet-align-left","9":"mobile-align-left","10":"ast-product-gallery-layout-horizontal-slider","11":"ast-product-gallery-with-no-image","12":"ast-product-tabs-layout-horizontal","14":"first","15":"instock","16":"shipping-taxable","17":"product-type-simple"},"uagb_featured_image_src":{"full":["https:\/\/hfoton.com\/wp-content\/uploads\/2025\/10\/\u672a\u6807\u9898-1-32.jpg",540,360,false],"thumbnail":["https:\/\/hfoton.com\/wp-content\/uploads\/2025\/10\/\u672a\u6807\u9898-1-32-150x150.jpg",150,150,true],"medium":["https:\/\/hfoton.com\/wp-content\/uploads\/2025\/10\/\u672a\u6807\u9898-1-32-300x200.jpg",300,200,true],"medium_large":["https:\/\/hfoton.com\/wp-content\/uploads\/2025\/10\/\u672a\u6807\u9898-1-32.jpg",540,360,false],"large":["https:\/\/hfoton.com\/wp-content\/uploads\/2025\/10\/\u672a\u6807\u9898-1-32.jpg",540,360,false],"1536x1536":["https:\/\/hfoton.com\/wp-content\/uploads\/2025\/10\/\u672a\u6807\u9898-1-32.jpg",540,360,false],"2048x2048":["https:\/\/hfoton.com\/wp-content\/uploads\/2025\/10\/\u672a\u6807\u9898-1-32.jpg",540,360,false],"trp-custom-language-flag":["https:\/\/hfoton.com\/wp-content\/uploads\/2025\/10\/\u672a\u6807\u9898-1-32-18x12.jpg",18,12,true],"woocommerce_thumbnail":["https:\/\/hfoton.com\/wp-content\/uploads\/2025\/10\/\u672a\u6807\u9898-1-32-300x300.jpg",300,300,true],"woocommerce_single":["https:\/\/hfoton.com\/wp-content\/uploads\/2025\/10\/\u672a\u6807\u9898-1-32.jpg",540,360,false],"woocommerce_gallery_thumbnail":["https:\/\/hfoton.com\/wp-content\/uploads\/2025\/10\/\u672a\u6807\u9898-1-32-100x100.jpg",100,100,true]},"uagb_author_info":{"display_name":"jinxing6611@gmail.com","author_link":"https:\/\/hfoton.com\/fr\/author\/"},"uagb_comment_info":0,"uagb_excerpt":"Tare Weight\uff1a9500kg Weight Load\uff1a40T Dimensions (LxWxH)\uff1a10500*2500*3500mm Support legs\uff1a28T Axle Brand\uff1aFUWA 13tons","_links":{"self":[{"href":"https:\/\/hfoton.com\/fr\/wp-json\/wp\/v2\/product\/5293","targetHints":{"allow":["GET"]}}],"collection":[{"href":"https:\/\/hfoton.com\/fr\/wp-json\/wp\/v2\/product"}],"about":[{"href":"https:\/\/hfoton.com\/fr\/wp-json\/wp\/v2\/types\/product"}],"wp:featuredmedia":[{"embeddable":true,"href":"https:\/\/hfoton.com\/fr\/wp-json\/wp\/v2\/media\/5294"}],"wp:attachment":[{"href":"https:\/\/hfoton.com\/fr\/wp-json\/wp\/v2\/media?parent=5293"}],"wp:term":[{"taxonomy":"product_brand","embeddable":true,"href":"https:\/\/hfoton.com\/fr\/wp-json\/wp\/v2\/product_brand?post=5293"},{"taxonomy":"product_cat","embeddable":true,"href":"https:\/\/hfoton.com\/fr\/wp-json\/wp\/v2\/product_cat?post=5293"},{"taxonomy":"product_tag","embeddable":true,"href":"https:\/\/hfoton.com\/fr\/wp-json\/wp\/v2\/product_tag?post=5293"}],"curies":[{"name":"wp","href":"https:\/\/api.w.org\/{rel}","templated":true}]}}