{"id":5288,"date":"2025-10-30T09:56:23","date_gmt":"2025-10-30T09:56:23","guid":{"rendered":"http:\/\/hfoton.com\/?post_type=product&#038;p=5288"},"modified":"2025-10-30T10:06:32","modified_gmt":"2025-10-30T10:06:32","slug":"fuel-tank-truck","status":"publish","type":"product","link":"https:\/\/hfoton.com\/fr\/product\/fuel-tank-truck\/","title":{"rendered":"CAMION-CITERNE"},"content":{"rendered":"<h3 style=\"text-align: center;\">SPECIFICATION<\/h3>\n<p><img alt=\"\" fetchpriority=\"high\" decoding=\"async\" class=\"wp-image-5291 size-full aligncenter\" src=\"http:\/\/hfoton.com\/wp-content\/uploads\/2025\/10\/WPS\u56fe\u72471-17.png\" width=\"721\" height=\"538\" srcset=\"https:\/\/hfoton.com\/wp-content\/uploads\/2025\/10\/WPS\u56fe\u72471-17.png 721w, https:\/\/hfoton.com\/wp-content\/uploads\/2025\/10\/WPS\u56fe\u72471-17-300x224.png 300w, https:\/\/hfoton.com\/wp-content\/uploads\/2025\/10\/WPS\u56fe\u72471-17-16x12.png 16w, https:\/\/hfoton.com\/wp-content\/uploads\/2025\/10\/WPS\u56fe\u72471-17-600x448.png 600w\" sizes=\"(max-width: 721px) 100vw, 721px\" \/><\/p>\n<p><img alt=\"\" decoding=\"async\" class=\"wp-image-5292 size-full aligncenter\" src=\"http:\/\/hfoton.com\/wp-content\/uploads\/2025\/10\/WPS\u56fe\u72472-12.png\" width=\"1226\" height=\"406\" srcset=\"https:\/\/hfoton.com\/wp-content\/uploads\/2025\/10\/WPS\u56fe\u72472-12.png 1226w, https:\/\/hfoton.com\/wp-content\/uploads\/2025\/10\/WPS\u56fe\u72472-12-300x99.png 300w, https:\/\/hfoton.com\/wp-content\/uploads\/2025\/10\/WPS\u56fe\u72472-12-1024x339.png 1024w, https:\/\/hfoton.com\/wp-content\/uploads\/2025\/10\/WPS\u56fe\u72472-12-768x254.png 768w, https:\/\/hfoton.com\/wp-content\/uploads\/2025\/10\/WPS\u56fe\u72472-12-18x6.png 18w, https:\/\/hfoton.com\/wp-content\/uploads\/2025\/10\/WPS\u56fe\u72472-12-600x199.png 600w\" sizes=\"(max-width: 1226px) 100vw, 1226px\" \/><\/p>\n<table>\n<tbody>\n<tr>\n<td colspan=\"2\" width=\"712\">\n<p style=\"text-align: center;\"><strong><b>SPECIFICATION<\/b><\/strong><\/p>\n<\/td>\n<\/tr>\n<tr>\n<td width=\"217\">Nom du produit<\/td>\n<td width=\"495\">Camion-citerne Sinotruk HOWO 6*4<\/td>\n<\/tr>\n<tr>\n<td colspan=\"2\" width=\"712\"><strong><b>Description<\/b><\/strong><\/td>\n<\/tr>\n<tr>\n<td width=\"217\">Mod\u00e8le de camion<\/td>\n<td width=\"495\">ZZ1257V4647<\/td>\n<\/tr>\n<tr>\n<td width=\"217\">Position de conduite<\/td>\n<td width=\"495\">Conduite \u00e0 gauche<\/td>\n<\/tr>\n<tr>\n<td width=\"217\">Capacit\u00e9 du r\u00e9servoir de carburant\uff08L\uff09<\/td>\n<td width=\"495\">300<\/td>\n<\/tr>\n<tr>\n<td width=\"217\">Poids mort<\/td>\n<td width=\"495\">13700kg<\/td>\n<\/tr>\n<tr>\n<td width=\"217\">Empattement\uff08mm\uff09<\/td>\n<td width=\"495\">5225+1350<\/td>\n<\/tr>\n<tr>\n<td width=\"217\">Couleur<\/td>\n<td width=\"495\">Blanc<\/td>\n<\/tr>\n<tr>\n<td colspan=\"2\" width=\"712\"><strong><b>Citerne<\/b><\/strong><\/td>\n<\/tr>\n<tr>\n<td width=\"217\">Capacit\u00e9 du r\u00e9servoir<\/td>\n<td width=\"495\">20000 litres<\/td>\n<\/tr>\n<tr>\n<td width=\"217\">Mat\u00e9riau<\/td>\n<td width=\"495\">Acier au carbone Q235<\/td>\n<\/tr>\n<tr>\n<td width=\"217\">Corps<\/td>\n<td width=\"495\">\u00c9paisseur du corps : 5 mm Plaque avant\/arri\u00e8re : 6 mm<\/td>\n<\/tr>\n<tr>\n<td width=\"217\">Compartiment<\/td>\n<td width=\"495\">2 10m3+10m3<\/td>\n<\/tr>\n<tr>\n<td width=\"217\">Trou d'homme<\/td>\n<td width=\"495\">2 Norme europ\u00e9enne<\/td>\n<\/tr>\n<tr>\n<td width=\"217\">Valeur plancher<\/td>\n<td width=\"495\">2<\/td>\n<\/tr>\n<tr>\n<td width=\"217\">Valeur de la d\u00e9charge<\/td>\n<td width=\"495\">2<\/td>\n<\/tr>\n<tr>\n<td width=\"217\">\u00c9chelle de levage<\/td>\n<td width=\"495\">Y compris la passerelle sup\u00e9rieure et l'arri\u00e8re<\/td>\n<\/tr>\n<tr>\n<td colspan=\"2\" width=\"712\"><strong><b>Moteur<\/b><\/strong><\/td>\n<\/tr>\n<tr>\n<td width=\"217\">Mod\u00e8le<\/td>\n<td width=\"495\">WP.400E201<\/td>\n<\/tr>\n<tr>\n<td width=\"217\">Puissance<\/td>\n<td width=\"495\">400 ch<\/td>\n<\/tr>\n<tr>\n<td width=\"217\">\u00c9missions<\/td>\n<td width=\"495\">EURO II, refroidissement par eau\uff0cquatre temps\uff0c6 cylindres en ligne, injection directe<\/td>\n<\/tr>\n<tr>\n<td width=\"217\">Type de carburant<\/td>\n<td width=\"495\">Diesel<\/td>\n<\/tr>\n<tr>\n<td width=\"217\">Consommation de carburant (L\/100km)<\/td>\n<td width=\"495\">25L\/100km<\/td>\n<\/tr>\n<tr>\n<td width=\"217\">Type de transmission<\/td>\n<td width=\"495\">Manuel HW 19710<\/td>\n<\/tr>\n<tr>\n<td width=\"217\">Embrayage<\/td>\n<td width=\"495\">Embrayage \u00e0 diaphragme renforc\u00e9, diam\u00e8tre 430 mm<\/td>\n<\/tr>\n<\/tbody>\n<\/table>\n<table>\n<tbody>\n<tr>\n<td width=\"217\">Syst\u00e8me de pilotage<\/td>\n<td width=\"495\">ZF8098,Direction assist\u00e9e<\/td>\n<\/tr>\n<tr>\n<td colspan=\"2\" width=\"712\"><strong><b>Pompe \u00e0 huile \u00e0 engrenages<\/b><\/strong><\/td>\n<\/tr>\n<tr>\n<td width=\"217\">Mod\u00e8le<\/td>\n<td width=\"495\">76YCB-40(F)<\/td>\n<\/tr>\n<tr>\n<td width=\"217\">flux m3\/h<\/td>\n<td width=\"495\">40<\/td>\n<\/tr>\n<tr>\n<td width=\"217\">Entr\u00e9e\/sortie du c\u00e2ble mm<\/td>\n<td width=\"495\">76<\/td>\n<\/tr>\n<tr>\n<td width=\"217\">RPM r\/min<\/td>\n<td width=\"495\">960<\/td>\n<\/tr>\n<tr>\n<td width=\"217\">Syst\u00e8me de comptage<\/td>\n<td width=\"495\">LC-40 Retour \u00e0 z\u00e9ro Syst\u00e8me de d\u00e9charge 3<\/td>\n<\/tr>\n<tr>\n<td colspan=\"2\" width=\"712\"><strong><b>Essieux<\/b><\/strong><\/td>\n<\/tr>\n<tr>\n<td width=\"217\">Mod\u00e8le d'essieu avant<\/td>\n<td width=\"495\">Essieu VGD95. Capacit\u00e9 : 7000kg<\/td>\n<\/tr>\n<tr>\n<td width=\"217\">Essieu arri\u00e8re<\/td>\n<td width=\"495\">Capacit\u00e9 de l'essieu HC16 : 16000kg<\/td>\n<\/tr>\n<tr>\n<td colspan=\"2\" width=\"712\"><strong><b>Roues &amp;<\/b><\/strong><strong><b>\u00a0<\/b><\/strong><strong><b>Pneus<\/b><\/strong><\/td>\n<\/tr>\n<tr>\n<td width=\"217\">Type<\/td>\n<td width=\"495\">12R22.5 Nouveau<\/td>\n<\/tr>\n<tr>\n<td width=\"217\">Mat\u00e9riau<\/td>\n<td width=\"495\">Pneus sans chambre \u00e0 air<\/td>\n<\/tr>\n<tr>\n<td width=\"217\">Quantit\u00e9<\/td>\n<td width=\"495\">10 +1spare<\/td>\n<\/tr>\n<tr>\n<td colspan=\"2\" width=\"712\"><strong><b>Syst\u00e8me de freinage<\/b><\/strong><\/td>\n<\/tr>\n<tr>\n<td width=\"217\">Frein de service<\/td>\n<td width=\"495\">Frein \u00e0 air comprim\u00e9 \u00e0 double circuit<\/td>\n<\/tr>\n<tr>\n<td width=\"217\">Frein de stationnement<\/td>\n<td width=\"495\">\u00e9nergie du ressort, air comprim\u00e9 fonctionnant sur les roues arri\u00e8re<\/td>\n<\/tr>\n<tr>\n<td width=\"217\">Frein auxiliaire<\/td>\n<td width=\"495\">Frein d'\u00e9chappement du moteur<\/td>\n<\/tr>\n<tr>\n<td colspan=\"2\" width=\"712\"><strong><b>Syst\u00e8me \u00e9lectrique<\/b><\/strong><\/td>\n<\/tr>\n<tr>\n<td width=\"217\">Batterie<\/td>\n<td width=\"495\">2X12V\/165Ah<\/td>\n<\/tr>\n<tr>\n<td width=\"217\">Alternateur<\/td>\n<td width=\"495\">28V-1500kw<\/td>\n<\/tr>\n<tr>\n<td width=\"217\">D\u00e9marrage<\/td>\n<td width=\"495\">7.5Kw\/24V<\/td>\n<\/tr>\n<tr>\n<td colspan=\"2\" width=\"712\"><strong><b>Cabine<\/b><\/strong><\/td>\n<\/tr>\n<tr>\n<td width=\"217\">Type<\/td>\n<td width=\"495\">Cabine HW76<\/td>\n<\/tr>\n<tr>\n<td colspan=\"2\" width=\"712\">Une couchette avec climatiseur \uff0c commande de marche avant en acier, 55 \u00ba inclinable hydrauliquement vers l'avant, syst\u00e8me d'essuie-glace \u00e0 deux bras et trois vitesses, pare-brise stratifi\u00e9 avec antenne radio encastr\u00e9e, si\u00e8ge du conducteur r\u00e9glable hydrauliquement et si\u00e8ge du copilote r\u00e9glable rigidement, avec syst\u00e8me de chauffage et de ventilation, pare-soleil ext\u00e9rieur, volet de toit r\u00e9glable, avec radio st\u00e9r\u00e9o\/enregistreur de cassettes, ceintures de s\u00e9curit\u00e9 et volant r\u00e9glable, klaxon pneumatique, avec suspension \u00e0 4 points enti\u00e8rement flottante et amortisseurs de chocs.<\/td>\n<\/tr>\n<tr>\n<td colspan=\"2\" width=\"712\"><strong><b>Autres<\/b><\/strong><\/td>\n<\/tr>\n<tr>\n<td colspan=\"2\" width=\"712\">Limiteur de vitesse 102km\/h ; 2 extincteurs\uff1bPlaque anglaise ; Bo\u00eete \u00e0 outils<\/td>\n<\/tr>\n<\/tbody>\n<\/table>","protected":false},"excerpt":{"rendered":"<p>Une couchette avec climatiseur\uff0c commande de marche avant en acier, inclinable hydrauliquement \u00e0 55\u00ba vers l'avant, syst\u00e8me d'essuie-glace \u00e0 deux bras et trois vitesses, pare-brise stratifi\u00e9 avec antenne radio encastr\u00e9e, si\u00e8ge du conducteur r\u00e9glable par amortisseur hydraulique et si\u00e8ge du copilote r\u00e9glable de mani\u00e8re rigide, avec syst\u00e8me de chauffage et de ventilation, pare-soleil ext\u00e9rieur, volet de toit r\u00e9glable, avec radio st\u00e9r\u00e9o\/enregistreur de cassettes, ceintures de s\u00e9curit\u00e9 et volant r\u00e9glable, klaxon \u00e0 air, avec suspension flottante \u00e0 4 points d'appui et amortisseurs.<\/p>","protected":false},"featured_media":5289,"template":"","meta":{"_seopress_robots_primary_cat":"none","_seopress_titles_title":"%%post_title%%","_seopress_titles_desc":"%%post_excerpt%%","_seopress_robots_index":"","_uag_custom_page_level_css":"","site-sidebar-layout":"default","site-content-layout":"","ast-site-content-layout":"default","site-content-style":"default","site-sidebar-style":"default","ast-global-header-display":"","ast-banner-title-visibility":"","ast-main-header-display":"","ast-hfb-above-header-display":"","ast-hfb-below-header-display":"","ast-hfb-mobile-header-display":"","site-post-title":"","ast-breadcrumbs-content":"","ast-featured-img":"","footer-sml-layout":"","theme-transparent-header-meta":"default","adv-header-id-meta":"","stick-header-meta":"default","header-above-stick-meta":"","header-main-stick-meta":"","header-below-stick-meta":"","astra-migrate-meta-layouts":"set","ast-page-background-enabled":"default","ast-page-background-meta":{"desktop":{"background-color":"","background-image":"","background-repeat":"repeat","background-position":"center center","background-size":"auto","background-attachment":"scroll","background-type":"","background-media":"","overlay-type":"","overlay-color":"","overlay-opacity":"","overlay-gradient":""},"tablet":{"background-color":"","background-image":"","background-repeat":"repeat","background-position":"center center","background-size":"auto","background-attachment":"scroll","background-type":"","background-media":"","overlay-type":"","overlay-color":"","overlay-opacity":"","overlay-gradient":""},"mobile":{"background-color":"","background-image":"","background-repeat":"repeat","background-position":"center center","background-size":"auto","background-attachment":"scroll","background-type":"","background-media":"","overlay-type":"","overlay-color":"","overlay-opacity":"","overlay-gradient":""}},"ast-content-background-meta":{"desktop":{"background-color":"var(--ast-global-color-5)","background-image":"","background-repeat":"repeat","background-position":"center center","background-size":"auto","background-attachment":"scroll","background-type":"","background-media":"","overlay-type":"","overlay-color":"","overlay-opacity":"","overlay-gradient":""},"tablet":{"background-color":"var(--ast-global-color-5)","background-image":"","background-repeat":"repeat","background-position":"center center","background-size":"auto","background-attachment":"scroll","background-type":"","background-media":"","overlay-type":"","overlay-color":"","overlay-opacity":"","overlay-gradient":""},"mobile":{"background-color":"var(--ast-global-color-5)","background-image":"","background-repeat":"repeat","background-position":"center center","background-size":"auto","background-attachment":"scroll","background-type":"","background-media":"","overlay-type":"","overlay-color":"","overlay-opacity":"","overlay-gradient":""}}},"product_brand":[],"product_cat":[90],"product_tag":[],"class_list":{"0":"post-5288","1":"product","2":"type-product","3":"status-publish","4":"has-post-thumbnail","6":"product_cat-oil-tank-truck","7":"desktop-align-center","8":"tablet-align-left","9":"mobile-align-left","10":"ast-product-gallery-layout-horizontal-slider","11":"ast-product-tabs-layout-horizontal","13":"first","14":"instock","15":"shipping-taxable","16":"product-type-simple"},"uagb_featured_image_src":{"full":["https:\/\/hfoton.com\/wp-content\/uploads\/2025\/10\/\u672a\u6807\u9898-1-31.jpg",540,360,false],"thumbnail":["https:\/\/hfoton.com\/wp-content\/uploads\/2025\/10\/\u672a\u6807\u9898-1-31-150x150.jpg",150,150,true],"medium":["https:\/\/hfoton.com\/wp-content\/uploads\/2025\/10\/\u672a\u6807\u9898-1-31-300x200.jpg",300,200,true],"medium_large":["https:\/\/hfoton.com\/wp-content\/uploads\/2025\/10\/\u672a\u6807\u9898-1-31.jpg",540,360,false],"large":["https:\/\/hfoton.com\/wp-content\/uploads\/2025\/10\/\u672a\u6807\u9898-1-31.jpg",540,360,false],"1536x1536":["https:\/\/hfoton.com\/wp-content\/uploads\/2025\/10\/\u672a\u6807\u9898-1-31.jpg",540,360,false],"2048x2048":["https:\/\/hfoton.com\/wp-content\/uploads\/2025\/10\/\u672a\u6807\u9898-1-31.jpg",540,360,false],"trp-custom-language-flag":["https:\/\/hfoton.com\/wp-content\/uploads\/2025\/10\/\u672a\u6807\u9898-1-31-18x12.jpg",18,12,true],"woocommerce_thumbnail":["https:\/\/hfoton.com\/wp-content\/uploads\/2025\/10\/\u672a\u6807\u9898-1-31-300x300.jpg",300,300,true],"woocommerce_single":["https:\/\/hfoton.com\/wp-content\/uploads\/2025\/10\/\u672a\u6807\u9898-1-31.jpg",540,360,false],"woocommerce_gallery_thumbnail":["https:\/\/hfoton.com\/wp-content\/uploads\/2025\/10\/\u672a\u6807\u9898-1-31-100x100.jpg",100,100,true]},"uagb_author_info":{"display_name":"jinxing6611@gmail.com","author_link":"https:\/\/hfoton.com\/fr\/author\/"},"uagb_comment_info":0,"uagb_excerpt":"One sleeper with air conditioner\uff0call-steel forward control, 55\u00bahydraulically tiltable to the front, 2- arm windscreen wiper system with three speeds, laminated windscreen with casted-in radio aerial, hydraulically damped adjustable driver\u2019s seat and rigid adjustable co-driver\u2019s seat, with heating and ventilating system, outer sun visor, adjustable roof flap, with stereo radio\/cassette recorder, safety belts and adjustable\u2026","_links":{"self":[{"href":"https:\/\/hfoton.com\/fr\/wp-json\/wp\/v2\/product\/5288","targetHints":{"allow":["GET"]}}],"collection":[{"href":"https:\/\/hfoton.com\/fr\/wp-json\/wp\/v2\/product"}],"about":[{"href":"https:\/\/hfoton.com\/fr\/wp-json\/wp\/v2\/types\/product"}],"wp:featuredmedia":[{"embeddable":true,"href":"https:\/\/hfoton.com\/fr\/wp-json\/wp\/v2\/media\/5289"}],"wp:attachment":[{"href":"https:\/\/hfoton.com\/fr\/wp-json\/wp\/v2\/media?parent=5288"}],"wp:term":[{"taxonomy":"product_brand","embeddable":true,"href":"https:\/\/hfoton.com\/fr\/wp-json\/wp\/v2\/product_brand?post=5288"},{"taxonomy":"product_cat","embeddable":true,"href":"https:\/\/hfoton.com\/fr\/wp-json\/wp\/v2\/product_cat?post=5288"},{"taxonomy":"product_tag","embeddable":true,"href":"https:\/\/hfoton.com\/fr\/wp-json\/wp\/v2\/product_tag?post=5288"}],"curies":[{"name":"wp","href":"https:\/\/api.w.org\/{rel}","templated":true}]}}