{"id":5276,"date":"2025-10-30T09:34:54","date_gmt":"2025-10-30T09:34:54","guid":{"rendered":"http:\/\/hfoton.com\/?post_type=product&#038;p=5276"},"modified":"2025-10-30T09:55:15","modified_gmt":"2025-10-30T09:55:15","slug":"3-axle-oil-tanker-semi-trailer","status":"publish","type":"product","link":"https:\/\/hfoton.com\/fr\/product\/3-axle-oil-tanker-semi-trailer\/","title":{"rendered":"SEMI-REMORQUE P\u00c9TROLI\u00c8RE \u00c0 3 ESSIEUX"},"content":{"rendered":"<h3 style=\"text-align: center;\">SPECIFICATION<\/h3>\n<p><img alt=\"\" fetchpriority=\"high\" decoding=\"async\" class=\"wp-image-5282 size-full aligncenter\" src=\"http:\/\/hfoton.com\/wp-content\/uploads\/2025\/10\/WPS\u56fe\u72471-16.png\" width=\"878\" height=\"599\" srcset=\"https:\/\/hfoton.com\/wp-content\/uploads\/2025\/10\/WPS\u56fe\u72471-16.png 878w, https:\/\/hfoton.com\/wp-content\/uploads\/2025\/10\/WPS\u56fe\u72471-16-300x205.png 300w, https:\/\/hfoton.com\/wp-content\/uploads\/2025\/10\/WPS\u56fe\u72471-16-768x524.png 768w, https:\/\/hfoton.com\/wp-content\/uploads\/2025\/10\/WPS\u56fe\u72471-16-18x12.png 18w, https:\/\/hfoton.com\/wp-content\/uploads\/2025\/10\/WPS\u56fe\u72471-16-600x409.png 600w\" sizes=\"(max-width: 878px) 100vw, 878px\" \/><\/p>\n<p><img alt=\"\" decoding=\"async\" class=\"wp-image-5283 size-full aligncenter\" src=\"http:\/\/hfoton.com\/wp-content\/uploads\/2025\/10\/WPS\u56fe\u72472-11.png\" width=\"900\" height=\"326\" srcset=\"https:\/\/hfoton.com\/wp-content\/uploads\/2025\/10\/WPS\u56fe\u72472-11.png 900w, https:\/\/hfoton.com\/wp-content\/uploads\/2025\/10\/WPS\u56fe\u72472-11-300x109.png 300w, https:\/\/hfoton.com\/wp-content\/uploads\/2025\/10\/WPS\u56fe\u72472-11-768x278.png 768w, https:\/\/hfoton.com\/wp-content\/uploads\/2025\/10\/WPS\u56fe\u72472-11-18x7.png 18w, https:\/\/hfoton.com\/wp-content\/uploads\/2025\/10\/WPS\u56fe\u72472-11-600x217.png 600w\" sizes=\"(max-width: 900px) 100vw, 900px\" \/><\/p>\n<table>\n<tbody>\n<tr>\n<td colspan=\"2\" width=\"688\">\n<p style=\"text-align: center;\">CARACT\u00c9RISTIQUES TECHNIQUES<\/p>\n<\/td>\n<\/tr>\n<tr>\n<td colspan=\"2\" width=\"688\">Nom du produit : Semi-remorque p\u00e9troli\u00e8re \u00e0 3 essieux<\/td>\n<\/tr>\n<tr>\n<td colspan=\"2\" width=\"688\">Dimensions sup\u00e9rieures : 11500*2500*3900mm<\/td>\n<\/tr>\n<tr>\n<td colspan=\"2\" width=\"688\"><strong><b>Acier<\/b><\/strong><strong><b>\u00a0<\/b><\/strong><strong><b>Structure<\/b><\/strong><\/td>\n<\/tr>\n<tr>\n<td width=\"191\">Mat\u00e9riau<\/td>\n<td width=\"497\">Acier Q235<\/td>\n<\/tr>\n<tr>\n<td width=\"191\">Cadre<\/td>\n<td width=\"497\">La hauteur de la poutre principale est de 500 mm<\/td>\n<\/tr>\n<tr>\n<td width=\"191\">Poutre de cadre<\/td>\n<td width=\"497\">La plaque sup\u00e9rieure est de 14 mm, la plaque inf\u00e9rieure est de 16 mm, la plaque centrale est de 6 mm.<\/td>\n<\/tr>\n<tr>\n<td width=\"191\">Train d'atterrissage<\/td>\n<td width=\"497\">Marque chinoise 28 Tonnes<\/td>\n<\/tr>\n<tr>\n<td width=\"191\">vanne sous-marine<\/td>\n<td width=\"497\">2<\/td>\n<\/tr>\n<tr>\n<td width=\"191\">soupape d'huile<\/td>\n<td width=\"497\">2<\/td>\n<\/tr>\n<tr>\n<td colspan=\"2\" width=\"688\"><strong><b>Citerne<\/b><\/strong><\/td>\n<\/tr>\n<tr>\n<td width=\"191\">Volume<\/td>\n<td width=\"497\">45 CBM<\/td>\n<\/tr>\n<tr>\n<td width=\"191\">\u00c9paisseur du corps<\/td>\n<td width=\"497\">6 mm<\/td>\n<\/tr>\n<tr>\n<td width=\"191\">Plaque avant\/finale<\/td>\n<td width=\"497\">6 mm<\/td>\n<\/tr>\n<tr>\n<td width=\"191\">Compartiments<\/td>\n<td width=\"497\">2 compartiments<\/td>\n<\/tr>\n<tr>\n<td colspan=\"2\" width=\"688\"><strong><b>Sp\u00e9cifications<\/b><\/strong><\/td>\n<\/tr>\n<tr>\n<td width=\"191\">Marque de l'essieu<\/td>\n<td width=\"497\">13TON Essieu,<\/td>\n<\/tr>\n<tr>\n<td width=\"191\">Num\u00e9ro d'essieu<\/td>\n<td width=\"497\">Trois<\/td>\n<\/tr>\n<\/tbody>\n<\/table>\n<table>\n<tbody>\n<tr>\n<td width=\"191\">Syst\u00e8me de suspension<\/td>\n<td width=\"497\">Suspension m\u00e9canique<\/td>\n<\/tr>\n<tr>\n<td width=\"191\">Ressort en acier<\/td>\n<td width=\"497\">10\/10\/10 suspension \u00e0 lames<\/td>\n<\/tr>\n<tr>\n<td width=\"191\">Jante<\/td>\n<td width=\"497\">9.0-22.5<\/td>\n<\/tr>\n<tr>\n<td colspan=\"2\" width=\"688\"><strong><b>Pneu<\/b><\/strong><\/td>\n<\/tr>\n<tr>\n<td width=\"191\">Type et qualit\u00e9 des pneus<\/td>\n<td width=\"497\">12R22.5 , 12 unit\u00e9s<\/td>\n<\/tr>\n<tr>\n<td width=\"191\">Nombre de pneus<\/td>\n<td width=\"497\">12 pi\u00e8ces<\/td>\n<\/tr>\n<tr>\n<td width=\"191\">Support de roue de secours<\/td>\n<td width=\"497\">1 pi\u00e8ces<\/td>\n<\/tr>\n<tr>\n<td colspan=\"2\" width=\"688\"><strong><b>Frein<\/b><\/strong><\/td>\n<\/tr>\n<tr>\n<td width=\"191\">Syst\u00e8me de freinage<\/td>\n<td width=\"497\">Syst\u00e8me de freinage \u00e0 double ligne<\/td>\n<\/tr>\n<tr>\n<td width=\"191\">Chambre de frein<\/td>\n<td width=\"497\">Quatre chambres doubles et deux chambres simples, en option WABCO<\/td>\n<\/tr>\n<tr>\n<td colspan=\"2\" width=\"688\"><strong><b>Syst\u00e8me \u00e9lectrique<\/b><\/strong><\/td>\n<\/tr>\n<tr>\n<td width=\"191\">C\u00e2ble<\/td>\n<td width=\"497\">Un jeu de c\u00e2bles standard \u00e0 6 fils.<\/td>\n<\/tr>\n<tr>\n<td width=\"191\">Tension<\/td>\n<td width=\"497\">24V<\/td>\n<\/tr>\n<tr>\n<td width=\"191\">R\u00e9ceptacle<\/td>\n<td width=\"497\">7 voies (7 faisceaux de fils)<\/td>\n<\/tr>\n<tr>\n<td width=\"191\">Lumi\u00e8re<\/td>\n<td width=\"497\">Feu arri\u00e8re avec clignotant, feu stop et r\u00e9flecteur, feu lat\u00e9ral, etc.<\/td>\n<\/tr>\n<tr>\n<td colspan=\"2\" width=\"688\"><strong><b>Divers<\/b><\/strong><\/td>\n<\/tr>\n<tr>\n<td width=\"191\">Protection lat\u00e9rale<\/td>\n<td width=\"497\">Avec<\/td>\n<\/tr>\n<tr>\n<td width=\"191\">Peinture et marquage<\/td>\n<td width=\"497\">Selon les exigences des clients<\/td>\n<\/tr>\n<\/tbody>\n<\/table>","protected":false},"excerpt":{"rendered":"<p><b>Nom du produit :<\/b>Semi-remorque p\u00e9troli\u00e8re \u00e0 3 essieux<br \/>\n<b>Plus de Dimensions :<\/b>11500*2500*3900mm<br \/>\n<b>Mat\u00e9riau :<\/b>Acier Q235<br \/>\n<b>Cadre :<\/b>La hauteur de la poutre principale est de 500 mm<\/p>","protected":false},"featured_media":5280,"template":"","meta":{"_seopress_robots_primary_cat":"none","_seopress_titles_title":"%%post_title%%","_seopress_titles_desc":"%%post_excerpt%%","_seopress_robots_index":"","_uag_custom_page_level_css":"","site-sidebar-layout":"default","site-content-layout":"","ast-site-content-layout":"default","site-content-style":"default","site-sidebar-style":"default","ast-global-header-display":"","ast-banner-title-visibility":"","ast-main-header-display":"","ast-hfb-above-header-display":"","ast-hfb-below-header-display":"","ast-hfb-mobile-header-display":"","site-post-title":"","ast-breadcrumbs-content":"","ast-featured-img":"","footer-sml-layout":"","theme-transparent-header-meta":"default","adv-header-id-meta":"","stick-header-meta":"default","header-above-stick-meta":"","header-main-stick-meta":"","header-below-stick-meta":"","astra-migrate-meta-layouts":"set","ast-page-background-enabled":"default","ast-page-background-meta":{"desktop":{"background-color":"","background-image":"","background-repeat":"repeat","background-position":"center center","background-size":"auto","background-attachment":"scroll","background-type":"","background-media":"","overlay-type":"","overlay-color":"","overlay-opacity":"","overlay-gradient":""},"tablet":{"background-color":"","background-image":"","background-repeat":"repeat","background-position":"center center","background-size":"auto","background-attachment":"scroll","background-type":"","background-media":"","overlay-type":"","overlay-color":"","overlay-opacity":"","overlay-gradient":""},"mobile":{"background-color":"","background-image":"","background-repeat":"repeat","background-position":"center center","background-size":"auto","background-attachment":"scroll","background-type":"","background-media":"","overlay-type":"","overlay-color":"","overlay-opacity":"","overlay-gradient":""}},"ast-content-background-meta":{"desktop":{"background-color":"var(--ast-global-color-5)","background-image":"","background-repeat":"repeat","background-position":"center center","background-size":"auto","background-attachment":"scroll","background-type":"","background-media":"","overlay-type":"","overlay-color":"","overlay-opacity":"","overlay-gradient":""},"tablet":{"background-color":"var(--ast-global-color-5)","background-image":"","background-repeat":"repeat","background-position":"center center","background-size":"auto","background-attachment":"scroll","background-type":"","background-media":"","overlay-type":"","overlay-color":"","overlay-opacity":"","overlay-gradient":""},"mobile":{"background-color":"var(--ast-global-color-5)","background-image":"","background-repeat":"repeat","background-position":"center center","background-size":"auto","background-attachment":"scroll","background-type":"","background-media":"","overlay-type":"","overlay-color":"","overlay-opacity":"","overlay-gradient":""}}},"product_brand":[],"product_cat":[102],"product_tag":[],"class_list":{"0":"post-5276","1":"product","2":"type-product","3":"status-publish","4":"has-post-thumbnail","6":"product_cat-oil-tanker-semi-trailer","7":"desktop-align-center","8":"tablet-align-left","9":"mobile-align-left","10":"ast-product-gallery-layout-horizontal-slider","11":"ast-product-tabs-layout-horizontal","13":"first","14":"instock","15":"shipping-taxable","16":"product-type-simple"},"uagb_featured_image_src":{"full":["https:\/\/hfoton.com\/wp-content\/uploads\/2025\/10\/\u672a\u6807\u9898-1-30.jpg",540,360,false],"thumbnail":["https:\/\/hfoton.com\/wp-content\/uploads\/2025\/10\/\u672a\u6807\u9898-1-30-150x150.jpg",150,150,true],"medium":["https:\/\/hfoton.com\/wp-content\/uploads\/2025\/10\/\u672a\u6807\u9898-1-30-300x200.jpg",300,200,true],"medium_large":["https:\/\/hfoton.com\/wp-content\/uploads\/2025\/10\/\u672a\u6807\u9898-1-30.jpg",540,360,false],"large":["https:\/\/hfoton.com\/wp-content\/uploads\/2025\/10\/\u672a\u6807\u9898-1-30.jpg",540,360,false],"1536x1536":["https:\/\/hfoton.com\/wp-content\/uploads\/2025\/10\/\u672a\u6807\u9898-1-30.jpg",540,360,false],"2048x2048":["https:\/\/hfoton.com\/wp-content\/uploads\/2025\/10\/\u672a\u6807\u9898-1-30.jpg",540,360,false],"trp-custom-language-flag":["https:\/\/hfoton.com\/wp-content\/uploads\/2025\/10\/\u672a\u6807\u9898-1-30-18x12.jpg",18,12,true],"woocommerce_thumbnail":["https:\/\/hfoton.com\/wp-content\/uploads\/2025\/10\/\u672a\u6807\u9898-1-30-300x300.jpg",300,300,true],"woocommerce_single":["https:\/\/hfoton.com\/wp-content\/uploads\/2025\/10\/\u672a\u6807\u9898-1-30.jpg",540,360,false],"woocommerce_gallery_thumbnail":["https:\/\/hfoton.com\/wp-content\/uploads\/2025\/10\/\u672a\u6807\u9898-1-30-100x100.jpg",100,100,true]},"uagb_author_info":{"display_name":"jinxing6611@gmail.com","author_link":"https:\/\/hfoton.com\/fr\/author\/"},"uagb_comment_info":0,"uagb_excerpt":"Product Name:3 axle oil tanker semi trailer Over Dimensions:11500*2500*3900mm Material:Q235 Steel Frame:Main beam height is 500mm","_links":{"self":[{"href":"https:\/\/hfoton.com\/fr\/wp-json\/wp\/v2\/product\/5276","targetHints":{"allow":["GET"]}}],"collection":[{"href":"https:\/\/hfoton.com\/fr\/wp-json\/wp\/v2\/product"}],"about":[{"href":"https:\/\/hfoton.com\/fr\/wp-json\/wp\/v2\/types\/product"}],"wp:featuredmedia":[{"embeddable":true,"href":"https:\/\/hfoton.com\/fr\/wp-json\/wp\/v2\/media\/5280"}],"wp:attachment":[{"href":"https:\/\/hfoton.com\/fr\/wp-json\/wp\/v2\/media?parent=5276"}],"wp:term":[{"taxonomy":"product_brand","embeddable":true,"href":"https:\/\/hfoton.com\/fr\/wp-json\/wp\/v2\/product_brand?post=5276"},{"taxonomy":"product_cat","embeddable":true,"href":"https:\/\/hfoton.com\/fr\/wp-json\/wp\/v2\/product_cat?post=5276"},{"taxonomy":"product_tag","embeddable":true,"href":"https:\/\/hfoton.com\/fr\/wp-json\/wp\/v2\/product_tag?post=5276"}],"curies":[{"name":"wp","href":"https:\/\/api.w.org\/{rel}","templated":true}]}}