{"id":5271,"date":"2025-10-30T09:29:25","date_gmt":"2025-10-30T09:29:25","guid":{"rendered":"http:\/\/hfoton.com\/?post_type=product&#038;p=5271"},"modified":"2025-10-30T09:45:20","modified_gmt":"2025-10-30T09:45:20","slug":"three-axle-dump-semi-trailer","status":"publish","type":"product","link":"https:\/\/hfoton.com\/fr\/product\/three-axle-dump-semi-trailer\/","title":{"rendered":"SEMI-REMORQUE \u00c0 BENNE BASCULANTE \u00c0 TROIS ESSIEUX"},"content":{"rendered":"<h3 style=\"text-align: center;\">SPECIFICATION<\/h3>\n<p><img alt=\"\" fetchpriority=\"high\" decoding=\"async\" class=\"wp-image-5274 size-full aligncenter\" src=\"http:\/\/hfoton.com\/wp-content\/uploads\/2025\/10\/WPS\u56fe\u72471-15.png\" width=\"741\" height=\"492\" srcset=\"https:\/\/hfoton.com\/wp-content\/uploads\/2025\/10\/WPS\u56fe\u72471-15.png 741w, https:\/\/hfoton.com\/wp-content\/uploads\/2025\/10\/WPS\u56fe\u72471-15-300x199.png 300w, https:\/\/hfoton.com\/wp-content\/uploads\/2025\/10\/WPS\u56fe\u72471-15-18x12.png 18w, https:\/\/hfoton.com\/wp-content\/uploads\/2025\/10\/WPS\u56fe\u72471-15-600x398.png 600w\" sizes=\"(max-width: 741px) 100vw, 741px\" \/><\/p>\n<p><img alt=\"\" decoding=\"async\" class=\"wp-image-5275 size-full aligncenter\" src=\"http:\/\/hfoton.com\/wp-content\/uploads\/2025\/10\/WPS\u56fe\u72472-10.png\" width=\"900\" height=\"464\" srcset=\"https:\/\/hfoton.com\/wp-content\/uploads\/2025\/10\/WPS\u56fe\u72472-10.png 900w, https:\/\/hfoton.com\/wp-content\/uploads\/2025\/10\/WPS\u56fe\u72472-10-300x155.png 300w, https:\/\/hfoton.com\/wp-content\/uploads\/2025\/10\/WPS\u56fe\u72472-10-768x396.png 768w, https:\/\/hfoton.com\/wp-content\/uploads\/2025\/10\/WPS\u56fe\u72472-10-18x9.png 18w, https:\/\/hfoton.com\/wp-content\/uploads\/2025\/10\/WPS\u56fe\u72472-10-600x309.png 600w\" sizes=\"(max-width: 900px) 100vw, 900px\" \/><\/p>\n<table>\n<tbody>\n<tr>\n<td colspan=\"2\" width=\"692\">\n<p style=\"text-align: center;\">DIMENSIONS<\/p>\n<\/td>\n<\/tr>\n<tr>\n<td width=\"254\">Poids de tare<\/td>\n<td width=\"437\">environ 9T<\/td>\n<\/tr>\n<tr>\n<td width=\"254\">\u00c9paisseur<\/td>\n<td width=\"437\">Plancher 4mm ,c\u00f4t\u00e9 4mm<\/td>\n<\/tr>\n<tr>\n<td width=\"254\">Mat\u00e9riau<\/td>\n<td width=\"437\">Acier \u00e0 haute r\u00e9sistance \u00e0 la traction T700<\/td>\n<\/tr>\n<tr>\n<td width=\"254\">Chambre de frein Train d'atterrissage<\/td>\n<td width=\"437\">28T<\/td>\n<\/tr>\n<tr>\n<td width=\"254\"><\/td>\n<td width=\"437\">Six chambres doubles<\/td>\n<\/tr>\n<tr>\n<td width=\"254\">Dimension<\/td>\n<td width=\"437\">9800*2500*3800mm<\/td>\n<\/tr>\n<tr>\n<td width=\"254\">Essieu<\/td>\n<td width=\"437\">13tons fuhua brand \uff0c3 axles<\/td>\n<\/tr>\n<tr>\n<td width=\"254\">Taille de la bo\u00eete<\/td>\n<td width=\"437\">9500*2350*1500mm<\/td>\n<\/tr>\n<tr>\n<td width=\"254\">Capacit\u00e9 de chargement (cb m)<\/td>\n<td width=\"437\">34cbm<\/td>\n<\/tr>\n<tr>\n<td width=\"254\">Goupille royale<\/td>\n<td width=\"437\">Le pivot d'attelage JOST de 2 ou 3,5 pouces \u00e0 boulonner<\/td>\n<\/tr>\n<tr>\n<td width=\"254\">Suspension<\/td>\n<td width=\"437\">Suspension m\u00e9canique<\/td>\n<\/tr>\n<tr>\n<td width=\"254\">Ressort \u00e0 lames<\/td>\n<td width=\"437\">10pcs feuilles<\/td>\n<\/tr>\n<tr>\n<td width=\"254\">Syst\u00e8me de freinage<\/td>\n<td width=\"437\">Syst\u00e8me de freinage \u00e0 deux conduites<\/td>\n<\/tr>\n<tr>\n<td width=\"254\">Jante<\/td>\n<td width=\"437\">8,50-20 12 pi\u00e8ces<\/td>\n<\/tr>\n<tr>\n<td width=\"254\">Pneu<\/td>\n<td width=\"437\">1200R20 Triangle Brand 12 pi\u00e8ces<\/td>\n<\/tr>\n<tr>\n<td width=\"254\">Peinture<\/td>\n<td width=\"437\">Sp\u00e9cifique au client<\/td>\n<\/tr>\n<tr>\n<td width=\"254\">Cylindre hydraulique<\/td>\n<td width=\"437\">\u03c6 196 Cylindre hydraulique<\/td>\n<\/tr>\n<\/tbody>\n<\/table>","protected":false},"excerpt":{"rendered":"<p><b>Poids \u00e0 vide :<\/b>environ 9T<br \/>\n<b>\u00c9paisseur :<\/b>Plancher 4mm ,c\u00f4t\u00e9 4mm<br \/>\n<b>Mat\u00e9riau :<\/b>Acier \u00e0 haute r\u00e9sistance \u00e0 la traction T700<br \/>\n<b>Dimension :<\/b>9800*2500*3800mm<\/p>","protected":false},"featured_media":5277,"template":"","meta":{"_seopress_robots_primary_cat":"none","_seopress_titles_title":"%%post_title%%","_seopress_titles_desc":"%%post_excerpt%%","_seopress_robots_index":"","_uag_custom_page_level_css":"","site-sidebar-layout":"default","site-content-layout":"","ast-site-content-layout":"default","site-content-style":"default","site-sidebar-style":"default","ast-global-header-display":"","ast-banner-title-visibility":"","ast-main-header-display":"","ast-hfb-above-header-display":"","ast-hfb-below-header-display":"","ast-hfb-mobile-header-display":"","site-post-title":"","ast-breadcrumbs-content":"","ast-featured-img":"","footer-sml-layout":"","theme-transparent-header-meta":"default","adv-header-id-meta":"","stick-header-meta":"default","header-above-stick-meta":"","header-main-stick-meta":"","header-below-stick-meta":"","astra-migrate-meta-layouts":"set","ast-page-background-enabled":"default","ast-page-background-meta":{"desktop":{"background-color":"","background-image":"","background-repeat":"repeat","background-position":"center center","background-size":"auto","background-attachment":"scroll","background-type":"","background-media":"","overlay-type":"","overlay-color":"","overlay-opacity":"","overlay-gradient":""},"tablet":{"background-color":"","background-image":"","background-repeat":"repeat","background-position":"center center","background-size":"auto","background-attachment":"scroll","background-type":"","background-media":"","overlay-type":"","overlay-color":"","overlay-opacity":"","overlay-gradient":""},"mobile":{"background-color":"","background-image":"","background-repeat":"repeat","background-position":"center center","background-size":"auto","background-attachment":"scroll","background-type":"","background-media":"","overlay-type":"","overlay-color":"","overlay-opacity":"","overlay-gradient":""}},"ast-content-background-meta":{"desktop":{"background-color":"var(--ast-global-color-5)","background-image":"","background-repeat":"repeat","background-position":"center center","background-size":"auto","background-attachment":"scroll","background-type":"","background-media":"","overlay-type":"","overlay-color":"","overlay-opacity":"","overlay-gradient":""},"tablet":{"background-color":"var(--ast-global-color-5)","background-image":"","background-repeat":"repeat","background-position":"center center","background-size":"auto","background-attachment":"scroll","background-type":"","background-media":"","overlay-type":"","overlay-color":"","overlay-opacity":"","overlay-gradient":""},"mobile":{"background-color":"var(--ast-global-color-5)","background-image":"","background-repeat":"repeat","background-position":"center center","background-size":"auto","background-attachment":"scroll","background-type":"","background-media":"","overlay-type":"","overlay-color":"","overlay-opacity":"","overlay-gradient":""}}},"product_brand":[],"product_cat":[97],"product_tag":[],"class_list":{"0":"post-5271","1":"product","2":"type-product","3":"status-publish","4":"has-post-thumbnail","6":"product_cat-dump-semi-trailer","7":"desktop-align-center","8":"tablet-align-left","9":"mobile-align-left","10":"ast-product-gallery-layout-horizontal-slider","11":"ast-product-tabs-layout-horizontal","13":"first","14":"instock","15":"shipping-taxable","16":"product-type-simple"},"uagb_featured_image_src":{"full":["https:\/\/hfoton.com\/wp-content\/uploads\/2025\/10\/\u672a\u6807\u9898-1-29.jpg",540,360,false],"thumbnail":["https:\/\/hfoton.com\/wp-content\/uploads\/2025\/10\/\u672a\u6807\u9898-1-29-150x150.jpg",150,150,true],"medium":["https:\/\/hfoton.com\/wp-content\/uploads\/2025\/10\/\u672a\u6807\u9898-1-29-300x200.jpg",300,200,true],"medium_large":["https:\/\/hfoton.com\/wp-content\/uploads\/2025\/10\/\u672a\u6807\u9898-1-29.jpg",540,360,false],"large":["https:\/\/hfoton.com\/wp-content\/uploads\/2025\/10\/\u672a\u6807\u9898-1-29.jpg",540,360,false],"1536x1536":["https:\/\/hfoton.com\/wp-content\/uploads\/2025\/10\/\u672a\u6807\u9898-1-29.jpg",540,360,false],"2048x2048":["https:\/\/hfoton.com\/wp-content\/uploads\/2025\/10\/\u672a\u6807\u9898-1-29.jpg",540,360,false],"trp-custom-language-flag":["https:\/\/hfoton.com\/wp-content\/uploads\/2025\/10\/\u672a\u6807\u9898-1-29-18x12.jpg",18,12,true],"woocommerce_thumbnail":["https:\/\/hfoton.com\/wp-content\/uploads\/2025\/10\/\u672a\u6807\u9898-1-29-300x300.jpg",300,300,true],"woocommerce_single":["https:\/\/hfoton.com\/wp-content\/uploads\/2025\/10\/\u672a\u6807\u9898-1-29.jpg",540,360,false],"woocommerce_gallery_thumbnail":["https:\/\/hfoton.com\/wp-content\/uploads\/2025\/10\/\u672a\u6807\u9898-1-29-100x100.jpg",100,100,true]},"uagb_author_info":{"display_name":"jinxing6611@gmail.com","author_link":"https:\/\/hfoton.com\/fr\/author\/"},"uagb_comment_info":0,"uagb_excerpt":"Tare Weight:about 9T Thickness:Floor 4mm ,side 4mm Material:High tensile steel T700 Dimension:9800*2500*3800mm","_links":{"self":[{"href":"https:\/\/hfoton.com\/fr\/wp-json\/wp\/v2\/product\/5271","targetHints":{"allow":["GET"]}}],"collection":[{"href":"https:\/\/hfoton.com\/fr\/wp-json\/wp\/v2\/product"}],"about":[{"href":"https:\/\/hfoton.com\/fr\/wp-json\/wp\/v2\/types\/product"}],"wp:featuredmedia":[{"embeddable":true,"href":"https:\/\/hfoton.com\/fr\/wp-json\/wp\/v2\/media\/5277"}],"wp:attachment":[{"href":"https:\/\/hfoton.com\/fr\/wp-json\/wp\/v2\/media?parent=5271"}],"wp:term":[{"taxonomy":"product_brand","embeddable":true,"href":"https:\/\/hfoton.com\/fr\/wp-json\/wp\/v2\/product_brand?post=5271"},{"taxonomy":"product_cat","embeddable":true,"href":"https:\/\/hfoton.com\/fr\/wp-json\/wp\/v2\/product_cat?post=5271"},{"taxonomy":"product_tag","embeddable":true,"href":"https:\/\/hfoton.com\/fr\/wp-json\/wp\/v2\/product_tag?post=5271"}],"curies":[{"name":"wp","href":"https:\/\/api.w.org\/{rel}","templated":true}]}}