{"id":5261,"date":"2025-10-30T09:18:51","date_gmt":"2025-10-30T09:18:51","guid":{"rendered":"http:\/\/hfoton.com\/?post_type=product&#038;p=5261"},"modified":"2025-10-30T09:22:42","modified_gmt":"2025-10-30T09:22:42","slug":"car-carrier-semi-trailer","status":"publish","type":"product","link":"https:\/\/hfoton.com\/fr\/product\/car-carrier-semi-trailer\/","title":{"rendered":"PORTE-VOITURES SEMI-REMORQUE"},"content":{"rendered":"<h3 style=\"text-align: center;\">SPECIFICATION<\/h3>\n<p><img alt=\"\" fetchpriority=\"high\" decoding=\"async\" class=\"wp-image-5264 size-full aligncenter\" src=\"http:\/\/hfoton.com\/wp-content\/uploads\/2025\/10\/WPS\u56fe\u72471-13.png\" width=\"625\" height=\"399\" srcset=\"https:\/\/hfoton.com\/wp-content\/uploads\/2025\/10\/WPS\u56fe\u72471-13.png 625w, https:\/\/hfoton.com\/wp-content\/uploads\/2025\/10\/WPS\u56fe\u72471-13-300x192.png 300w, https:\/\/hfoton.com\/wp-content\/uploads\/2025\/10\/WPS\u56fe\u72471-13-18x12.png 18w, https:\/\/hfoton.com\/wp-content\/uploads\/2025\/10\/WPS\u56fe\u72471-13-600x383.png 600w\" sizes=\"(max-width: 625px) 100vw, 625px\" \/><\/p>\n<p><img alt=\"\" decoding=\"async\" class=\"wp-image-5265 size-full aligncenter\" src=\"http:\/\/hfoton.com\/wp-content\/uploads\/2025\/10\/WPS\u56fe\u72472-8.png\" width=\"900\" height=\"247\" srcset=\"https:\/\/hfoton.com\/wp-content\/uploads\/2025\/10\/WPS\u56fe\u72472-8.png 900w, https:\/\/hfoton.com\/wp-content\/uploads\/2025\/10\/WPS\u56fe\u72472-8-300x82.png 300w, https:\/\/hfoton.com\/wp-content\/uploads\/2025\/10\/WPS\u56fe\u72472-8-768x211.png 768w, https:\/\/hfoton.com\/wp-content\/uploads\/2025\/10\/WPS\u56fe\u72472-8-18x5.png 18w, https:\/\/hfoton.com\/wp-content\/uploads\/2025\/10\/WPS\u56fe\u72472-8-600x165.png 600w\" sizes=\"(max-width: 900px) 100vw, 900px\" \/><\/p>\n<table>\n<tbody>\n<tr>\n<td colspan=\"4\" width=\"704\">\n<p style=\"text-align: center;\"><strong><u><b>DIMENSIONS<\/b><\/u><\/strong><\/p>\n<\/td>\n<\/tr>\n<tr>\n<td width=\"217\">Dimension globale (L* L * H)<\/td>\n<td colspan=\"3\" width=\"487\">18560mm*2600mm*3950mm<\/td>\n<\/tr>\n<tr>\n<td width=\"217\">R\u00e9glage du pivot d'attelage<\/td>\n<td width=\"119\">1590mm<\/td>\n<td width=\"95\">Empattement<\/td>\n<td width=\"271\">10850mm+1350mm<\/td>\n<\/tr>\n<tr>\n<td width=\"217\">Garde au sol<\/td>\n<td width=\"119\">200mm<\/td>\n<td width=\"95\">Poursuivre<\/td>\n<td width=\"271\">2203mm<\/td>\n<\/tr>\n<tr>\n<td width=\"217\">Hauteur de la surface de chargement<\/td>\n<td colspan=\"3\" width=\"487\">435mm<\/td>\n<\/tr>\n<tr>\n<td colspan=\"4\" width=\"704\"><strong><u><b>La course \u00e0 pied<\/b><\/u><\/strong><strong><u><b>\u00a0<\/b><\/u><\/strong><strong><u><b>Engrenages<\/b><\/u><\/strong><\/td>\n<\/tr>\n<tr>\n<td width=\"217\">Suspension<\/td>\n<td colspan=\"3\" width=\"487\">Suspension m\u00e9canique avec ressort \u00e0 lames en 3 parties<\/td>\n<\/tr>\n<tr>\n<td width=\"217\">Moyeux<\/td>\n<td colspan=\"3\" width=\"487\">Acier moul\u00e9 10 goujons<\/td>\n<\/tr>\n<tr>\n<td width=\"217\">Jantes et pneus<\/td>\n<td colspan=\"3\" width=\"487\">Jante 9.0-22,5, 6 unit\u00e9s de pneus 12.R22.5,<\/td>\n<\/tr>\n<tr>\n<td width=\"217\">Essieux<\/td>\n<td colspan=\"3\" width=\"487\">3 unit\u00e9s d'essieux concaves AQ 10T<\/td>\n<\/tr>\n<tr>\n<td width=\"217\">Freins<\/td>\n<td colspan=\"3\" width=\"487\">Syst\u00e8me de freinage pneumatique \u00e0 deux conduites, cylindres 30\/30, actionn\u00e9 par air comprim\u00e9<\/td>\n<\/tr>\n<tr>\n<td colspan=\"4\" width=\"704\"><strong><u><b>Sous<\/b><\/u><\/strong><strong><u><b>\u00a0<\/b><\/u><\/strong><strong><u><b>Cadre<\/b><\/u><\/strong><\/td>\n<\/tr>\n<tr>\n<td width=\"217\">Poutre principale<\/td>\n<td colspan=\"3\" width=\"487\">Forme I, alliage doux \uff0816Mn\uff09 par soudage automatique \u00e0 l'arc submerg\u00e9, soud\u00e9 sur les c\u00f4t\u00e9s gauche et droit<\/td>\n<\/tr>\n<tr>\n<td width=\"217\">Traverse<\/td>\n<td colspan=\"3\" width=\"487\">Alliage doux Q235<\/td>\n<\/tr>\n<tr>\n<td width=\"217\">Goupille royale<\/td>\n<td colspan=\"3\" width=\"487\">50# (2\") soud\u00e9 sur la plaque (option 90# )<\/td>\n<\/tr>\n<tr>\n<td width=\"217\">Train d'atterrissage<\/td>\n<td colspan=\"3\" width=\"487\">Capacit\u00e9 statique 15 tonnes<\/td>\n<\/tr>\n<tr>\n<td colspan=\"4\" width=\"704\"><strong><u><b>Corps<\/b><\/u><\/strong><\/td>\n<\/tr>\n<tr>\n<td width=\"217\">Type de levage de l'\u00e9tage sup\u00e9rieur<\/td>\n<td colspan=\"3\" width=\"487\">M\u00e9canisme de levage hydraulique et manuel<\/td>\n<\/tr>\n<tr>\n<td width=\"217\">Quantit\u00e9 de wagons transport\u00e9s<\/td>\n<td colspan=\"3\" width=\"487\">8 unit\u00e9s (4m par voiture)<\/td>\n<\/tr>\n<tr>\n<td colspan=\"4\" width=\"704\"><strong><u><b>\u00c9lectricit\u00e9<\/b><\/u><\/strong><strong><u><b>\u00a0<\/b><\/u><\/strong><strong><u><b>&amp;<\/b><\/u><\/strong><strong><u><b>\u00a0<\/b><\/u><\/strong><strong><u><b>Peinture<\/b><\/u><\/strong><\/td>\n<\/tr>\n<tr>\n<td width=\"217\">Lumi\u00e8res et r\u00e9flecteurs<\/td>\n<td colspan=\"3\" width=\"487\">Feu arri\u00e8re, r\u00e9flecteur arri\u00e8re, clignotant, r\u00e9flecteur lat\u00e9ral, antibrouillard, \u00e9clairage de la plaque d'immatriculation<\/td>\n<\/tr>\n<tr>\n<td width=\"217\">C\u00e2blage<\/td>\n<td colspan=\"3\" width=\"487\">24V, 6 lignes<\/td>\n<\/tr>\n<\/tbody>\n<\/table>","protected":false},"excerpt":{"rendered":"<p><b>Dimension totale (L* L * H) :<\/b>18560mm*2600mm*3950mm<br \/>\n<b>Hauteur de la surface de chargement :<\/b>435mm<br \/>\n<b>Suspension :<\/b>Suspension m\u00e9canique avec ressort \u00e0 lames en 3 parties<br \/>\n<b>Moyeux :<\/b>Acier moul\u00e9 10 goujons<\/p>","protected":false},"featured_media":5262,"template":"","meta":{"_seopress_robots_primary_cat":"none","_seopress_titles_title":"%%post_title%%","_seopress_titles_desc":"%%post_excerpt%%","_seopress_robots_index":"","_uag_custom_page_level_css":"","site-sidebar-layout":"default","site-content-layout":"","ast-site-content-layout":"default","site-content-style":"default","site-sidebar-style":"default","ast-global-header-display":"","ast-banner-title-visibility":"","ast-main-header-display":"","ast-hfb-above-header-display":"","ast-hfb-below-header-display":"","ast-hfb-mobile-header-display":"","site-post-title":"","ast-breadcrumbs-content":"","ast-featured-img":"","footer-sml-layout":"","theme-transparent-header-meta":"default","adv-header-id-meta":"","stick-header-meta":"default","header-above-stick-meta":"","header-main-stick-meta":"","header-below-stick-meta":"","astra-migrate-meta-layouts":"set","ast-page-background-enabled":"default","ast-page-background-meta":{"desktop":{"background-color":"","background-image":"","background-repeat":"repeat","background-position":"center center","background-size":"auto","background-attachment":"scroll","background-type":"","background-media":"","overlay-type":"","overlay-color":"","overlay-opacity":"","overlay-gradient":""},"tablet":{"background-color":"","background-image":"","background-repeat":"repeat","background-position":"center center","background-size":"auto","background-attachment":"scroll","background-type":"","background-media":"","overlay-type":"","overlay-color":"","overlay-opacity":"","overlay-gradient":""},"mobile":{"background-color":"","background-image":"","background-repeat":"repeat","background-position":"center center","background-size":"auto","background-attachment":"scroll","background-type":"","background-media":"","overlay-type":"","overlay-color":"","overlay-opacity":"","overlay-gradient":""}},"ast-content-background-meta":{"desktop":{"background-color":"var(--ast-global-color-5)","background-image":"","background-repeat":"repeat","background-position":"center center","background-size":"auto","background-attachment":"scroll","background-type":"","background-media":"","overlay-type":"","overlay-color":"","overlay-opacity":"","overlay-gradient":""},"tablet":{"background-color":"var(--ast-global-color-5)","background-image":"","background-repeat":"repeat","background-position":"center center","background-size":"auto","background-attachment":"scroll","background-type":"","background-media":"","overlay-type":"","overlay-color":"","overlay-opacity":"","overlay-gradient":""},"mobile":{"background-color":"var(--ast-global-color-5)","background-image":"","background-repeat":"repeat","background-position":"center center","background-size":"auto","background-attachment":"scroll","background-type":"","background-media":"","overlay-type":"","overlay-color":"","overlay-opacity":"","overlay-gradient":""}}},"product_brand":[],"product_cat":[99],"product_tag":[],"class_list":{"0":"post-5261","1":"product","2":"type-product","3":"status-publish","4":"has-post-thumbnail","6":"product_cat-car-carrier-semi-trailer","7":"desktop-align-center","8":"tablet-align-left","9":"mobile-align-left","10":"ast-product-gallery-layout-horizontal-slider","11":"ast-product-tabs-layout-horizontal","13":"first","14":"instock","15":"shipping-taxable","16":"product-type-simple"},"uagb_featured_image_src":{"full":["https:\/\/hfoton.com\/wp-content\/uploads\/2025\/10\/\u672a\u6807\u9898-1-26.jpg",540,360,false],"thumbnail":["https:\/\/hfoton.com\/wp-content\/uploads\/2025\/10\/\u672a\u6807\u9898-1-26-150x150.jpg",150,150,true],"medium":["https:\/\/hfoton.com\/wp-content\/uploads\/2025\/10\/\u672a\u6807\u9898-1-26-300x200.jpg",300,200,true],"medium_large":["https:\/\/hfoton.com\/wp-content\/uploads\/2025\/10\/\u672a\u6807\u9898-1-26.jpg",540,360,false],"large":["https:\/\/hfoton.com\/wp-content\/uploads\/2025\/10\/\u672a\u6807\u9898-1-26.jpg",540,360,false],"1536x1536":["https:\/\/hfoton.com\/wp-content\/uploads\/2025\/10\/\u672a\u6807\u9898-1-26.jpg",540,360,false],"2048x2048":["https:\/\/hfoton.com\/wp-content\/uploads\/2025\/10\/\u672a\u6807\u9898-1-26.jpg",540,360,false],"trp-custom-language-flag":["https:\/\/hfoton.com\/wp-content\/uploads\/2025\/10\/\u672a\u6807\u9898-1-26-18x12.jpg",18,12,true],"woocommerce_thumbnail":["https:\/\/hfoton.com\/wp-content\/uploads\/2025\/10\/\u672a\u6807\u9898-1-26-300x300.jpg",300,300,true],"woocommerce_single":["https:\/\/hfoton.com\/wp-content\/uploads\/2025\/10\/\u672a\u6807\u9898-1-26.jpg",540,360,false],"woocommerce_gallery_thumbnail":["https:\/\/hfoton.com\/wp-content\/uploads\/2025\/10\/\u672a\u6807\u9898-1-26-100x100.jpg",100,100,true]},"uagb_author_info":{"display_name":"jinxing6611@gmail.com","author_link":"https:\/\/hfoton.com\/fr\/author\/"},"uagb_comment_info":0,"uagb_excerpt":"Overall Dimension (L* W *H):18560mm*2600mm*3950mm Height of loading surface:435mm Suspension:Mechanical suspension with 3-pcs leaf spring Hubs:Cast steel 10 studs","_links":{"self":[{"href":"https:\/\/hfoton.com\/fr\/wp-json\/wp\/v2\/product\/5261","targetHints":{"allow":["GET"]}}],"collection":[{"href":"https:\/\/hfoton.com\/fr\/wp-json\/wp\/v2\/product"}],"about":[{"href":"https:\/\/hfoton.com\/fr\/wp-json\/wp\/v2\/types\/product"}],"wp:featuredmedia":[{"embeddable":true,"href":"https:\/\/hfoton.com\/fr\/wp-json\/wp\/v2\/media\/5262"}],"wp:attachment":[{"href":"https:\/\/hfoton.com\/fr\/wp-json\/wp\/v2\/media?parent=5261"}],"wp:term":[{"taxonomy":"product_brand","embeddable":true,"href":"https:\/\/hfoton.com\/fr\/wp-json\/wp\/v2\/product_brand?post=5261"},{"taxonomy":"product_cat","embeddable":true,"href":"https:\/\/hfoton.com\/fr\/wp-json\/wp\/v2\/product_cat?post=5261"},{"taxonomy":"product_tag","embeddable":true,"href":"https:\/\/hfoton.com\/fr\/wp-json\/wp\/v2\/product_tag?post=5261"}],"curies":[{"name":"wp","href":"https:\/\/api.w.org\/{rel}","templated":true}]}}