{"id":5256,"date":"2025-10-30T09:11:45","date_gmt":"2025-10-30T09:11:45","guid":{"rendered":"http:\/\/hfoton.com\/?post_type=product&#038;p=5256"},"modified":"2025-10-30T09:16:51","modified_gmt":"2025-10-30T09:16:51","slug":"cargo-transport-semi-trailer","status":"publish","type":"product","link":"https:\/\/hfoton.com\/fr\/product\/cargo-transport-semi-trailer\/","title":{"rendered":"TRANSPORT DE MARCHANDISES SEMI-REMORQUE"},"content":{"rendered":"<h3 style=\"text-align: center;\">SPECIFICATION<\/h3>\n<p><img alt=\"\" fetchpriority=\"high\" decoding=\"async\" class=\"wp-image-5259 size-full aligncenter\" src=\"http:\/\/hfoton.com\/wp-content\/uploads\/2025\/10\/WPS\u56fe\u72471-12.png\" width=\"934\" height=\"451\" srcset=\"https:\/\/hfoton.com\/wp-content\/uploads\/2025\/10\/WPS\u56fe\u72471-12.png 934w, https:\/\/hfoton.com\/wp-content\/uploads\/2025\/10\/WPS\u56fe\u72471-12-300x145.png 300w, https:\/\/hfoton.com\/wp-content\/uploads\/2025\/10\/WPS\u56fe\u72471-12-768x371.png 768w, https:\/\/hfoton.com\/wp-content\/uploads\/2025\/10\/WPS\u56fe\u72471-12-18x9.png 18w, https:\/\/hfoton.com\/wp-content\/uploads\/2025\/10\/WPS\u56fe\u72471-12-600x290.png 600w\" sizes=\"(max-width: 934px) 100vw, 934px\" \/><\/p>\n<p><img alt=\"\" decoding=\"async\" class=\"wp-image-5260 size-full aligncenter\" src=\"http:\/\/hfoton.com\/wp-content\/uploads\/2025\/10\/WPS\u56fe\u72472-7.png\" width=\"997\" height=\"617\" srcset=\"https:\/\/hfoton.com\/wp-content\/uploads\/2025\/10\/WPS\u56fe\u72472-7.png 997w, https:\/\/hfoton.com\/wp-content\/uploads\/2025\/10\/WPS\u56fe\u72472-7-300x186.png 300w, https:\/\/hfoton.com\/wp-content\/uploads\/2025\/10\/WPS\u56fe\u72472-7-768x475.png 768w, https:\/\/hfoton.com\/wp-content\/uploads\/2025\/10\/WPS\u56fe\u72472-7-18x12.png 18w, https:\/\/hfoton.com\/wp-content\/uploads\/2025\/10\/WPS\u56fe\u72472-7-600x371.png 600w\" sizes=\"(max-width: 997px) 100vw, 997px\" \/><\/p>\n<table>\n<tbody>\n<tr>\n<td colspan=\"2\" width=\"155\">Poids de tare<\/td>\n<td width=\"546\">6500kg<\/td>\n<\/tr>\n<tr>\n<td colspan=\"2\" width=\"155\">Charge utile<\/td>\n<td width=\"546\">38500 kg<\/td>\n<\/tr>\n<tr>\n<td colspan=\"2\" width=\"155\">Longueur totale<\/td>\n<td width=\"546\">12400mm<\/td>\n<\/tr>\n<tr>\n<td colspan=\"2\" width=\"155\">Largeur totale<\/td>\n<td width=\"546\">2500mm<\/td>\n<\/tr>\n<tr>\n<td colspan=\"2\" width=\"155\">Hauteur totale<\/td>\n<td width=\"546\">3650mm<\/td>\n<\/tr>\n<tr>\n<td colspan=\"3\" width=\"701\">\n<p style=\"text-align: center;\">SPECIFICATION<\/p>\n<\/td>\n<\/tr>\n<tr>\n<td width=\"151\">Ch\u00e2ssis<\/td>\n<td colspan=\"2\" width=\"550\">Bride sup\u00e9rieure 10 mm, largeur 140 mm ; bride interm\u00e9diaire 8 mm ; bride inf\u00e9rieure 10 mm, largeur 140 mm, hauteur 480 mm.<\/td>\n<\/tr>\n<tr>\n<td width=\"151\">Essieu<\/td>\n<td colspan=\"2\" width=\"550\">Fuwa 13T<\/td>\n<\/tr>\n<tr>\n<td width=\"151\">Suspension<\/td>\n<td colspan=\"2\" width=\"550\">Suspension m\u00e9canique<\/td>\n<\/tr>\n<tr>\n<td width=\"151\">Ressort \u00e0 lames<\/td>\n<td colspan=\"2\" width=\"550\">10pcs Ressort \u00e0 lames 90mm*11mm*10pcs<\/td>\n<\/tr>\n<tr>\n<td width=\"151\">Empattement<\/td>\n<td colspan=\"2\" width=\"550\">7900+1310+1310<\/td>\n<\/tr>\n<tr>\n<td width=\"151\">Plancher<\/td>\n<td colspan=\"2\" width=\"550\">2,5 mm T700<\/td>\n<\/tr>\n<tr>\n<td width=\"151\">Pneu<\/td>\n<td colspan=\"2\" width=\"550\">11.00R20 18PR triangle 13<\/td>\n<\/tr>\n<tr>\n<td width=\"151\">Jante<\/td>\n<td colspan=\"2\" width=\"550\">8.0-20 Meilleure marque<\/td>\n<\/tr>\n<tr>\n<td width=\"151\">Kingpin<\/td>\n<td colspan=\"2\" width=\"550\">Goupille d'attelage 3,5'' \u00e0 boulonner<\/td>\n<\/tr>\n<tr>\n<td width=\"151\">Train d'atterrissage<\/td>\n<td colspan=\"2\" width=\"550\">Train d'atterrissage de marque SAF \u00e0 deux vitesses, \u00e0 fonctionnement manuel, pour charges lourdes 28t<\/td>\n<\/tr>\n<tr>\n<td width=\"151\">ABS<\/td>\n<td colspan=\"2\" width=\"550\">4S\/2M<\/td>\n<\/tr>\n<tr>\n<td width=\"151\">Syst\u00e8me de freinage<\/td>\n<td colspan=\"2\" width=\"550\">Valve relais WABCO RE6 ;Chambre de frein \u00e0 ressort T30\/30 ;R\u00e9servoirs d'air 40L<\/td>\n<\/tr>\n<tr>\n<td width=\"151\">Porte-roue de secours<\/td>\n<td colspan=\"2\" width=\"550\">1pcs 1 \u4e2a<\/td>\n<\/tr>\n<tr>\n<td width=\"151\">Bo\u00eete \u00e0 outils<\/td>\n<td colspan=\"2\" width=\"550\">1pcs 1 \u4e2a<\/td>\n<\/tr>\n<tr>\n<td width=\"151\">Peinture<\/td>\n<td colspan=\"2\" width=\"550\">Sablage complet du ch\u00e2ssis pour \u00e9liminer la rouille, 1 couche d'appr\u00eat anticorrosion, 2 couches de peinture finale<\/td>\n<\/tr>\n<tr>\n<td width=\"151\">Accessoires<\/td>\n<td colspan=\"2\" width=\"550\">une poign\u00e9e \u00e0 bascule une cl\u00e9 d'arbre<\/td>\n<\/tr>\n<\/tbody>\n<\/table>","protected":false},"excerpt":{"rendered":"<p><b>Poids \u00e0 vide :<\/b>6500kg<br \/>\n<b>Charge utile :<\/b>38500 kg<br \/>\n<b>Longueur totale :<\/b>12400mm<br \/>\n<b>Largeur totale :<\/b>2500mm<\/p>","protected":false},"featured_media":5257,"template":"","meta":{"_seopress_robots_primary_cat":"none","_seopress_titles_title":"%%post_title%%","_seopress_titles_desc":"%%post_excerpt%%","_seopress_robots_index":"","_uag_custom_page_level_css":"","site-sidebar-layout":"default","site-content-layout":"","ast-site-content-layout":"default","site-content-style":"default","site-sidebar-style":"default","ast-global-header-display":"","ast-banner-title-visibility":"","ast-main-header-display":"","ast-hfb-above-header-display":"","ast-hfb-below-header-display":"","ast-hfb-mobile-header-display":"","site-post-title":"","ast-breadcrumbs-content":"","ast-featured-img":"","footer-sml-layout":"","theme-transparent-header-meta":"default","adv-header-id-meta":"","stick-header-meta":"default","header-above-stick-meta":"","header-main-stick-meta":"","header-below-stick-meta":"","astra-migrate-meta-layouts":"set","ast-page-background-enabled":"default","ast-page-background-meta":{"desktop":{"background-color":"","background-image":"","background-repeat":"repeat","background-position":"center center","background-size":"auto","background-attachment":"scroll","background-type":"","background-media":"","overlay-type":"","overlay-color":"","overlay-opacity":"","overlay-gradient":""},"tablet":{"background-color":"","background-image":"","background-repeat":"repeat","background-position":"center center","background-size":"auto","background-attachment":"scroll","background-type":"","background-media":"","overlay-type":"","overlay-color":"","overlay-opacity":"","overlay-gradient":""},"mobile":{"background-color":"","background-image":"","background-repeat":"repeat","background-position":"center center","background-size":"auto","background-attachment":"scroll","background-type":"","background-media":"","overlay-type":"","overlay-color":"","overlay-opacity":"","overlay-gradient":""}},"ast-content-background-meta":{"desktop":{"background-color":"var(--ast-global-color-5)","background-image":"","background-repeat":"repeat","background-position":"center center","background-size":"auto","background-attachment":"scroll","background-type":"","background-media":"","overlay-type":"","overlay-color":"","overlay-opacity":"","overlay-gradient":""},"tablet":{"background-color":"var(--ast-global-color-5)","background-image":"","background-repeat":"repeat","background-position":"center center","background-size":"auto","background-attachment":"scroll","background-type":"","background-media":"","overlay-type":"","overlay-color":"","overlay-opacity":"","overlay-gradient":""},"mobile":{"background-color":"var(--ast-global-color-5)","background-image":"","background-repeat":"repeat","background-position":"center center","background-size":"auto","background-attachment":"scroll","background-type":"","background-media":"","overlay-type":"","overlay-color":"","overlay-opacity":"","overlay-gradient":""}}},"product_brand":[],"product_cat":[95],"product_tag":[],"class_list":{"0":"post-5256","1":"product","2":"type-product","3":"status-publish","4":"has-post-thumbnail","6":"product_cat-cargo-semi-trailer","7":"desktop-align-center","8":"tablet-align-left","9":"mobile-align-left","10":"ast-product-gallery-layout-horizontal-slider","11":"ast-product-tabs-layout-horizontal","13":"first","14":"instock","15":"shipping-taxable","16":"product-type-simple"},"uagb_featured_image_src":{"full":["https:\/\/hfoton.com\/wp-content\/uploads\/2025\/10\/\u672a\u6807\u9898-1-25.jpg",540,360,false],"thumbnail":["https:\/\/hfoton.com\/wp-content\/uploads\/2025\/10\/\u672a\u6807\u9898-1-25-150x150.jpg",150,150,true],"medium":["https:\/\/hfoton.com\/wp-content\/uploads\/2025\/10\/\u672a\u6807\u9898-1-25-300x200.jpg",300,200,true],"medium_large":["https:\/\/hfoton.com\/wp-content\/uploads\/2025\/10\/\u672a\u6807\u9898-1-25.jpg",540,360,false],"large":["https:\/\/hfoton.com\/wp-content\/uploads\/2025\/10\/\u672a\u6807\u9898-1-25.jpg",540,360,false],"1536x1536":["https:\/\/hfoton.com\/wp-content\/uploads\/2025\/10\/\u672a\u6807\u9898-1-25.jpg",540,360,false],"2048x2048":["https:\/\/hfoton.com\/wp-content\/uploads\/2025\/10\/\u672a\u6807\u9898-1-25.jpg",540,360,false],"trp-custom-language-flag":["https:\/\/hfoton.com\/wp-content\/uploads\/2025\/10\/\u672a\u6807\u9898-1-25-18x12.jpg",18,12,true],"woocommerce_thumbnail":["https:\/\/hfoton.com\/wp-content\/uploads\/2025\/10\/\u672a\u6807\u9898-1-25-300x300.jpg",300,300,true],"woocommerce_single":["https:\/\/hfoton.com\/wp-content\/uploads\/2025\/10\/\u672a\u6807\u9898-1-25.jpg",540,360,false],"woocommerce_gallery_thumbnail":["https:\/\/hfoton.com\/wp-content\/uploads\/2025\/10\/\u672a\u6807\u9898-1-25-100x100.jpg",100,100,true]},"uagb_author_info":{"display_name":"jinxing6611@gmail.com","author_link":"https:\/\/hfoton.com\/fr\/author\/"},"uagb_comment_info":0,"uagb_excerpt":"Tare weight:6500kg Payload:38500 kg Overall length:12400mm Overall width:2500mm","_links":{"self":[{"href":"https:\/\/hfoton.com\/fr\/wp-json\/wp\/v2\/product\/5256","targetHints":{"allow":["GET"]}}],"collection":[{"href":"https:\/\/hfoton.com\/fr\/wp-json\/wp\/v2\/product"}],"about":[{"href":"https:\/\/hfoton.com\/fr\/wp-json\/wp\/v2\/types\/product"}],"wp:featuredmedia":[{"embeddable":true,"href":"https:\/\/hfoton.com\/fr\/wp-json\/wp\/v2\/media\/5257"}],"wp:attachment":[{"href":"https:\/\/hfoton.com\/fr\/wp-json\/wp\/v2\/media?parent=5256"}],"wp:term":[{"taxonomy":"product_brand","embeddable":true,"href":"https:\/\/hfoton.com\/fr\/wp-json\/wp\/v2\/product_brand?post=5256"},{"taxonomy":"product_cat","embeddable":true,"href":"https:\/\/hfoton.com\/fr\/wp-json\/wp\/v2\/product_cat?post=5256"},{"taxonomy":"product_tag","embeddable":true,"href":"https:\/\/hfoton.com\/fr\/wp-json\/wp\/v2\/product_tag?post=5256"}],"curies":[{"name":"wp","href":"https:\/\/api.w.org\/{rel}","templated":true}]}}