{"id":5224,"date":"2025-10-30T08:11:47","date_gmt":"2025-10-30T08:11:47","guid":{"rendered":"http:\/\/hfoton.com\/?post_type=product&#038;p=5224"},"modified":"2025-10-30T08:28:51","modified_gmt":"2025-10-30T08:28:51","slug":"3-axles-40ft-skeleton-semi-trailer","status":"publish","type":"product","link":"https:\/\/hfoton.com\/fr\/product\/3-axles-40ft-skeleton-semi-trailer\/","title":{"rendered":"SEMI-REMORQUE SQUELETTE DE 40 PIEDS \u00c0 3 ESSIEUX"},"content":{"rendered":"<h3 style=\"text-align: center;\">SPECIFICATION<\/h3>\n<p><img alt=\"\" fetchpriority=\"high\" decoding=\"async\" class=\"size-full wp-image-5225 aligncenter\" src=\"http:\/\/hfoton.com\/wp-content\/uploads\/2025\/10\/WPS\u56fe\u72471.jpg\" width=\"900\" height=\"333\" srcset=\"https:\/\/hfoton.com\/wp-content\/uploads\/2025\/10\/WPS\u56fe\u72471.jpg 900w, https:\/\/hfoton.com\/wp-content\/uploads\/2025\/10\/WPS\u56fe\u72471-300x111.jpg 300w, https:\/\/hfoton.com\/wp-content\/uploads\/2025\/10\/WPS\u56fe\u72471-768x284.jpg 768w, https:\/\/hfoton.com\/wp-content\/uploads\/2025\/10\/WPS\u56fe\u72471-18x7.jpg 18w, https:\/\/hfoton.com\/wp-content\/uploads\/2025\/10\/WPS\u56fe\u72471-600x222.jpg 600w\" sizes=\"(max-width: 900px) 100vw, 900px\" \/><\/p>\n<p><img alt=\"\" decoding=\"async\" class=\"size-full wp-image-5226 aligncenter\" src=\"http:\/\/hfoton.com\/wp-content\/uploads\/2025\/10\/WPS\u56fe\u72472.jpg\" width=\"900\" height=\"568\" srcset=\"https:\/\/hfoton.com\/wp-content\/uploads\/2025\/10\/WPS\u56fe\u72472.jpg 900w, https:\/\/hfoton.com\/wp-content\/uploads\/2025\/10\/WPS\u56fe\u72472-300x189.jpg 300w, https:\/\/hfoton.com\/wp-content\/uploads\/2025\/10\/WPS\u56fe\u72472-768x485.jpg 768w, https:\/\/hfoton.com\/wp-content\/uploads\/2025\/10\/WPS\u56fe\u72472-18x12.jpg 18w, https:\/\/hfoton.com\/wp-content\/uploads\/2025\/10\/WPS\u56fe\u72472-600x379.jpg 600w\" sizes=\"(max-width: 900px) 100vw, 900px\" \/><\/p>\n<table>\n<tbody>\n<tr>\n<td colspan=\"2\" width=\"699\">\n<p style=\"text-align: center;\"><strong><b>Sp\u00e9cifications<\/b><\/strong><\/p>\n<\/td>\n<\/tr>\n<tr>\n<td width=\"140\"><strong><b>Dimension<\/b><\/strong><\/td>\n<td width=\"559\">12,38m\u00d72,48m\u00d71,55m (ext\u00e9rieur)<\/td>\n<\/tr>\n<tr>\n<td width=\"140\"><strong><b>Charge utile<\/b><\/strong><\/td>\n<td width=\"559\">50T<\/td>\n<\/tr>\n<tr>\n<td width=\"140\"><strong><b>Poids de tare<\/b><\/strong><\/td>\n<td width=\"559\">Environ 6,5T<\/td>\n<\/tr>\n<tr>\n<td width=\"140\"><strong><b>Verrouillage par rotation<\/b><\/strong><\/td>\n<td width=\"559\">12 unit\u00e9s<\/td>\n<\/tr>\n<tr>\n<td colspan=\"2\" width=\"699\">\n<p style=\"text-align: center;\"><strong><b>Ch\u00e2ssis<\/b><\/strong><\/p>\n<\/td>\n<\/tr>\n<tr>\n<td width=\"140\"><strong><b>Poutre principale<\/b><\/strong><\/td>\n<td width=\"559\">Poutre en I con\u00e7ue pour une utilisation intensive et une durabilit\u00e9 accrue ; optant pour de l'acier \u00e0 haute r\u00e9sistance Q345B, soud\u00e9 par des proc\u00e9d\u00e9s automatiques \u00e0 l'arc submerg\u00e9.<\/td>\n<\/tr>\n<tr>\n<td width=\"140\"><strong><b>Poutre de cadre<\/b><\/strong><\/td>\n<td width=\"559\">Bride sup\u00e9rieure 14mm, largeur 140mm ; Bride centrale 8mm ; Bride inf\u00e9rieure 16mm, largeur 140mm, hauteur de la poutre principale 500mm<\/td>\n<\/tr>\n<tr>\n<td width=\"140\"><strong><b>Essieu<\/b><\/strong><\/td>\n<td width=\"559\">3 essieux, 13 tonnes Plaquettes de frein Fuwa 16 tonnes<\/td>\n<\/tr>\n<tr>\n<td width=\"140\"><strong><b>Train d'atterrissage<\/b><\/strong><\/td>\n<td width=\"559\">Capacit\u00e9 de levage de 28 tonnes \u00e0 deux vitesses<\/td>\n<\/tr>\n<tr>\n<td width=\"140\"><strong><b>Goupille royale<\/b><\/strong><\/td>\n<td width=\"559\">pivot d'attelage de 2,00 ou 3,5 pouces \u00e0 boulonner<\/td>\n<\/tr>\n<tr>\n<td width=\"140\"><strong><b>Suspension<\/b><\/strong><\/td>\n<td width=\"559\">Suspension m\u00e9canique de type renforc\u00e9<\/td>\n<\/tr>\n<tr>\n<td width=\"140\"><strong><b>Ressort \u00e0 lames<\/b><\/strong><\/td>\n<td width=\"559\">90mm(W)*13mm(T)*10 couches<\/td>\n<\/tr>\n<\/tbody>\n<\/table>\n<table>\n<tbody>\n<tr>\n<td width=\"140\"><strong><b>Pneumatique<\/b><\/strong><\/p>\n<p><strong><b>Freinage<\/b><\/strong><strong><b>\u00a0<\/b><\/strong><strong><b>Syst\u00e8me<\/b><\/strong><\/td>\n<td width=\"559\">Syst\u00e8me de freinage pneumatique \u00e0 double ligne, chambre \u00e0 air T30, r\u00e9servoirs d'air 40L, soupape de relais d'urgence<\/td>\n<\/tr>\n<tr>\n<td width=\"140\"><strong><b>Jante<\/b><\/strong><\/td>\n<td width=\"559\">9.0-20*12 pcs<\/td>\n<\/tr>\n<tr>\n<td width=\"140\"><strong><b>Pneu<\/b><\/strong><\/td>\n<td width=\"559\">12R22.5*12 pcs<\/td>\n<\/tr>\n<tr>\n<td width=\"140\"><strong><b>Accessoires<\/b><\/strong><\/td>\n<td width=\"559\">Une bo\u00eete \u00e0 outils standard<\/td>\n<\/tr>\n<tr>\n<td width=\"140\"><strong><b>Roue de secours<\/b><\/strong><strong><b>\u00a0<\/b><\/strong><strong><b>support<\/b><\/strong><\/td>\n<td width=\"559\">Un<\/td>\n<\/tr>\n<tr>\n<td width=\"140\"><strong><b>Syst\u00e8me \u00e9lectrique<\/b><\/strong><\/td>\n<td width=\"559\">Syst\u00e8me \u00e9lectrique de 24 volts. Connecteur \u00e9lectrique \u00e0 7 broches. Feux de stationnement, stop, marche arri\u00e8re, plaque d'immatriculation et clignotants. Feux arri\u00e8re conformes \u00e0 la norme europ\u00e9enne, r\u00e9flecteurs arri\u00e8re, avant et lat\u00e9raux.<\/td>\n<\/tr>\n<tr>\n<td width=\"140\"><strong><b>Peinture<\/b><\/strong><\/td>\n<td width=\"559\">Sablage complet du ch\u00e2ssis pour \u00e9liminer la rouille, 1 couche d'appr\u00eat anticorrosion, 2 couches de peinture finale.<\/td>\n<\/tr>\n<tr>\n<td width=\"140\"><strong><b>Conditions d'exp\u00e9dition<\/b><\/strong><\/td>\n<td width=\"559\">Par cargaison en vrac\/RORO\/conteneur 40HQ<\/td>\n<\/tr>\n<\/tbody>\n<\/table>","protected":false},"excerpt":{"rendered":"<p><b>Dimension :<\/b>12,38m\u00d72,48m\u00d71,55m (ext\u00e9rieur)<br \/>\n<b>Charge utile :<\/b>50T<br \/>\n<b>Poids \u00e0 vide :<\/b>Environ 6,5T<br \/>\n<b>Verrouillage par rotation :<\/b>12 unit\u00e9s<br \/>\n<b>Poutre de cadre :<\/b>Bride sup\u00e9rieure 14mm, largeur 140mm ; Bride centrale 8mm ; Bride inf\u00e9rieure 16mm, largeur 140mm, hauteur de la poutre principale 500mm<\/p>","protected":false},"featured_media":5227,"template":"","meta":{"_seopress_robots_primary_cat":"none","_seopress_titles_title":"%%post_title%%","_seopress_titles_desc":"%%post_excerpt%%","_seopress_robots_index":"","_uag_custom_page_level_css":"","site-sidebar-layout":"default","site-content-layout":"","ast-site-content-layout":"default","site-content-style":"default","site-sidebar-style":"default","ast-global-header-display":"","ast-banner-title-visibility":"","ast-main-header-display":"","ast-hfb-above-header-display":"","ast-hfb-below-header-display":"","ast-hfb-mobile-header-display":"","site-post-title":"","ast-breadcrumbs-content":"","ast-featured-img":"","footer-sml-layout":"","theme-transparent-header-meta":"default","adv-header-id-meta":"","stick-header-meta":"default","header-above-stick-meta":"","header-main-stick-meta":"","header-below-stick-meta":"","astra-migrate-meta-layouts":"set","ast-page-background-enabled":"default","ast-page-background-meta":{"desktop":{"background-color":"","background-image":"","background-repeat":"repeat","background-position":"center center","background-size":"auto","background-attachment":"scroll","background-type":"","background-media":"","overlay-type":"","overlay-color":"","overlay-opacity":"","overlay-gradient":""},"tablet":{"background-color":"","background-image":"","background-repeat":"repeat","background-position":"center center","background-size":"auto","background-attachment":"scroll","background-type":"","background-media":"","overlay-type":"","overlay-color":"","overlay-opacity":"","overlay-gradient":""},"mobile":{"background-color":"","background-image":"","background-repeat":"repeat","background-position":"center center","background-size":"auto","background-attachment":"scroll","background-type":"","background-media":"","overlay-type":"","overlay-color":"","overlay-opacity":"","overlay-gradient":""}},"ast-content-background-meta":{"desktop":{"background-color":"var(--ast-global-color-5)","background-image":"","background-repeat":"repeat","background-position":"center center","background-size":"auto","background-attachment":"scroll","background-type":"","background-media":"","overlay-type":"","overlay-color":"","overlay-opacity":"","overlay-gradient":""},"tablet":{"background-color":"var(--ast-global-color-5)","background-image":"","background-repeat":"repeat","background-position":"center center","background-size":"auto","background-attachment":"scroll","background-type":"","background-media":"","overlay-type":"","overlay-color":"","overlay-opacity":"","overlay-gradient":""},"mobile":{"background-color":"var(--ast-global-color-5)","background-image":"","background-repeat":"repeat","background-position":"center center","background-size":"auto","background-attachment":"scroll","background-type":"","background-media":"","overlay-type":"","overlay-color":"","overlay-opacity":"","overlay-gradient":""}}},"product_brand":[],"product_cat":[106],"product_tag":[],"class_list":{"0":"post-5224","1":"product","2":"type-product","3":"status-publish","4":"has-post-thumbnail","6":"product_cat-skeleton-semi-trailer","7":"desktop-align-center","8":"tablet-align-left","9":"mobile-align-left","10":"ast-product-gallery-layout-horizontal-slider","11":"ast-product-tabs-layout-horizontal","13":"first","14":"instock","15":"shipping-taxable","16":"product-type-simple"},"uagb_featured_image_src":{"full":["https:\/\/hfoton.com\/wp-content\/uploads\/2025\/10\/\u672a\u6807\u9898-1-19.jpg",540,360,false],"thumbnail":["https:\/\/hfoton.com\/wp-content\/uploads\/2025\/10\/\u672a\u6807\u9898-1-19-150x150.jpg",150,150,true],"medium":["https:\/\/hfoton.com\/wp-content\/uploads\/2025\/10\/\u672a\u6807\u9898-1-19-300x200.jpg",300,200,true],"medium_large":["https:\/\/hfoton.com\/wp-content\/uploads\/2025\/10\/\u672a\u6807\u9898-1-19.jpg",540,360,false],"large":["https:\/\/hfoton.com\/wp-content\/uploads\/2025\/10\/\u672a\u6807\u9898-1-19.jpg",540,360,false],"1536x1536":["https:\/\/hfoton.com\/wp-content\/uploads\/2025\/10\/\u672a\u6807\u9898-1-19.jpg",540,360,false],"2048x2048":["https:\/\/hfoton.com\/wp-content\/uploads\/2025\/10\/\u672a\u6807\u9898-1-19.jpg",540,360,false],"trp-custom-language-flag":["https:\/\/hfoton.com\/wp-content\/uploads\/2025\/10\/\u672a\u6807\u9898-1-19-18x12.jpg",18,12,true],"woocommerce_thumbnail":["https:\/\/hfoton.com\/wp-content\/uploads\/2025\/10\/\u672a\u6807\u9898-1-19-300x300.jpg",300,300,true],"woocommerce_single":["https:\/\/hfoton.com\/wp-content\/uploads\/2025\/10\/\u672a\u6807\u9898-1-19.jpg",540,360,false],"woocommerce_gallery_thumbnail":["https:\/\/hfoton.com\/wp-content\/uploads\/2025\/10\/\u672a\u6807\u9898-1-19-100x100.jpg",100,100,true]},"uagb_author_info":{"display_name":"jinxing6611@gmail.com","author_link":"https:\/\/hfoton.com\/fr\/author\/"},"uagb_comment_info":0,"uagb_excerpt":"Dimension:12.38m\u00d72.48m\u00d71.55m (Outside) Payload:50T Tare weight:About 6.5T Twist lock:12 units Frame Beam:Top Flange 14mm,width 140mm; Middle Flange 8mm; Bottom Flange 16mm,width 140mm,main beam height 500mm","_links":{"self":[{"href":"https:\/\/hfoton.com\/fr\/wp-json\/wp\/v2\/product\/5224","targetHints":{"allow":["GET"]}}],"collection":[{"href":"https:\/\/hfoton.com\/fr\/wp-json\/wp\/v2\/product"}],"about":[{"href":"https:\/\/hfoton.com\/fr\/wp-json\/wp\/v2\/types\/product"}],"wp:featuredmedia":[{"embeddable":true,"href":"https:\/\/hfoton.com\/fr\/wp-json\/wp\/v2\/media\/5227"}],"wp:attachment":[{"href":"https:\/\/hfoton.com\/fr\/wp-json\/wp\/v2\/media?parent=5224"}],"wp:term":[{"taxonomy":"product_brand","embeddable":true,"href":"https:\/\/hfoton.com\/fr\/wp-json\/wp\/v2\/product_brand?post=5224"},{"taxonomy":"product_cat","embeddable":true,"href":"https:\/\/hfoton.com\/fr\/wp-json\/wp\/v2\/product_cat?post=5224"},{"taxonomy":"product_tag","embeddable":true,"href":"https:\/\/hfoton.com\/fr\/wp-json\/wp\/v2\/product_tag?post=5224"}],"curies":[{"name":"wp","href":"https:\/\/api.w.org\/{rel}","templated":true}]}}