{"id":5214,"date":"2025-10-30T07:53:17","date_gmt":"2025-10-30T07:53:17","guid":{"rendered":"http:\/\/hfoton.com\/?post_type=product&#038;p=5214"},"modified":"2025-10-30T08:01:06","modified_gmt":"2025-10-30T08:01:06","slug":"howo-used-8x4-371hp-dump-truck","status":"publish","type":"product","link":"https:\/\/hfoton.com\/fr\/product\/howo-used-8x4-371hp-dump-truck\/","title":{"rendered":"CAMION \u00c0 BENNE BASCULANTE HOWO 8\u00d74 371HP D'OCCASION"},"content":{"rendered":"<h3 style=\"text-align: center;\">SPECIFICATION<\/h3>\n<table>\n<tbody>\n<tr>\n<td width=\"366\">Marque : SINOTRUK HOWO<\/p>\n<p>Style de conduite : Conduite \u00e0 gauche<\/p>\n<p>Capacit\u00e9 du camion-citerne\uff08L\uff09 300 NOUVEAU<\/p>\n<p>La masse totale 50 000 kg<\/p>\n<p>Poids mort 14500 KG<\/p>\n<p>Caisse de chargement (L*L*H\uff08mm\uff097200*2300*1500mm NEW<\/p>\n<p>\u00c9paisseur de la bo\u00eete (mm) Fond 8, c\u00f4t\u00e9 6<\/p>\n<p>Dessus hydraulique\uff1a Dessus avant<\/p>\n<p>Cabine\uff1aHW76, climatiseur, une couchette L'int\u00e9rieur de la cabine est neuf<\/p>\n<p>Puissance du moteur\uff1a371HP ,Euro 2<\/p>\n<p>Embrayage SINOTRUK\u03a6430mm embrayage \u00e0 ressort \u00e0 diaphragme<\/p>\n<p>Bo\u00eete de vitesses HW19710<\/p>\n<p>Essieu avant : HF9,<\/p>\n<p>Essieu arri\u00e8re : HC16,<\/p>\n<p>Pneus : 12R22.5 NEW 12SETS<\/p>\n<p><b>Nouveau r\u00e9servoir de carburant et nouvelle batterie <\/b><\/p>\n<p>Mileage\uff1a25000\u201435000KM<\/p>\n<p>Garantie\uff1a6 mois<\/p>\n<p>Date de production : 2017-2018<\/td>\n<td width=\"298\">&nbsp;<\/p>\n<p><img alt=\"\" fetchpriority=\"high\" decoding=\"async\" class=\"alignnone wp-image-5217 size-full\" src=\"http:\/\/hfoton.com\/wp-content\/uploads\/2025\/10\/WPS\u56fe\u72471-5.png\" width=\"499\" height=\"439\" srcset=\"https:\/\/hfoton.com\/wp-content\/uploads\/2025\/10\/WPS\u56fe\u72471-5.png 499w, https:\/\/hfoton.com\/wp-content\/uploads\/2025\/10\/WPS\u56fe\u72471-5-300x264.png 300w, https:\/\/hfoton.com\/wp-content\/uploads\/2025\/10\/WPS\u56fe\u72471-5-14x12.png 14w\" sizes=\"(max-width: 499px) 100vw, 499px\" \/><\/p>\n<p>&nbsp;<\/p>\n<p><img alt=\"\" decoding=\"async\" class=\"alignnone wp-image-5218 size-full\" src=\"http:\/\/hfoton.com\/wp-content\/uploads\/2025\/10\/WPS\u56fe\u72472-1.png\" width=\"512\" height=\"348\" srcset=\"https:\/\/hfoton.com\/wp-content\/uploads\/2025\/10\/WPS\u56fe\u72472-1.png 512w, https:\/\/hfoton.com\/wp-content\/uploads\/2025\/10\/WPS\u56fe\u72472-1-300x204.png 300w, https:\/\/hfoton.com\/wp-content\/uploads\/2025\/10\/WPS\u56fe\u72472-1-18x12.png 18w\" sizes=\"(max-width: 512px) 100vw, 512px\" \/><\/td>\n<\/tr>\n<\/tbody>\n<\/table>\n<p><b>Nos exigences et notre politique de maintenance pour les camions d'occasion remis \u00e0 neuf sont les suivantes :<\/b><\/p>\n<p>1 : Tous les camions doivent \u00eatre des mod\u00e8les 2018-2020.<\/p>\n<p>2 : Doit \u00e9galement \u00eatre un camion-benne Howo.<\/p>\n<p>3 : Moteur : mise \u00e0 jour d'un jeu de filtres, vidange de l'huile et remplacement du filtre \u00e0 air.<\/p>\n<p>v\u00e9rifier l'\u00e9tat de toutes les pi\u00e8ces du moteur<\/p>\n<p>4 : Nouveau pneu, nouvelles jantes.<\/p>\n<p>5 : Passage \u00e0 un nouvel int\u00e9rieur de cabine<\/p>\n<p>6 : R\u00e9paration du climatiseur<\/p>\n<p>7 : Changer les plaquettes de frein.<\/p>\n<p>8 : Test complet du circuit \u00e9lectrique<\/p>\n<p>9 : Essais de conduite<\/p>\n<p>10 : Entretien complet de la transmission<\/p>\n<p>11 : Toutes les huiles Vidange de l'huile neuve<\/p>\n<p>12 : Repeindre l'ensemble du camion<\/p>\n<p>13 : Couleur de l'entreprise<\/p>\n<p>14 : Tous les camions doivent \u00eatre \u00e0 10 vitesses<\/p>\n<p>15 : 371HP<\/p>\n<p>16 : Moins de 50000 kilom\u00e8tres<\/p>\n<p>17 : Conduite \u00e0 gauche<\/p>\n<p>18 : Cirage au pistolet avant exp\u00e9dition<\/p>\n<p>19\uff1aLifting testing maintenance<\/p>\n<p>20\uff1aPour les camions-bennes, tous les camions doivent \u00eatre des petites bennes de 30 tonnes.<\/p>\n<p>21 : Porte-batteries avec serrure...<\/p>\n<p><b>DIAGRAMME SP\u00c9CIFIQUE<\/b><\/p>\n<table width=\"933\">\n<tbody>\n<tr>\n<td style=\"text-align: center;\" width=\"305\"><img alt=\"\" decoding=\"async\" class=\"alignnone size-full wp-image-5205\" src=\"http:\/\/hfoton.com\/wp-content\/uploads\/2025\/10\/03.png\" width=\"472\" height=\"354\" srcset=\"https:\/\/hfoton.com\/wp-content\/uploads\/2025\/10\/03.png 472w, https:\/\/hfoton.com\/wp-content\/uploads\/2025\/10\/03-300x225.png 300w, https:\/\/hfoton.com\/wp-content\/uploads\/2025\/10\/03-16x12.png 16w\" sizes=\"(max-width: 472px) 100vw, 472px\" \/><br \/>\nnouvel int\u00e9rieur<\/td>\n<td width=\"304\"><img alt=\"\" loading=\"lazy\" decoding=\"async\" class=\"alignnone size-full wp-image-5206\" src=\"http:\/\/hfoton.com\/wp-content\/uploads\/2025\/10\/4.png\" width=\"472\" height=\"354\" srcset=\"https:\/\/hfoton.com\/wp-content\/uploads\/2025\/10\/4.png 472w, https:\/\/hfoton.com\/wp-content\/uploads\/2025\/10\/4-300x225.png 300w, https:\/\/hfoton.com\/wp-content\/uploads\/2025\/10\/4-16x12.png 16w\" sizes=\"(max-width: 472px) 100vw, 472px\" \/><\/p>\n<p style=\"text-align: center;\">Nettoyage et entretien du moteur<\/p>\n<\/td>\n<td style=\"text-align: center;\" width=\"323\"><img alt=\"\" loading=\"lazy\" decoding=\"async\" class=\"alignnone size-full wp-image-5207\" src=\"http:\/\/hfoton.com\/wp-content\/uploads\/2025\/10\/5.png\" width=\"472\" height=\"354\" srcset=\"https:\/\/hfoton.com\/wp-content\/uploads\/2025\/10\/5.png 472w, https:\/\/hfoton.com\/wp-content\/uploads\/2025\/10\/5-300x225.png 300w, https:\/\/hfoton.com\/wp-content\/uploads\/2025\/10\/5-16x12.png 16w\" sizes=\"(max-width: 472px) 100vw, 472px\" \/><br \/>\nNettoyage et entretien des essieux<\/td>\n<\/tr>\n<tr>\n<td width=\"305\"><img alt=\"\" loading=\"lazy\" decoding=\"async\" class=\"size-full wp-image-5208 aligncenter\" src=\"http:\/\/hfoton.com\/wp-content\/uploads\/2025\/10\/6.png\" width=\"270\" height=\"217\" srcset=\"https:\/\/hfoton.com\/wp-content\/uploads\/2025\/10\/6.png 270w, https:\/\/hfoton.com\/wp-content\/uploads\/2025\/10\/6-15x12.png 15w\" sizes=\"(max-width: 270px) 100vw, 270px\" \/><\/p>\n<p style=\"text-align: center;\">Batterie neuve<\/p>\n<\/td>\n<td width=\"304\"><img alt=\"\" loading=\"lazy\" decoding=\"async\" class=\"wp-image-5209 size-medium aligncenter\" src=\"http:\/\/hfoton.com\/wp-content\/uploads\/2025\/10\/7-300x241.png\" width=\"300\" height=\"241\" srcset=\"https:\/\/hfoton.com\/wp-content\/uploads\/2025\/10\/7-300x241.png 300w, https:\/\/hfoton.com\/wp-content\/uploads\/2025\/10\/7-15x12.png 15w, https:\/\/hfoton.com\/wp-content\/uploads\/2025\/10\/7.png 475w\" sizes=\"(max-width: 300px) 100vw, 300px\" \/><\/p>\n<p style=\"text-align: center;\">La nouvelle lampe<\/p>\n<\/td>\n<td width=\"323\"><img alt=\"\" loading=\"lazy\" decoding=\"async\" class=\"size-full wp-image-5210 aligncenter\" src=\"http:\/\/hfoton.com\/wp-content\/uploads\/2025\/10\/8.png\" width=\"193\" height=\"198\" srcset=\"https:\/\/hfoton.com\/wp-content\/uploads\/2025\/10\/8.png 193w, https:\/\/hfoton.com\/wp-content\/uploads\/2025\/10\/8-12x12.png 12w\" sizes=\"(max-width: 193px) 100vw, 193px\" \/><\/p>\n<p style=\"text-align: center;\">Pneu neuf<\/p>\n<\/td>\n<\/tr>\n<tr>\n<td style=\"text-align: center;\" width=\"305\"><img alt=\"\" loading=\"lazy\" decoding=\"async\" class=\"size-full wp-image-5211 aligncenter\" src=\"http:\/\/hfoton.com\/wp-content\/uploads\/2025\/10\/9.png\" width=\"234\" height=\"232\" srcset=\"https:\/\/hfoton.com\/wp-content\/uploads\/2025\/10\/9.png 234w, https:\/\/hfoton.com\/wp-content\/uploads\/2025\/10\/9-150x150.png 150w, https:\/\/hfoton.com\/wp-content\/uploads\/2025\/10\/9-12x12.png 12w, https:\/\/hfoton.com\/wp-content\/uploads\/2025\/10\/9-100x100.png 100w\" sizes=\"(max-width: 234px) 100vw, 234px\" \/>Le r\u00e9servoir de carburant neuf<\/td>\n<td width=\"304\"><img alt=\"\" loading=\"lazy\" decoding=\"async\" class=\"aligncenter wp-image-5212 size-medium\" src=\"http:\/\/hfoton.com\/wp-content\/uploads\/2025\/10\/10-300x289.png\" width=\"300\" height=\"289\" srcset=\"https:\/\/hfoton.com\/wp-content\/uploads\/2025\/10\/10-300x289.png 300w, https:\/\/hfoton.com\/wp-content\/uploads\/2025\/10\/10-12x12.png 12w, https:\/\/hfoton.com\/wp-content\/uploads\/2025\/10\/10.png 406w\" sizes=\"(max-width: 300px) 100vw, 300px\" \/><\/p>\n<p style=\"text-align: center;\">D\u00e9tection de la transmission, peut \u00eatre remplac\u00e9 par un nouveau, l'augmentation du prix est de 1300USD<\/p>\n<\/td>\n<td width=\"323\"><img alt=\"\" loading=\"lazy\" decoding=\"async\" class=\"aligncenter wp-image-5213 size-medium\" src=\"http:\/\/hfoton.com\/wp-content\/uploads\/2025\/10\/11-300x209.png\" width=\"300\" height=\"209\" srcset=\"https:\/\/hfoton.com\/wp-content\/uploads\/2025\/10\/11-300x209.png 300w, https:\/\/hfoton.com\/wp-content\/uploads\/2025\/10\/11-18x12.png 18w, https:\/\/hfoton.com\/wp-content\/uploads\/2025\/10\/11.png 453w\" sizes=\"(max-width: 300px) 100vw, 300px\" \/><\/p>\n<p style=\"text-align: center;\">Essai du moteur Peut \u00eatre remplac\u00e9 par un moteur neuf, ce qui repr\u00e9sente une augmentation de prix de 3 000 USD.<\/p>\n<\/td>\n<\/tr>\n<\/tbody>\n<\/table>\n<p>&nbsp;<\/p>","protected":false},"excerpt":{"rendered":"<p>Marque : SINOTRUK HOWO<br \/>\nStyle de conduite : Conduite \u00e0 gauche<br \/>\nCapacit\u00e9 du camion-citerne\uff08L\uff09 300 NOUVEAU<br \/>\nLa masse totale 50 000 kg<br \/>\nPoids mort 14500 KG<\/p>","protected":false},"featured_media":5215,"template":"","meta":{"_seopress_robots_primary_cat":"none","_seopress_titles_title":"%%post_title%%","_seopress_titles_desc":"%%post_excerpt%%","_seopress_robots_index":"","_uag_custom_page_level_css":"","site-sidebar-layout":"default","site-content-layout":"","ast-site-content-layout":"default","site-content-style":"default","site-sidebar-style":"default","ast-global-header-display":"","ast-banner-title-visibility":"","ast-main-header-display":"","ast-hfb-above-header-display":"","ast-hfb-below-header-display":"","ast-hfb-mobile-header-display":"","site-post-title":"","ast-breadcrumbs-content":"","ast-featured-img":"","footer-sml-layout":"","theme-transparent-header-meta":"default","adv-header-id-meta":"","stick-header-meta":"default","header-above-stick-meta":"","header-main-stick-meta":"","header-below-stick-meta":"","astra-migrate-meta-layouts":"set","ast-page-background-enabled":"default","ast-page-background-meta":{"desktop":{"background-color":"","background-image":"","background-repeat":"repeat","background-position":"center center","background-size":"auto","background-attachment":"scroll","background-type":"","background-media":"","overlay-type":"","overlay-color":"","overlay-opacity":"","overlay-gradient":""},"tablet":{"background-color":"","background-image":"","background-repeat":"repeat","background-position":"center center","background-size":"auto","background-attachment":"scroll","background-type":"","background-media":"","overlay-type":"","overlay-color":"","overlay-opacity":"","overlay-gradient":""},"mobile":{"background-color":"","background-image":"","background-repeat":"repeat","background-position":"center center","background-size":"auto","background-attachment":"scroll","background-type":"","background-media":"","overlay-type":"","overlay-color":"","overlay-opacity":"","overlay-gradient":""}},"ast-content-background-meta":{"desktop":{"background-color":"var(--ast-global-color-5)","background-image":"","background-repeat":"repeat","background-position":"center center","background-size":"auto","background-attachment":"scroll","background-type":"","background-media":"","overlay-type":"","overlay-color":"","overlay-opacity":"","overlay-gradient":""},"tablet":{"background-color":"var(--ast-global-color-5)","background-image":"","background-repeat":"repeat","background-position":"center center","background-size":"auto","background-attachment":"scroll","background-type":"","background-media":"","overlay-type":"","overlay-color":"","overlay-opacity":"","overlay-gradient":""},"mobile":{"background-color":"var(--ast-global-color-5)","background-image":"","background-repeat":"repeat","background-position":"center center","background-size":"auto","background-attachment":"scroll","background-type":"","background-media":"","overlay-type":"","overlay-color":"","overlay-opacity":"","overlay-gradient":""}}},"product_brand":[],"product_cat":[85],"product_tag":[],"class_list":{"0":"post-5214","1":"product","2":"type-product","3":"status-publish","4":"has-post-thumbnail","6":"product_cat-dump-truck","7":"desktop-align-center","8":"tablet-align-left","9":"mobile-align-left","10":"ast-product-gallery-layout-horizontal-slider","11":"ast-product-tabs-layout-horizontal","13":"first","14":"instock","15":"shipping-taxable","16":"product-type-simple"},"uagb_featured_image_src":{"full":["https:\/\/hfoton.com\/wp-content\/uploads\/2025\/10\/\u672a\u6807\u9898-1-17.jpg",540,360,false],"thumbnail":["https:\/\/hfoton.com\/wp-content\/uploads\/2025\/10\/\u672a\u6807\u9898-1-17-150x150.jpg",150,150,true],"medium":["https:\/\/hfoton.com\/wp-content\/uploads\/2025\/10\/\u672a\u6807\u9898-1-17-300x200.jpg",300,200,true],"medium_large":["https:\/\/hfoton.com\/wp-content\/uploads\/2025\/10\/\u672a\u6807\u9898-1-17.jpg",540,360,false],"large":["https:\/\/hfoton.com\/wp-content\/uploads\/2025\/10\/\u672a\u6807\u9898-1-17.jpg",540,360,false],"1536x1536":["https:\/\/hfoton.com\/wp-content\/uploads\/2025\/10\/\u672a\u6807\u9898-1-17.jpg",540,360,false],"2048x2048":["https:\/\/hfoton.com\/wp-content\/uploads\/2025\/10\/\u672a\u6807\u9898-1-17.jpg",540,360,false],"trp-custom-language-flag":["https:\/\/hfoton.com\/wp-content\/uploads\/2025\/10\/\u672a\u6807\u9898-1-17-18x12.jpg",18,12,true],"woocommerce_thumbnail":["https:\/\/hfoton.com\/wp-content\/uploads\/2025\/10\/\u672a\u6807\u9898-1-17-300x300.jpg",300,300,true],"woocommerce_single":["https:\/\/hfoton.com\/wp-content\/uploads\/2025\/10\/\u672a\u6807\u9898-1-17.jpg",540,360,false],"woocommerce_gallery_thumbnail":["https:\/\/hfoton.com\/wp-content\/uploads\/2025\/10\/\u672a\u6807\u9898-1-17-100x100.jpg",100,100,true]},"uagb_author_info":{"display_name":"jinxing6611@gmail.com","author_link":"https:\/\/hfoton.com\/fr\/author\/"},"uagb_comment_info":0,"uagb_excerpt":"Brand: SINOTRUK HOWO Driving Style: Left Hand Driving Fuel tanker capacity\uff08L\uff09 300\u00a0NEW The Total Mass 50,000kg Dead Weight 14500 KG","_links":{"self":[{"href":"https:\/\/hfoton.com\/fr\/wp-json\/wp\/v2\/product\/5214","targetHints":{"allow":["GET"]}}],"collection":[{"href":"https:\/\/hfoton.com\/fr\/wp-json\/wp\/v2\/product"}],"about":[{"href":"https:\/\/hfoton.com\/fr\/wp-json\/wp\/v2\/types\/product"}],"wp:featuredmedia":[{"embeddable":true,"href":"https:\/\/hfoton.com\/fr\/wp-json\/wp\/v2\/media\/5215"}],"wp:attachment":[{"href":"https:\/\/hfoton.com\/fr\/wp-json\/wp\/v2\/media?parent=5214"}],"wp:term":[{"taxonomy":"product_brand","embeddable":true,"href":"https:\/\/hfoton.com\/fr\/wp-json\/wp\/v2\/product_brand?post=5214"},{"taxonomy":"product_cat","embeddable":true,"href":"https:\/\/hfoton.com\/fr\/wp-json\/wp\/v2\/product_cat?post=5214"},{"taxonomy":"product_tag","embeddable":true,"href":"https:\/\/hfoton.com\/fr\/wp-json\/wp\/v2\/product_tag?post=5214"}],"curies":[{"name":"wp","href":"https:\/\/api.w.org\/{rel}","templated":true}]}}