{"id":5199,"date":"2025-10-30T07:05:03","date_gmt":"2025-10-30T07:05:03","guid":{"rendered":"http:\/\/hfoton.com\/?post_type=product&#038;p=5199"},"modified":"2025-10-30T07:23:03","modified_gmt":"2025-10-30T07:23:03","slug":"sinotruk-howo-8x4-dump-truck","status":"publish","type":"product","link":"https:\/\/hfoton.com\/fr\/product\/sinotruk-howo-8x4-dump-truck\/","title":{"rendered":"SINOTRUK HOWO 8\u00d74 DUMP TRUCK"},"content":{"rendered":"<h3 style=\"text-align: center;\">SPECIFICATION<\/h3>\n<figure id=\"attachment_5200\" aria-describedby=\"caption-attachment-5200\" style=\"width: 774px\" class=\"wp-caption aligncenter\"><img fetchpriority=\"high\" decoding=\"async\" class=\"size-full wp-image-5200\" src=\"http:\/\/hfoton.com\/wp-content\/uploads\/2025\/10\/WPS\u56fe\u72471-3.png\" alt=\"SINOTRUK HOWO 8\u00d74 DUMP TRUCK\" width=\"774\" height=\"613\" srcset=\"https:\/\/hfoton.com\/wp-content\/uploads\/2025\/10\/WPS\u56fe\u72471-3.png 774w, https:\/\/hfoton.com\/wp-content\/uploads\/2025\/10\/WPS\u56fe\u72471-3-300x238.png 300w, https:\/\/hfoton.com\/wp-content\/uploads\/2025\/10\/WPS\u56fe\u72471-3-768x608.png 768w, https:\/\/hfoton.com\/wp-content\/uploads\/2025\/10\/WPS\u56fe\u72471-3-15x12.png 15w, https:\/\/hfoton.com\/wp-content\/uploads\/2025\/10\/WPS\u56fe\u72471-3-600x475.png 600w\" sizes=\"(max-width: 774px) 100vw, 774px\" \/><figcaption id=\"caption-attachment-5200\" class=\"wp-caption-text\">SINOTRUK HOWO 8\u00d74 DUMP TRUCK<\/figcaption><\/figure>\n<table>\n<tbody>\n<tr>\n<td width=\"293\">Nom<\/td>\n<td width=\"323\">CAMION-BENNE HOWO<\/td>\n<\/tr>\n<tr>\n<td width=\"293\">Type d'entra\u00eenement<\/td>\n<td width=\"323\">8\u00d74<\/td>\n<\/tr>\n<tr>\n<td width=\"293\">Masse de la caisse (kg)<\/td>\n<td width=\"323\">15800<\/td>\n<\/tr>\n<tr>\n<td width=\"293\">Capacit\u00e9 de charge nominale (kg)<\/td>\n<td width=\"323\">&#8212;<\/td>\n<\/tr>\n<tr>\n<td width=\"293\">Masse totale (kg)<\/td>\n<td width=\"323\">31000<\/td>\n<\/tr>\n<tr>\n<td width=\"293\">Vitesse maximale (km\/h)<\/td>\n<td width=\"323\">75<\/td>\n<\/tr>\n<tr>\n<td width=\"293\">Rayon de braquage minimal (m)<\/td>\n<td width=\"323\">18<\/td>\n<\/tr>\n<tr>\n<td width=\"293\">Approche\/D\u00e9part (\u00b0)<\/td>\n<td width=\"323\">16\/70<\/td>\n<\/tr>\n<tr>\n<td width=\"293\">Pente maximale (\uff05)<\/td>\n<td width=\"323\">60<\/td>\n<\/tr>\n<tr>\n<td width=\"293\">Dimensions d'aspect (mm)<\/td>\n<td width=\"323\">10150\u00d72500\u00d73450<\/td>\n<\/tr>\n<tr>\n<td width=\"293\">Empattement (mm)<\/td>\n<td width=\"323\">3800+1350<\/td>\n<\/tr>\n<tr>\n<td width=\"293\">Moteur<\/td>\n<td width=\"323\">Moteur CNHTC \uff0cWD615.47 \uff0c371hp E-II<\/td>\n<\/tr>\n<tr>\n<td width=\"293\">Puissance de sortie nominale<\/td>\n<td width=\"323\">273kw<\/td>\n<\/tr>\n<tr>\n<td width=\"293\">Couple (N.m r. p. m)<\/td>\n<td width=\"323\">1820\/1100-1500<\/td>\n<\/tr>\n<tr>\n<td width=\"293\">D\u00e9placement (L)<\/td>\n<td width=\"323\">9.726L<\/td>\n<\/tr>\n<tr>\n<td width=\"293\">Capacit\u00e9 du r\u00e9servoir de carburant (L)<\/td>\n<td width=\"323\">300L<\/td>\n<\/tr>\n<\/tbody>\n<\/table>\n<table>\n<tbody>\n<tr>\n<td colspan=\"2\" width=\"200\">&nbsp;<\/p>\n<p>Pneumatique :<\/td>\n<td colspan=\"2\" width=\"200\">&nbsp;<\/p>\n<p>12.00R20 12+1pc<\/td>\n<\/tr>\n<tr>\n<td colspan=\"2\" width=\"200\">Embrayage<\/td>\n<td colspan=\"2\" width=\"200\">\u03c6430 ressort \u00e0 membrane<\/td>\n<\/tr>\n<tr>\n<td colspan=\"2\" width=\"133\">Bo\u00eete de vitesses<\/td>\n<td width=\"159\">Transmission<\/td>\n<td width=\"323\">HW19710, 10 en avant et 2 en arri\u00e8re Manuel<\/td>\n<\/tr>\n<tr>\n<td colspan=\"2\" width=\"200\">Essieu avant<\/td>\n<td colspan=\"2\" width=\"323\">VGD95<\/td>\n<\/tr>\n<tr>\n<td colspan=\"2\" width=\"293\">Essieu moteur<\/td>\n<td colspan=\"2\" width=\"323\">Rapport HC16 5,73<\/td>\n<\/tr>\n<tr>\n<td colspan=\"2\" width=\"293\">Direction<\/td>\n<td colspan=\"2\" width=\"323\">ZF8118 \uff08conduite \u00e0 gauche\uff09<\/td>\n<\/tr>\n<tr>\n<td width=\"122\">&nbsp;<\/p>\n<p>Frein<\/td>\n<td colspan=\"2\" width=\"170\">Frein de service<\/td>\n<td width=\"323\">Avec frein \u00e0 air comprim\u00e9 \u00e0 double circuit<\/td>\n<\/tr>\n<tr>\n<td width=\"122\"><\/td>\n<td colspan=\"2\" width=\"170\">Frein de stationnement<\/td>\n<td width=\"323\">Frein \u00e9lectrique \u00e0 ressort agissant sur les roues avant et arri\u00e8re<\/td>\n<\/tr>\n<tr>\n<td width=\"122\"><\/td>\n<td colspan=\"2\" width=\"170\">Frein auxiliaire<\/td>\n<td width=\"323\">Frein de la soupape d'\u00e9chappement du moteur<\/td>\n<\/tr>\n<tr>\n<td colspan=\"2\" width=\"293\">Cabine<\/td>\n<td colspan=\"2\" width=\"323\">Cabine HW76 avec couchette simple A\/C<\/p>\n<p>Avec aspirateur de vent et manchon de guidage d'air<\/td>\n<\/tr>\n<tr>\n<td colspan=\"2\" width=\"293\">Batterie<\/td>\n<td colspan=\"2\" width=\"323\">165AH<\/td>\n<\/tr>\n<tr>\n<td colspan=\"2\" width=\"293\">Dimensions internes du chariot<\/td>\n<td colspan=\"2\" width=\"323\">7300\u00d72300x 1600mm<\/td>\n<\/tr>\n<tr>\n<td colspan=\"2\" width=\"293\">Epaisseur de l'acier du chariot\uff1a<\/td>\n<td colspan=\"2\" width=\"323\">Plancher : 8 mm, c\u00f4t\u00e9s : 6 mm \uff0c Levage avant chinois<\/td>\n<\/tr>\n<tr>\n<td colspan=\"2\" width=\"293\">Couleur<\/td>\n<td colspan=\"2\" width=\"323\">Blanc<\/td>\n<\/tr>\n<\/tbody>\n<\/table>","protected":false},"excerpt":{"rendered":"<p><strong>Couleur\uff1a<\/strong>Blanc<br \/>\n<strong>Capacit\u00e9 du r\u00e9servoir de carburant (L)\uff1a<\/strong>300L<br \/>\n<strong>Moteur\uff1a<\/strong>Moteur CNHTC\uff0cWD615.47\uff0c371hp E-II<br \/>\n<strong>Dimensions d'aspect (mm)\uff1a<\/strong>10150\u00d72500\u00d73450<br \/>\n<strong>Type d'entra\u00eenement\uff1a<\/strong>8\u00d74<\/p>\n<p>&nbsp;<\/p>","protected":false},"featured_media":5201,"template":"","meta":{"_seopress_robots_primary_cat":"none","_seopress_titles_title":"%%post_title%%","_seopress_titles_desc":"%%post_excerpt%%","_seopress_robots_index":"","_uag_custom_page_level_css":"","site-sidebar-layout":"default","site-content-layout":"","ast-site-content-layout":"default","site-content-style":"default","site-sidebar-style":"default","ast-global-header-display":"","ast-banner-title-visibility":"","ast-main-header-display":"","ast-hfb-above-header-display":"","ast-hfb-below-header-display":"","ast-hfb-mobile-header-display":"","site-post-title":"","ast-breadcrumbs-content":"","ast-featured-img":"","footer-sml-layout":"","theme-transparent-header-meta":"default","adv-header-id-meta":"","stick-header-meta":"default","header-above-stick-meta":"","header-main-stick-meta":"","header-below-stick-meta":"","astra-migrate-meta-layouts":"set","ast-page-background-enabled":"default","ast-page-background-meta":{"desktop":{"background-color":"","background-image":"","background-repeat":"repeat","background-position":"center center","background-size":"auto","background-attachment":"scroll","background-type":"","background-media":"","overlay-type":"","overlay-color":"","overlay-opacity":"","overlay-gradient":""},"tablet":{"background-color":"","background-image":"","background-repeat":"repeat","background-position":"center center","background-size":"auto","background-attachment":"scroll","background-type":"","background-media":"","overlay-type":"","overlay-color":"","overlay-opacity":"","overlay-gradient":""},"mobile":{"background-color":"","background-image":"","background-repeat":"repeat","background-position":"center center","background-size":"auto","background-attachment":"scroll","background-type":"","background-media":"","overlay-type":"","overlay-color":"","overlay-opacity":"","overlay-gradient":""}},"ast-content-background-meta":{"desktop":{"background-color":"var(--ast-global-color-5)","background-image":"","background-repeat":"repeat","background-position":"center center","background-size":"auto","background-attachment":"scroll","background-type":"","background-media":"","overlay-type":"","overlay-color":"","overlay-opacity":"","overlay-gradient":""},"tablet":{"background-color":"var(--ast-global-color-5)","background-image":"","background-repeat":"repeat","background-position":"center center","background-size":"auto","background-attachment":"scroll","background-type":"","background-media":"","overlay-type":"","overlay-color":"","overlay-opacity":"","overlay-gradient":""},"mobile":{"background-color":"var(--ast-global-color-5)","background-image":"","background-repeat":"repeat","background-position":"center center","background-size":"auto","background-attachment":"scroll","background-type":"","background-media":"","overlay-type":"","overlay-color":"","overlay-opacity":"","overlay-gradient":""}}},"product_brand":[],"product_cat":[85],"product_tag":[],"class_list":{"0":"post-5199","1":"product","2":"type-product","3":"status-publish","4":"has-post-thumbnail","6":"product_cat-dump-truck","7":"desktop-align-center","8":"tablet-align-left","9":"mobile-align-left","10":"ast-product-gallery-layout-horizontal-slider","11":"ast-product-tabs-layout-horizontal","13":"first","14":"instock","15":"shipping-taxable","16":"product-type-simple"},"uagb_featured_image_src":{"full":["https:\/\/hfoton.com\/wp-content\/uploads\/2025\/10\/\u672a\u6807\u9898-1-16.jpg",540,360,false],"thumbnail":["https:\/\/hfoton.com\/wp-content\/uploads\/2025\/10\/\u672a\u6807\u9898-1-16-150x150.jpg",150,150,true],"medium":["https:\/\/hfoton.com\/wp-content\/uploads\/2025\/10\/\u672a\u6807\u9898-1-16-300x200.jpg",300,200,true],"medium_large":["https:\/\/hfoton.com\/wp-content\/uploads\/2025\/10\/\u672a\u6807\u9898-1-16.jpg",540,360,false],"large":["https:\/\/hfoton.com\/wp-content\/uploads\/2025\/10\/\u672a\u6807\u9898-1-16.jpg",540,360,false],"1536x1536":["https:\/\/hfoton.com\/wp-content\/uploads\/2025\/10\/\u672a\u6807\u9898-1-16.jpg",540,360,false],"2048x2048":["https:\/\/hfoton.com\/wp-content\/uploads\/2025\/10\/\u672a\u6807\u9898-1-16.jpg",540,360,false],"trp-custom-language-flag":["https:\/\/hfoton.com\/wp-content\/uploads\/2025\/10\/\u672a\u6807\u9898-1-16-18x12.jpg",18,12,true],"woocommerce_thumbnail":["https:\/\/hfoton.com\/wp-content\/uploads\/2025\/10\/\u672a\u6807\u9898-1-16-300x300.jpg",300,300,true],"woocommerce_single":["https:\/\/hfoton.com\/wp-content\/uploads\/2025\/10\/\u672a\u6807\u9898-1-16.jpg",540,360,false],"woocommerce_gallery_thumbnail":["https:\/\/hfoton.com\/wp-content\/uploads\/2025\/10\/\u672a\u6807\u9898-1-16-100x100.jpg",100,100,true]},"uagb_author_info":{"display_name":"jinxing6611@gmail.com","author_link":"https:\/\/hfoton.com\/fr\/author\/"},"uagb_comment_info":0,"uagb_excerpt":"Colour\uff1aWhite Fuel tank capacity (L)\uff1a300L Engine\uff1aCNHTC Engine\uff0cWD615.47\uff0c371hp\u00a0E-II Appearance dimensions (mm)\uff1a10150\u00d72500\u00d73450 Drive type\uff1a8\u00d74 &nbsp;","_links":{"self":[{"href":"https:\/\/hfoton.com\/fr\/wp-json\/wp\/v2\/product\/5199","targetHints":{"allow":["GET"]}}],"collection":[{"href":"https:\/\/hfoton.com\/fr\/wp-json\/wp\/v2\/product"}],"about":[{"href":"https:\/\/hfoton.com\/fr\/wp-json\/wp\/v2\/types\/product"}],"wp:featuredmedia":[{"embeddable":true,"href":"https:\/\/hfoton.com\/fr\/wp-json\/wp\/v2\/media\/5201"}],"wp:attachment":[{"href":"https:\/\/hfoton.com\/fr\/wp-json\/wp\/v2\/media?parent=5199"}],"wp:term":[{"taxonomy":"product_brand","embeddable":true,"href":"https:\/\/hfoton.com\/fr\/wp-json\/wp\/v2\/product_brand?post=5199"},{"taxonomy":"product_cat","embeddable":true,"href":"https:\/\/hfoton.com\/fr\/wp-json\/wp\/v2\/product_cat?post=5199"},{"taxonomy":"product_tag","embeddable":true,"href":"https:\/\/hfoton.com\/fr\/wp-json\/wp\/v2\/product_tag?post=5199"}],"curies":[{"name":"wp","href":"https:\/\/api.w.org\/{rel}","templated":true}]}}