{"id":5187,"date":"2025-10-30T02:59:25","date_gmt":"2025-10-30T02:59:25","guid":{"rendered":"http:\/\/hfoton.com\/?post_type=product&#038;p=5187"},"modified":"2025-10-30T03:06:05","modified_gmt":"2025-10-30T03:06:05","slug":"howonx-6x4-371hp-tractor-truck","status":"publish","type":"product","link":"https:\/\/hfoton.com\/fr\/product\/howonx-6x4-371hp-tractor-truck\/","title":{"rendered":"CAMION TRACTEUR HOWONX 6\u00d74 371HP"},"content":{"rendered":"<h3 style=\"text-align: center;\">SPECIFICATION<\/h3>\n<figure id=\"attachment_5189\" aria-describedby=\"caption-attachment-5189\" style=\"width: 800px\" class=\"wp-caption aligncenter\"><img fetchpriority=\"high\" decoding=\"async\" class=\"size-full wp-image-5189\" src=\"http:\/\/hfoton.com\/wp-content\/uploads\/2025\/10\/2.jpg\" alt=\"HOWONX 6x4 371HP TRACTOR TRUCK\" width=\"800\" height=\"565\" srcset=\"https:\/\/hfoton.com\/wp-content\/uploads\/2025\/10\/2.jpg 800w, https:\/\/hfoton.com\/wp-content\/uploads\/2025\/10\/2-300x212.jpg 300w, https:\/\/hfoton.com\/wp-content\/uploads\/2025\/10\/2-768x542.jpg 768w, https:\/\/hfoton.com\/wp-content\/uploads\/2025\/10\/2-18x12.jpg 18w, https:\/\/hfoton.com\/wp-content\/uploads\/2025\/10\/2-600x424.jpg 600w\" sizes=\"(max-width: 800px) 100vw, 800px\" \/><figcaption id=\"caption-attachment-5189\" class=\"wp-caption-text\">CAMION TRACTEUR HOWONX 6\u00d74 371HP<\/figcaption><\/figure>\n<table>\n<tbody>\n<tr>\n<td width=\"264\">SP\u00c9CIFICATION DU V\u00c9HICULE<\/td>\n<td width=\"425\">DESCRIPTION<\/td>\n<\/tr>\n<tr>\n<td width=\"264\">Mod\u00e8le de camion<\/td>\n<td width=\"425\">ZZ4257S324JB1<\/td>\n<\/tr>\n<tr>\n<td width=\"264\">Type de v\u00e9hicule<\/td>\n<td width=\"425\">TRACTOR TRUCK<\/td>\n<\/tr>\n<tr>\n<td width=\"264\">Marque du camion<\/td>\n<td width=\"425\">SINOTRUK-HOWO<\/td>\n<\/tr>\n<tr>\n<td width=\"264\">Position de conduite<\/td>\n<td width=\"425\">Conduite \u00e0 gauche<\/td>\n<\/tr>\n<tr>\n<td width=\"264\">Capacit\u00e9 du r\u00e9servoir de carburant\uff08L\uff09<\/td>\n<td width=\"425\">400<\/td>\n<\/tr>\n<tr>\n<td width=\"264\">La masse totale<\/td>\n<td width=\"425\">50 000 kg<\/td>\n<\/tr>\n<tr>\n<td width=\"264\">Poids mort<\/td>\n<td width=\"425\">8800<\/td>\n<\/tr>\n<tr>\n<td width=\"264\">Vitesse maximale\uff08km\/h\uff09(km\/h)<\/td>\n<td width=\"425\">102<\/td>\n<\/tr>\n<tr>\n<td width=\"264\">Couleur<\/td>\n<td width=\"425\">En option<\/td>\n<\/tr>\n<tr>\n<td colspan=\"2\" width=\"689\">Ch\u00e2ssis et composants additionnels<\/td>\n<\/tr>\n<tr>\n<td width=\"264\">&nbsp;<\/p>\n<p>D\u00e9tails du cadre<\/td>\n<td width=\"425\">Cadre d'\u00e9chelle en U \u00e0 haute r\u00e9sistance avec une section de 300*90*8mm et un cadre renforc\u00e9, toutes les traverses \u00e9tant rivet\u00e9es \u00e0 froid.<\/td>\n<\/tr>\n<tr>\n<td width=\"264\">Dimension(LxLxH)\uff08 mm\uff09<\/td>\n<td width=\"425\">6985x2496x3450<\/td>\n<\/tr>\n<tr>\n<td width=\"264\">Angle d'approche\/angle de d\u00e9part (\u00b0)<\/td>\n<td width=\"425\">16\/70<\/td>\n<\/tr>\n<tr>\n<td width=\"264\">Porte-\u00e0-faux (avant\/arri\u00e8re) (mm)<\/td>\n<td width=\"425\">1500\/725<\/td>\n<\/tr>\n<tr>\n<td width=\"264\">Empattement (mm)<\/td>\n<td width=\"425\">3225+\u00a01350<\/td>\n<\/tr>\n<tr>\n<td colspan=\"2\" width=\"689\">Moteur<\/td>\n<\/tr>\n<tr>\n<td width=\"264\">Mod\u00e8le<\/td>\n<td width=\"425\">WD615.47<\/td>\n<\/tr>\n<tr>\n<td width=\"264\">Puissance<\/td>\n<td width=\"425\">371hp\/273kw.2000r\/min<\/td>\n<\/tr>\n<\/tbody>\n<\/table>\n<table>\n<tbody>\n<tr>\n<td width=\"264\">\u00c9missions<\/td>\n<td width=\"425\">EURO II<\/td>\n<\/tr>\n<tr>\n<td width=\"264\">D\u00e9placement (L)<\/td>\n<td width=\"425\">9.896<\/td>\n<\/tr>\n<tr>\n<td width=\"264\">Type<\/td>\n<td width=\"425\">refroidi par eau\uff0cquatre temps\uff0c6 cylindres en ligne\uff0cturbocompress\u00e9, injection directe<\/td>\n<\/tr>\n<tr>\n<td width=\"264\">Type de carburant<\/td>\n<td width=\"425\">Diesel<\/td>\n<\/tr>\n<tr>\n<td width=\"264\">Consommation de carburant (L\/100km)<\/td>\n<td width=\"425\">25L\/100km<\/td>\n<\/tr>\n<tr>\n<td colspan=\"2\" width=\"689\">Syst\u00e8me d'embrayage et de bo\u00eete de vitesses<\/td>\n<\/tr>\n<tr>\n<td width=\"264\">Embrayage<\/td>\n<td width=\"425\">SINOTRUK\u03a6430mm embrayage \u00e0 ressort \u00e0 diaphragme<\/td>\n<\/tr>\n<tr>\n<td width=\"264\">Bo\u00eete de vitesses<\/td>\n<td width=\"425\">HW19710<\/td>\n<\/tr>\n<tr>\n<td colspan=\"2\" width=\"689\">Essieux<\/td>\n<\/tr>\n<tr>\n<td width=\"264\">Mod\u00e8le d'essieu avant<\/td>\n<td width=\"425\">Essieu VGD95. Capacit\u00e9 : 9000kg<\/td>\n<\/tr>\n<tr>\n<td width=\"264\">Essieu arri\u00e8re<\/td>\n<td width=\"425\">Essieu HC16. Capacit\u00e9:2X 16000kg<\/td>\n<\/tr>\n<tr>\n<td width=\"264\">Rapport de l'essieu arri\u00e8re<\/td>\n<td width=\"425\">4.8<\/td>\n<\/tr>\n<tr>\n<td colspan=\"2\" width=\"689\">Syst\u00e8me \u00e9lectrique<\/td>\n<\/tr>\n<tr>\n<td width=\"264\">Batterie<\/td>\n<td width=\"425\">2X 12V\/165A h<\/td>\n<\/tr>\n<tr>\n<td width=\"264\">Alternateur<\/td>\n<td width=\"425\">28V-1500kw<\/td>\n<\/tr>\n<tr>\n<td width=\"264\">D\u00e9marrage<\/td>\n<td width=\"425\">7.5Kw\/24V<\/td>\n<\/tr>\n<tr>\n<td colspan=\"2\" width=\"689\">Syst\u00e8me de freinage<\/td>\n<\/tr>\n<tr>\n<td width=\"264\">Frein de service<\/td>\n<td width=\"425\">Frein \u00e0 air comprim\u00e9 \u00e0 double circuit<\/td>\n<\/tr>\n<tr>\n<td width=\"264\">Frein de stationnement<\/td>\n<td width=\"425\">\u00e9nergie du ressort, air comprim\u00e9 fonctionnant sur les roues arri\u00e8re<\/td>\n<\/tr>\n<tr>\n<td width=\"264\">Frein auxiliaire<\/td>\n<td width=\"425\">Frein d'\u00e9chappement du moteur<\/td>\n<\/tr>\n<tr>\n<td colspan=\"2\" width=\"689\">Syst\u00e8me de direction<\/td>\n<\/tr>\n<tr>\n<td width=\"264\">Mod\u00e8le<\/td>\n<td width=\"425\">ZF8118<\/td>\n<\/tr>\n<tr>\n<td width=\"264\">Type<\/td>\n<td width=\"425\">direction hydraulique avec assistance<\/td>\n<\/tr>\n<tr>\n<td colspan=\"2\" width=\"689\">Roues et pneus<\/td>\n<\/tr>\n<tr>\n<td width=\"264\">Type<\/td>\n<td width=\"425\">1200R20<\/td>\n<\/tr>\n<tr>\n<td width=\"264\">Mat\u00e9riau<\/td>\n<td width=\"425\">Pneus en acier<\/td>\n<\/tr>\n<tr>\n<td width=\"264\">Quantit\u00e9<\/td>\n<td width=\"425\">10+1 en r\u00e9serve<\/td>\n<\/tr>\n<tr>\n<td width=\"264\">Kin pin<\/td>\n<td width=\"425\">50 mm ou 90 mm<\/td>\n<\/tr>\n<tr>\n<td colspan=\"2\" width=\"689\">Cabine<\/td>\n<\/tr>\n<tr>\n<td width=\"264\">Type<\/td>\n<td width=\"425\">H77L Cabine standard<\/td>\n<\/tr>\n<tr>\n<td colspan=\"2\" width=\"689\">Couchette simple avec climatiseur, commande avant tout en acier, inclinaison hydraulique de 55\u00ba vers l'avant, syst\u00e8me d'essuie-glace \u00e0 deux bras et trois vitesses, pare-brise stratifi\u00e9 avec antenne radio encastr\u00e9e, si\u00e8ge conducteur r\u00e9glable par amortissement hydraulique et si\u00e8ge copilote r\u00e9glable de mani\u00e8re rigide, avec syst\u00e8me de chauffage et de ventilation, pare-soleil ext\u00e9rieur, volet de toit r\u00e9glable, avec radio st\u00e9r\u00e9o\/enregistreur de cassettes, ceintures de s\u00e9curit\u00e9 et volant r\u00e9glable, klaxon \u00e0 air, avec suspension \u00e0 4 points enti\u00e8rement flottante et amortisseurs.<\/td>\n<\/tr>\n<\/tbody>\n<\/table>","protected":false},"excerpt":{"rendered":"<p>Couchette simple avec climatiseur, commande avant tout en acier, inclinaison hydraulique de 55\u00ba vers l'avant, syst\u00e8me d'essuie-glace \u00e0 deux bras et trois vitesses, pare-brise stratifi\u00e9 avec antenne radio encastr\u00e9e, si\u00e8ge conducteur r\u00e9glable par amortissement hydraulique et si\u00e8ge copilote r\u00e9glable de mani\u00e8re rigide, avec syst\u00e8me de chauffage et de ventilation, pare-soleil ext\u00e9rieur, volet de toit r\u00e9glable, avec radio st\u00e9r\u00e9o\/enregistreur de cassettes, ceintures de s\u00e9curit\u00e9 et volant r\u00e9glable, klaxon \u00e0 air, avec suspension \u00e0 4 points enti\u00e8rement flottante et amortisseurs.<\/p>","protected":false},"featured_media":5188,"template":"","meta":{"_seopress_robots_primary_cat":"none","_seopress_titles_title":"%%post_title%%","_seopress_titles_desc":"%%post_excerpt%%","_seopress_robots_index":"","_uag_custom_page_level_css":"","site-sidebar-layout":"default","site-content-layout":"","ast-site-content-layout":"default","site-content-style":"default","site-sidebar-style":"default","ast-global-header-display":"","ast-banner-title-visibility":"","ast-main-header-display":"","ast-hfb-above-header-display":"","ast-hfb-below-header-display":"","ast-hfb-mobile-header-display":"","site-post-title":"","ast-breadcrumbs-content":"","ast-featured-img":"","footer-sml-layout":"","theme-transparent-header-meta":"default","adv-header-id-meta":"","stick-header-meta":"default","header-above-stick-meta":"","header-main-stick-meta":"","header-below-stick-meta":"","astra-migrate-meta-layouts":"set","ast-page-background-enabled":"default","ast-page-background-meta":{"desktop":{"background-color":"","background-image":"","background-repeat":"repeat","background-position":"center center","background-size":"auto","background-attachment":"scroll","background-type":"","background-media":"","overlay-type":"","overlay-color":"","overlay-opacity":"","overlay-gradient":""},"tablet":{"background-color":"","background-image":"","background-repeat":"repeat","background-position":"center center","background-size":"auto","background-attachment":"scroll","background-type":"","background-media":"","overlay-type":"","overlay-color":"","overlay-opacity":"","overlay-gradient":""},"mobile":{"background-color":"","background-image":"","background-repeat":"repeat","background-position":"center center","background-size":"auto","background-attachment":"scroll","background-type":"","background-media":"","overlay-type":"","overlay-color":"","overlay-opacity":"","overlay-gradient":""}},"ast-content-background-meta":{"desktop":{"background-color":"var(--ast-global-color-5)","background-image":"","background-repeat":"repeat","background-position":"center center","background-size":"auto","background-attachment":"scroll","background-type":"","background-media":"","overlay-type":"","overlay-color":"","overlay-opacity":"","overlay-gradient":""},"tablet":{"background-color":"var(--ast-global-color-5)","background-image":"","background-repeat":"repeat","background-position":"center center","background-size":"auto","background-attachment":"scroll","background-type":"","background-media":"","overlay-type":"","overlay-color":"","overlay-opacity":"","overlay-gradient":""},"mobile":{"background-color":"var(--ast-global-color-5)","background-image":"","background-repeat":"repeat","background-position":"center center","background-size":"auto","background-attachment":"scroll","background-type":"","background-media":"","overlay-type":"","overlay-color":"","overlay-opacity":"","overlay-gradient":""}}},"product_brand":[],"product_cat":[81],"product_tag":[],"class_list":{"0":"post-5187","1":"product","2":"type-product","3":"status-publish","4":"has-post-thumbnail","6":"product_cat-tractor-truck","7":"desktop-align-center","8":"tablet-align-left","9":"mobile-align-left","10":"ast-product-gallery-layout-horizontal-slider","11":"ast-product-tabs-layout-horizontal","13":"first","14":"instock","15":"shipping-taxable","16":"product-type-simple"},"uagb_featured_image_src":{"full":["https:\/\/hfoton.com\/wp-content\/uploads\/2025\/10\/\u672a\u6807\u9898-1-12.jpg",540,360,false],"thumbnail":["https:\/\/hfoton.com\/wp-content\/uploads\/2025\/10\/\u672a\u6807\u9898-1-12-150x150.jpg",150,150,true],"medium":["https:\/\/hfoton.com\/wp-content\/uploads\/2025\/10\/\u672a\u6807\u9898-1-12-300x200.jpg",300,200,true],"medium_large":["https:\/\/hfoton.com\/wp-content\/uploads\/2025\/10\/\u672a\u6807\u9898-1-12.jpg",540,360,false],"large":["https:\/\/hfoton.com\/wp-content\/uploads\/2025\/10\/\u672a\u6807\u9898-1-12.jpg",540,360,false],"1536x1536":["https:\/\/hfoton.com\/wp-content\/uploads\/2025\/10\/\u672a\u6807\u9898-1-12.jpg",540,360,false],"2048x2048":["https:\/\/hfoton.com\/wp-content\/uploads\/2025\/10\/\u672a\u6807\u9898-1-12.jpg",540,360,false],"trp-custom-language-flag":["https:\/\/hfoton.com\/wp-content\/uploads\/2025\/10\/\u672a\u6807\u9898-1-12-18x12.jpg",18,12,true],"woocommerce_thumbnail":["https:\/\/hfoton.com\/wp-content\/uploads\/2025\/10\/\u672a\u6807\u9898-1-12-300x300.jpg",300,300,true],"woocommerce_single":["https:\/\/hfoton.com\/wp-content\/uploads\/2025\/10\/\u672a\u6807\u9898-1-12.jpg",540,360,false],"woocommerce_gallery_thumbnail":["https:\/\/hfoton.com\/wp-content\/uploads\/2025\/10\/\u672a\u6807\u9898-1-12-100x100.jpg",100,100,true]},"uagb_author_info":{"display_name":"jinxing6611@gmail.com","author_link":"https:\/\/hfoton.com\/fr\/author\/"},"uagb_comment_info":0,"uagb_excerpt":"Single sleeper with air conditioner, all-steel forward control,55\u00bahydraulically tiltable to the front,2-arm windscreen wiper system with three speeds, laminated windscreen with casted-in radio aerial,hydraulically damped adjustable driver\u2019s seat and rigid adjustable co-driver\u2019s seat, with heating\u00a0and ventilating system, outer sun visor, adjustable roof flap, with stereo radio\/cassette recorder,\u00a0safety belts and adjustable steering wheel, air horn, with\u2026","_links":{"self":[{"href":"https:\/\/hfoton.com\/fr\/wp-json\/wp\/v2\/product\/5187","targetHints":{"allow":["GET"]}}],"collection":[{"href":"https:\/\/hfoton.com\/fr\/wp-json\/wp\/v2\/product"}],"about":[{"href":"https:\/\/hfoton.com\/fr\/wp-json\/wp\/v2\/types\/product"}],"wp:featuredmedia":[{"embeddable":true,"href":"https:\/\/hfoton.com\/fr\/wp-json\/wp\/v2\/media\/5188"}],"wp:attachment":[{"href":"https:\/\/hfoton.com\/fr\/wp-json\/wp\/v2\/media?parent=5187"}],"wp:term":[{"taxonomy":"product_brand","embeddable":true,"href":"https:\/\/hfoton.com\/fr\/wp-json\/wp\/v2\/product_brand?post=5187"},{"taxonomy":"product_cat","embeddable":true,"href":"https:\/\/hfoton.com\/fr\/wp-json\/wp\/v2\/product_cat?post=5187"},{"taxonomy":"product_tag","embeddable":true,"href":"https:\/\/hfoton.com\/fr\/wp-json\/wp\/v2\/product_tag?post=5187"}],"curies":[{"name":"wp","href":"https:\/\/api.w.org\/{rel}","templated":true}]}}