{"id":59,"date":"2025-05-15T14:54:02","date_gmt":"2025-05-15T14:54:02","guid":{"rendered":"http:\/\/hfoton.com\/about\/"},"modified":"2025-10-28T03:41:54","modified_gmt":"2025-10-28T03:41:54","slug":"about","status":"publish","type":"page","link":"https:\/\/hfoton.com\/fr\/about\/","title":{"rendered":"A propos de"},"content":{"rendered":"<div data-elementor-type=\"wp-page\" data-elementor-id=\"59\" class=\"elementor elementor-59\" data-elementor-post-type=\"page\">\n\t\t\t\t<div class=\"elementor-element elementor-element-8cb05f2 e-con-full e-flex e-con e-parent\" data-id=\"8cb05f2\" data-element_type=\"container\">\n\t\t\t\t<div class=\"elementor-element elementor-element-8203bf8 elementor-widget elementor-widget-image\" data-id=\"8203bf8\" data-element_type=\"widget\" data-widget_type=\"image.default\">\n\t\t\t\t\t\t<div class=\"elementor-widget-container\">\n\t\t\t\t\t\t\t\t\t\t\t\t\t\t\t<img alt=\"\" fetchpriority=\"high\" decoding=\"async\" width=\"1920\" height=\"300\" src=\"https:\/\/hfoton.com\/wp-content\/uploads\/2025\/10\/ABOUT-2.jpg\" class=\"attachment-full size-full wp-image-4740\" srcset=\"https:\/\/hfoton.com\/wp-content\/uploads\/2025\/10\/ABOUT-2.jpg 1920w, https:\/\/hfoton.com\/wp-content\/uploads\/2025\/10\/ABOUT-2-300x47.jpg 300w, https:\/\/hfoton.com\/wp-content\/uploads\/2025\/10\/ABOUT-2-1024x160.jpg 1024w, https:\/\/hfoton.com\/wp-content\/uploads\/2025\/10\/ABOUT-2-768x120.jpg 768w, https:\/\/hfoton.com\/wp-content\/uploads\/2025\/10\/ABOUT-2-1536x240.jpg 1536w, https:\/\/hfoton.com\/wp-content\/uploads\/2025\/10\/ABOUT-2-18x3.jpg 18w, https:\/\/hfoton.com\/wp-content\/uploads\/2025\/10\/ABOUT-2-600x94.jpg 600w\" sizes=\"(max-width: 1920px) 100vw, 1920px\" \/>\t\t\t\t\t\t\t\t\t\t\t\t\t\t\t<\/div>\n\t\t\t\t<\/div>\n\t\t\t\t<\/div>\n\t\t<div class=\"elementor-element elementor-element-9891fe5 e-flex e-con-boxed e-con e-parent\" data-id=\"9891fe5\" data-element_type=\"container\">\n\t\t\t\t\t<div class=\"e-con-inner\">\n\t\t\t\t<div class=\"elementor-element elementor-element-1d98fc7 elementor-widget elementor-widget-heading\" data-id=\"1d98fc7\" data-element_type=\"widget\" data-widget_type=\"heading.default\">\n\t\t\t\t\t\t<div class=\"elementor-widget-container\">\n\t\t\t\t\t<h2 class=\"elementor-heading-title elementor-size-default\">\u00e0 propos de nous<\/h2>\t\t\t\t<\/div>\n\t\t\t\t<\/div>\n\t\t\t\t<div class=\"elementor-element elementor-element-b2552b8 elementor-widget elementor-widget-text-editor\" data-id=\"b2552b8\" data-element_type=\"widget\" data-widget_type=\"text-editor.default\">\n\t\t\t\t\t\t<div class=\"elementor-widget-container\">\n\t\t\t\t\t\t\t\t\t<p>Shandong Haofutai International Trade Co., Ltd. a \u00e9t\u00e9 cr\u00e9\u00e9e en septembre 2025 avec un capital social de 3 millions de RMB et son si\u00e8ge social est situ\u00e9 Room 401-04, Building B, Zhongbo Lingchuang Times Square, Zhongqi Road, Dangjia Sub-district, Shizhong District, Jinan City, Shandong Province. En tant que soci\u00e9t\u00e9 commerciale engag\u00e9e dans le commerce international transfrontalier, son champ d'activit\u00e9 principal comprend des activit\u00e9s g\u00e9n\u00e9rales (qui peuvent \u00eatre exerc\u00e9es de mani\u00e8re ind\u00e9pendante avec une licence commerciale conform\u00e9ment \u00e0 la loi, \u00e0 l'exception des projets n\u00e9cessitant une approbation) telles que l'importation et l'exportation de marchandises, l'agence d'importation et d'exportation, les services de gestion de la cha\u00eene d'approvisionnement, la vente de produits en plastique, la vente de produits chimiques (\u00e0 l'exception des produits chimiques sous licence), la vente en gros d'articles et d'\u00e9quipements de sport, la vente de produits textiles industriels, la vente d'\u00e9quipements m\u00e9caniques, la vente en gros et au d\u00e9tail de produits mat\u00e9riels, la vente de textiles et de mati\u00e8res premi\u00e8res, la vente de produits en caoutchouc, vente d'automobiles (y compris les v\u00e9hicules \u00e0 \u00e9nergie nouvelle) et d'\u00e9quipements sp\u00e9ciaux, vente en gros et au d\u00e9tail de pi\u00e8ces automobiles, vente de pneus, de produits \u00e9lectroniques, d'huile lubrifiante et d'articles de premi\u00e8re n\u00e9cessit\u00e9, services de conseil en technologies de l'information, services techniques (y compris le d\u00e9veloppement, le conseil, l'\u00e9change, le transfert et la promotion de technologies), courtage de v\u00e9hicules d'occasion, location de machines et d'\u00e9quipements d'ing\u00e9nierie de construction, et vente de machines d'ing\u00e9nierie de construction, ainsi que des activit\u00e9s sous licence (qui ne peuvent \u00eatre exerc\u00e9es qu'apr\u00e8s approbation des d\u00e9partements comp\u00e9tents, les activit\u00e9s sp\u00e9cifiques \u00e9tant soumises aux documents d'approbation ou aux permis des d\u00e9partements comp\u00e9tents), telles que le commerce de l'alcool. Pour 2025, les objectifs de travail de l'entreprise sont de servir les clients mondiaux et les entreprises automobiles transfrontali\u00e8res de Shandong, d'atteindre un volume d'exportation annuel de plus d'un million de dollars am\u00e9ricains, de se concentrer sur les march\u00e9s de la r\u00e9gion africaine et de l'Asie du Sud-Est, et de lancer le d\u00e9veloppement du march\u00e9 russophone de l'Asie centrale.<\/p><p>L'usine, qui fait l'objet d'une coop\u00e9ration approfondie entre Shandong Haofutai International Trade Co. et Shandong Yuantong Vehicle Group, apporte un soutien important \u00e0 la promotion commerciale des entreprises \u00e9trang\u00e8res. Shandong Yuantong Vehicle Group est une entreprise professionnelle qui int\u00e8gre la recherche scientifique, la conception, la production et la vente. Il s'agit d'une entreprise d'annonce automobile reconnue par le minist\u00e8re de l'industrie et des technologies de l'information de la R\u00e9publique populaire de Chine. Le groupe produit principalement diverses s\u00e9ries de semi-remorques, de conteneurs, de v\u00e9hicules de transport, de camions-citernes et de remorques compl\u00e8tes pour camions \u00e0 benne basculante, et se charge \u00e9galement de la modification et de la conception de v\u00e9hicules \u00e0 usage sp\u00e9cifique.<\/p><p>Shandong Haofutai International Trade Co., Ltd. et Shandong Yuantong Vehicle Group adh\u00e8rent \u00e0 la philosophie d'entreprise \"Unit\u00e9, partage et gagnant-gagnant\". Ils s'efforcent de r\u00e9pondre aux besoins des clients du monde entier, de servir chaque client avec sinc\u00e9rit\u00e9 et de fournir des produits de haute qualit\u00e9 et raisonnables. Nous accueillons chaleureusement les clients de poids lourds du monde entier pour discuter avec nous.<\/p>\t\t\t\t\t\t\t\t<\/div>\n\t\t\t\t<\/div>\n\t\t\t\t\t<\/div>\n\t\t\t\t<\/div>\n\t\t<div class=\"elementor-element elementor-element-ed7a650 e-flex e-con-boxed e-con e-parent\" data-id=\"ed7a650\" data-element_type=\"container\">\n\t\t\t\t\t<div class=\"e-con-inner\">\n\t\t\t\t<div class=\"elementor-element elementor-element-99faa9c elementor-widget elementor-widget-image-gallery\" data-id=\"99faa9c\" data-element_type=\"widget\" data-widget_type=\"image-gallery.default\">\n\t\t\t\t\t\t<div class=\"elementor-widget-container\">\n\t\t\t\t\t\t\t<div class=\"elementor-image-gallery\">\n\t\t\t<div id='gallery-1' class='gallery galleryid-59 gallery-columns-3 gallery-size-medium'><figure class='gallery-item'>\n\t\t\t<div class='gallery-icon landscape'>\n\t\t\t\t<a data-elementor-open-lightbox=\"yes\" data-elementor-lightbox-slideshow=\"99faa9c\" data-elementor-lightbox-title=\"\u56fe\u724729\" data-e-action-hash=\"#elementor-action%3Aaction%3Dlightbox%26settings%3DeyJpZCI6NDkyNSwidXJsIjoiaHR0cHM6XC9cL2hmb3Rvbi5jb21cL3dwLWNvbnRlbnRcL3VwbG9hZHNcLzIwMjVcLzEwXC9cdTU2ZmVcdTcyNDcyOS5wbmciLCJzbGlkZXNob3ciOiI5OWZhYTljIn0%3D\" href='https:\/\/hfoton.com\/wp-content\/uploads\/2025\/10\/\u56fe\u724729.png'><img decoding=\"async\" width=\"300\" height=\"225\" src=\"https:\/\/hfoton.com\/wp-content\/uploads\/2025\/10\/\u56fe\u724729-300x225.png\" class=\"attachment-medium size-medium\" alt=\"\" srcset=\"https:\/\/hfoton.com\/wp-content\/uploads\/2025\/10\/\u56fe\u724729-300x225.png 300w, https:\/\/hfoton.com\/wp-content\/uploads\/2025\/10\/\u56fe\u724729-16x12.png 16w, https:\/\/hfoton.com\/wp-content\/uploads\/2025\/10\/\u56fe\u724729.png 474w\" sizes=\"(max-width: 300px) 100vw, 300px\" \/><\/a>\n\t\t\t<\/div><\/figure><figure class='gallery-item'>\n\t\t\t<div class='gallery-icon landscape'>\n\t\t\t\t<a data-elementor-open-lightbox=\"yes\" data-elementor-lightbox-slideshow=\"99faa9c\" data-elementor-lightbox-title=\"\u56fe\u724730\" data-e-action-hash=\"#elementor-action%3Aaction%3Dlightbox%26settings%3DeyJpZCI6NDkyNiwidXJsIjoiaHR0cHM6XC9cL2hmb3Rvbi5jb21cL3dwLWNvbnRlbnRcL3VwbG9hZHNcLzIwMjVcLzEwXC9cdTU2ZmVcdTcyNDczMC5wbmciLCJzbGlkZXNob3ciOiI5OWZhYTljIn0%3D\" href='https:\/\/hfoton.com\/wp-content\/uploads\/2025\/10\/\u56fe\u724730.png'><img decoding=\"async\" width=\"300\" height=\"225\" src=\"https:\/\/hfoton.com\/wp-content\/uploads\/2025\/10\/\u56fe\u724730-300x225.png\" class=\"attachment-medium size-medium\" alt=\"\" srcset=\"https:\/\/hfoton.com\/wp-content\/uploads\/2025\/10\/\u56fe\u724730-300x225.png 300w, https:\/\/hfoton.com\/wp-content\/uploads\/2025\/10\/\u56fe\u724730-1024x768.png 1024w, https:\/\/hfoton.com\/wp-content\/uploads\/2025\/10\/\u56fe\u724730-768x576.png 768w, https:\/\/hfoton.com\/wp-content\/uploads\/2025\/10\/\u56fe\u724730-16x12.png 16w, https:\/\/hfoton.com\/wp-content\/uploads\/2025\/10\/\u56fe\u724730-600x450.png 600w, https:\/\/hfoton.com\/wp-content\/uploads\/2025\/10\/\u56fe\u724730.png 1440w\" sizes=\"(max-width: 300px) 100vw, 300px\" \/><\/a>\n\t\t\t<\/div><\/figure><figure class='gallery-item'>\n\t\t\t<div class='gallery-icon landscape'>\n\t\t\t\t<a data-elementor-open-lightbox=\"yes\" data-elementor-lightbox-slideshow=\"99faa9c\" data-elementor-lightbox-title=\"\u56fe\u724731\" data-e-action-hash=\"#elementor-action%3Aaction%3Dlightbox%26settings%3DeyJpZCI6NDkyNywidXJsIjoiaHR0cHM6XC9cL2hmb3Rvbi5jb21cL3dwLWNvbnRlbnRcL3VwbG9hZHNcLzIwMjVcLzEwXC9cdTU2ZmVcdTcyNDczMS5wbmciLCJzbGlkZXNob3ciOiI5OWZhYTljIn0%3D\" href='https:\/\/hfoton.com\/wp-content\/uploads\/2025\/10\/\u56fe\u724731.png'><img loading=\"lazy\" decoding=\"async\" width=\"300\" height=\"220\" src=\"https:\/\/hfoton.com\/wp-content\/uploads\/2025\/10\/\u56fe\u724731-300x220.png\" class=\"attachment-medium size-medium\" alt=\"\" srcset=\"https:\/\/hfoton.com\/wp-content\/uploads\/2025\/10\/\u56fe\u724731-300x220.png 300w, https:\/\/hfoton.com\/wp-content\/uploads\/2025\/10\/\u56fe\u724731-1024x751.png 1024w, https:\/\/hfoton.com\/wp-content\/uploads\/2025\/10\/\u56fe\u724731-768x563.png 768w, https:\/\/hfoton.com\/wp-content\/uploads\/2025\/10\/\u56fe\u724731-16x12.png 16w, https:\/\/hfoton.com\/wp-content\/uploads\/2025\/10\/\u56fe\u724731-600x440.png 600w, https:\/\/hfoton.com\/wp-content\/uploads\/2025\/10\/\u56fe\u724731.png 1104w\" sizes=\"(max-width: 300px) 100vw, 300px\" \/><\/a>\n\t\t\t<\/div><\/figure>\n\t\t<\/div>\n\t\t<\/div>\n\t\t\t\t\t\t<\/div>\n\t\t\t\t<\/div>\n\t\t\t\t\t<\/div>\n\t\t\t\t<\/div>\n\t\t\t\t<\/div>","protected":false},"excerpt":{"rendered":"<p>about us Shandong Haofutai International Trade Co., Ltd. was established in September 2025 with a registered capital of 3 million RMB and its registered address at Room 401-04, Building B, Zhongbo Lingchuang Times Square, Zhongqi Road, Dangjia Sub-district, Shizhong District, Jinan City, Shandong Province. As a trading company engaged in cross-border international trade, its main [&hellip;]<\/p>","protected":false},"author":0,"featured_media":0,"parent":0,"menu_order":0,"comment_status":"closed","ping_status":"closed","template":"","meta":{"_seopress_robots_primary_cat":"","_seopress_titles_title":"","_seopress_titles_desc":"","_seopress_robots_index":"","_uag_custom_page_level_css":"","site-sidebar-layout":"no-sidebar","site-content-layout":"plain-container","ast-site-content-layout":"full-width-container","site-content-style":"default","site-sidebar-style":"default","ast-global-header-display":"","ast-banner-title-visibility":"","ast-main-header-display":"","ast-hfb-above-header-display":"","ast-hfb-below-header-display":"","ast-hfb-mobile-header-display":"","site-post-title":"disabled","ast-breadcrumbs-content":"","ast-featured-img":"disabled","footer-sml-layout":"","theme-transparent-header-meta":"enabled","adv-header-id-meta":"","stick-header-meta":"","header-above-stick-meta":"","header-main-stick-meta":"","header-below-stick-meta":"","astra-migrate-meta-layouts":"set","ast-page-background-enabled":"default","ast-page-background-meta":{"desktop":{"background-color":"","background-image":"","background-repeat":"repeat","background-position":"center center","background-size":"auto","background-attachment":"scroll","background-type":"","background-media":"","overlay-type":"","overlay-color":"","overlay-opacity":"","overlay-gradient":""},"tablet":{"background-color":"","background-image":"","background-repeat":"repeat","background-position":"center center","background-size":"auto","background-attachment":"scroll","background-type":"","background-media":"","overlay-type":"","overlay-color":"","overlay-opacity":"","overlay-gradient":""},"mobile":{"background-color":"","background-image":"","background-repeat":"repeat","background-position":"center center","background-size":"auto","background-attachment":"scroll","background-type":"","background-media":"","overlay-type":"","overlay-color":"","overlay-opacity":"","overlay-gradient":""}},"ast-content-background-meta":{"desktop":{"background-color":"var(--ast-global-color-5)","background-image":"","background-repeat":"repeat","background-position":"center center","background-size":"auto","background-attachment":"scroll","background-type":"","background-media":"","overlay-type":"","overlay-color":"","overlay-opacity":"","overlay-gradient":""},"tablet":{"background-color":"var(--ast-global-color-5)","background-image":"","background-repeat":"repeat","background-position":"center center","background-size":"auto","background-attachment":"scroll","background-type":"","background-media":"","overlay-type":"","overlay-color":"","overlay-opacity":"","overlay-gradient":""},"mobile":{"background-color":"var(--ast-global-color-5)","background-image":"","background-repeat":"repeat","background-position":"center center","background-size":"auto","background-attachment":"scroll","background-type":"","background-media":"","overlay-type":"","overlay-color":"","overlay-opacity":"","overlay-gradient":""}},"footnotes":""},"class_list":["post-59","page","type-page","status-publish","hentry"],"uagb_featured_image_src":{"full":false,"thumbnail":false,"medium":false,"medium_large":false,"large":false,"1536x1536":false,"2048x2048":false,"trp-custom-language-flag":false,"woocommerce_thumbnail":false,"woocommerce_single":false,"woocommerce_gallery_thumbnail":false},"uagb_author_info":{"display_name":"","author_link":"https:\/\/hfoton.com\/fr\/author\/"},"uagb_comment_info":0,"uagb_excerpt":"about us Shandong Haofutai International Trade Co., Ltd. was established in September 2025 with a registered capital of 3 million RMB and its registered address at Room 401-04, Building B, Zhongbo Lingchuang Times Square, Zhongqi Road, Dangjia Sub-district, Shizhong District, Jinan City, Shandong Province. As a trading company engaged in cross-border international trade, its main\u2026","_links":{"self":[{"href":"https:\/\/hfoton.com\/fr\/wp-json\/wp\/v2\/pages\/59","targetHints":{"allow":["GET"]}}],"collection":[{"href":"https:\/\/hfoton.com\/fr\/wp-json\/wp\/v2\/pages"}],"about":[{"href":"https:\/\/hfoton.com\/fr\/wp-json\/wp\/v2\/types\/page"}],"replies":[{"embeddable":true,"href":"https:\/\/hfoton.com\/fr\/wp-json\/wp\/v2\/comments?post=59"}],"version-history":[{"count":89,"href":"https:\/\/hfoton.com\/fr\/wp-json\/wp\/v2\/pages\/59\/revisions"}],"predecessor-version":[{"id":5149,"href":"https:\/\/hfoton.com\/fr\/wp-json\/wp\/v2\/pages\/59\/revisions\/5149"}],"wp:attachment":[{"href":"https:\/\/hfoton.com\/fr\/wp-json\/wp\/v2\/media?parent=59"}],"curies":[{"name":"wp","href":"https:\/\/api.w.org\/{rel}","templated":true}]}}