{"id":5191,"date":"2025-10-30T03:53:18","date_gmt":"2025-10-30T03:53:18","guid":{"rendered":"http:\/\/hfoton.com\/?post_type=product&#038;p=5191"},"modified":"2025-10-30T03:58:26","modified_gmt":"2025-10-30T03:58:26","slug":"howot7h-6x4-tractor-430hp","status":"publish","type":"product","link":"https:\/\/hfoton.com\/ar\/product\/howot7h-6x4-tractor-430hp\/","title":{"rendered":"\u0647\u0627\u0648\u062a7H 6 \u00d7 4 \u062c\u0631\u0627\u0631 430 \u062d\u0635\u0627\u0646"},"content":{"rendered":"<h3 style=\"text-align: center;\">\u0627\u0644\u0645\u0648\u0627\u0635\u0641\u0627\u062a<\/h3>\n<p><img alt=\"HOWOT7H 6x4 TRACTOR 430HP\" fetchpriority=\"high\" decoding=\"async\" class=\"size-full wp-image-5192 aligncenter\" src=\"http:\/\/hfoton.com\/wp-content\/uploads\/2025\/10\/\u672a\u6807\u9898-1-13.jpg\" width=\"540\" height=\"360\" srcset=\"https:\/\/hfoton.com\/wp-content\/uploads\/2025\/10\/\u672a\u6807\u9898-1-13.jpg 540w, https:\/\/hfoton.com\/wp-content\/uploads\/2025\/10\/\u672a\u6807\u9898-1-13-300x200.jpg 300w, https:\/\/hfoton.com\/wp-content\/uploads\/2025\/10\/\u672a\u6807\u9898-1-13-18x12.jpg 18w\" sizes=\"(max-width: 540px) 100vw, 540px\" \/><\/p>\n<p style=\"text-align: center;\">\u0647\u0627\u0648\u062a7H 6 \u00d7 4 \u062c\u0631\u0627\u0631 430 \u062d\u0635\u0627\u0646<\/p>\n<table>\n<tbody>\n<tr>\n<td width=\"264\">\u0645\u0648\u0627\u0635\u0641\u0627\u062a \u0627\u0644\u0633\u064a\u0627\u0631\u0629<\/td>\n<td width=\"425\">\u0627\u0644\u0648\u0635\u0641<\/td>\n<\/tr>\n<tr>\n<td width=\"264\">\u0637\u0631\u0627\u0632 \u0627\u0644\u0634\u0627\u062d\u0646\u0629<\/td>\n<td width=\"425\">ZZ4257V324<\/td>\n<\/tr>\n<tr>\n<td width=\"264\">\u0646\u0648\u0639 \u0627\u0644\u0645\u0631\u0643\u0628\u0629<\/td>\n<td width=\"425\">\u0634\u0627\u062d\u0646\u0629 \u062c\u0631\u0627\u0631<\/td>\n<\/tr>\n<tr>\n<td width=\"264\">\u0645\u0627\u0631\u0643\u0629 \u0627\u0644\u0634\u0627\u062d\u0646\u0629<\/td>\n<td width=\"425\">SINOTRUK\u2014HOWOT7H<\/td>\n<\/tr>\n<tr>\n<td width=\"264\">\u0648\u0636\u0639\u064a\u0629 \u0627\u0644\u0642\u064a\u0627\u062f\u0629<\/td>\n<td width=\"425\">Left hand Driving<\/td>\n<\/tr>\n<tr>\n<td width=\"264\">\u0633\u0639\u0629 \u0635\u0647\u0631\u064a\u062c \u0627\u0644\u0648\u0642\u0648\u062f (\u0644)<\/td>\n<td width=\"425\">400<\/td>\n<\/tr>\n<tr>\n<td width=\"264\">\u0627\u0644\u0643\u062a\u0644\u0629 \u0627\u0644\u0643\u0644\u064a\u0629<\/td>\n<td width=\"425\">50,000 \u0643\u062c\u0645<\/td>\n<\/tr>\n<tr>\n<td width=\"264\">\u0627\u0644\u0648\u0632\u0646 \u0627\u0644\u0632\u0627\u0626\u062f<\/td>\n<td width=\"425\">8800<\/td>\n<\/tr>\n<tr>\n<td width=\"264\">\u0627\u0644\u0633\u0631\u0639\u0629 \u0627\u0644\u0642\u0635\u0648\u0649 \uff08\u0643\u0645\/\u0633\u0627\u0639\u0629\uff09 (\u0643\u0645\/\u0633\u0627\u0639\u0629)<\/td>\n<td width=\"425\">102<\/td>\n<\/tr>\n<tr>\n<td width=\"264\">\u0627\u0644\u0644\u0648\u0646<\/td>\n<td width=\"425\">\u0627\u062e\u062a\u064a\u0627\u0631\u064a<\/td>\n<\/tr>\n<tr>\n<td colspan=\"2\" width=\"689\">\u0627\u0644\u0647\u064a\u0643\u0644 \u0648\u0645\u0643\u0648\u0646\u0627\u062a \u0627\u0644\u0625\u0636\u0627\u0641\u0629<\/td>\n<\/tr>\n<tr>\n<td width=\"264\">&nbsp;<\/p>\n<p>\u062a\u0641\u0627\u0635\u064a\u0644 \u0627\u0644\u0625\u0637\u0627\u0631<\/td>\n<td width=\"425\">High-Strength U-profile ladder frame with section of\u00a0300*90*8mm and reinforced sudfram, all cold\u00a0 riveted\u00a0 cross members.<\/td>\n<\/tr>\n<tr>\n<td width=\"264\">\u0627\u0644\u0623\u0628\u0639\u0627\u062f (\u0627\u0644\u0637\u0648\u0644 \u00d7 \u0627\u0644\u0639\u0631\u0636 \u00d7 \u0627\u0644\u0627\u0631\u062a\u0641\u0627\u0639) \uff08\u0645\u0644\u0645)<\/td>\n<td width=\"425\">6985 \u00d7 2496 \u00d7 2496 \u00d7 3450<\/td>\n<\/tr>\n<tr>\n<td width=\"264\">\u0632\u0627\u0648\u064a\u0629 \u0627\u0644\u0627\u0642\u062a\u0631\u0627\u0628\/\u0632\u0627\u0648\u064a\u0629 \u0627\u0644\u0645\u063a\u0627\u062f\u0631\u0629 (\u062f\u0631\u062c\u0629)<\/td>\n<td width=\"425\">16\/70<\/td>\n<\/tr>\n<tr>\n<td width=\"264\">\u0627\u0644\u0628\u0631\u0648\u0632 (\u0623\u0645\u0627\u0645\u064a\/\u062e\u0644\u0641\u064a) (\u0645\u0645)<\/td>\n<td width=\"425\">1500\/725<\/td>\n<\/tr>\n<tr>\n<td width=\"264\">\u0642\u0627\u0639\u062f\u0629 \u0627\u0644\u0639\u062c\u0644\u0629 (\u0645\u0645)<\/td>\n<td width=\"425\">3225+\u00a01350<\/td>\n<\/tr>\n<tr>\n<td colspan=\"2\" width=\"689\">\u0627\u0644\u0645\u062d\u0631\u0643<\/td>\n<\/tr>\n<tr>\n<td width=\"264\">\u0627\u0644\u0637\u0631\u0627\u0632<\/td>\n<td width=\"425\">WP12.430E201<\/td>\n<\/tr>\n<tr>\n<td width=\"264\">\u0627\u0644\u0637\u0627\u0642\u0629<\/td>\n<td width=\"425\">430hp\/318kw.2000r\/min<\/td>\n<\/tr>\n<\/tbody>\n<\/table>\n<table>\n<tbody>\n<tr>\n<td width=\"264\">\u0627\u0644\u0627\u0646\u0628\u0639\u0627\u062b\u0627\u062a<\/td>\n<td width=\"425\">EURO II<\/td>\n<\/tr>\n<tr>\n<td width=\"264\">\u0627\u0644\u0625\u0632\u0627\u062d\u0629 (L)<\/td>\n<td width=\"425\">11.896<\/td>\n<\/tr>\n<tr>\n<td width=\"264\">\u0627\u0644\u0646\u0648\u0639<\/td>\n<td width=\"425\">\u0645\u0628\u0631\u062f \u0628\u0627\u0644\u0645\u0627\u0621 \uff0c\u0623\u0631\u0628\u0639 \u0623\u0633\u0637\u0648\u0627\u0646\u0627\u062a \uff0c 6 \u0623\u0633\u0637\u0648\u0627\u0646\u0627\u062a \u0641\u064a \u062e\u0637 \u0648\u0627\u062d\u062f \uff0c \u0634\u0627\u062d\u0646 \u062a\u0648\u0631\u0628\u064a\u0646\u064a\u060c \u062d\u0642\u0646 \u0645\u0628\u0627\u0634\u0631<\/td>\n<\/tr>\n<tr>\n<td width=\"264\">\u0646\u0648\u0639 \u0627\u0644\u0648\u0642\u0648\u062f<\/td>\n<td width=\"425\">\u0627\u0644\u062f\u064a\u0632\u0644<\/td>\n<\/tr>\n<tr>\n<td width=\"264\">\u0627\u0633\u062a\u0647\u0644\u0627\u0643 \u0627\u0644\u0648\u0642\u0648\u062f (\u0644\u062a\u0631\/100 \u0643\u0645)<\/td>\n<td width=\"425\">25 \u0644\u062a\u0631\u0627\u064b\/100 \u0643\u0645<\/td>\n<\/tr>\n<tr>\n<td colspan=\"2\" width=\"689\">\u0646\u0638\u0627\u0645 \u0627\u0644\u0642\u0627\u0628\u0636 \u0648\u0635\u0646\u062f\u0648\u0642 \u0627\u0644\u062a\u0631\u0648\u0633<\/td>\n<\/tr>\n<tr>\n<td width=\"264\">\u0627\u0644\u0642\u0627\u0628\u0636<\/td>\n<td width=\"425\">\u0633\u064a\u0646\u0648\u062a\u0631\u0648\u0643 \u03a6430 \u0645\u0645 \u0642\u0627\u0628\u0636 \u0632\u0646\u0628\u0631\u0643\u064a \u063a\u0634\u0627\u0626\u064a SINOTRUK\u03a6430 \u0645\u0645<\/td>\n<\/tr>\n<tr>\n<td width=\"264\">\u0635\u0646\u062f\u0648\u0642 \u0627\u0644\u062a\u0631\u0648\u0633<\/td>\n<td width=\"425\">HW19710<\/td>\n<\/tr>\n<tr>\n<td colspan=\"2\" width=\"689\">\u0627\u0644\u0645\u062d\u0627\u0648\u0631<\/td>\n<\/tr>\n<tr>\n<td width=\"264\">\u0637\u0631\u0627\u0632 \u0627\u0644\u0645\u062d\u0648\u0631 \u0627\u0644\u0623\u0645\u0627\u0645\u064a<\/td>\n<td width=\"425\">\u0645\u062d\u0648\u0631 VGD95. \u0627\u0644\u0633\u0639\u0629: 9000 \u0643\u062c\u0645<\/td>\n<\/tr>\n<tr>\n<td width=\"264\">\u0627\u0644\u0645\u062d\u0648\u0631 \u0627\u0644\u062e\u0644\u0641\u064a<\/td>\n<td width=\"425\">\u0645\u062d\u0648\u0631 HC16. \u0627\u0644\u0633\u0639\u0629: 2X 16000 \u0643\u062c\u0645 2X 16000 \u0643\u062c\u0645<\/td>\n<\/tr>\n<tr>\n<td width=\"264\">\u0646\u0633\u0628\u0629 \u0627\u0644\u0645\u062d\u0648\u0631 \u0627\u0644\u062e\u0644\u0641\u064a<\/td>\n<td width=\"425\">4.8<\/td>\n<\/tr>\n<tr>\n<td colspan=\"2\" width=\"689\">\u0627\u0644\u0646\u0638\u0627\u0645 \u0627\u0644\u0643\u0647\u0631\u0628\u0627\u0626\u064a<\/td>\n<\/tr>\n<tr>\n<td width=\"264\">\u0627\u0644\u0628\u0637\u0627\u0631\u064a\u0629<\/td>\n<td width=\"425\">2\u00d7 12 \u0641\u0648\u0644\u062a\/ 165 \u0623\u0645\u0628\u064a\u0631\/\u0633\u0627\u0639\u0629<\/td>\n<\/tr>\n<tr>\n<td width=\"264\">\u0627\u0644\u0645\u0648\u0644\u062f<\/td>\n<td width=\"425\">28 \u0641\u0648\u0644\u062a-1500 \u0643\u064a\u0644\u0648\u0648\u0627\u062a<\/td>\n<\/tr>\n<tr>\n<td width=\"264\">\u0627\u0644\u0645\u0628\u062a\u062f\u0626<\/td>\n<td width=\"425\">7.5 \u0643\u064a\u0644\u0648 \u0648\u0627\u0637\/24 \u0641\u0648\u0644\u062a<\/td>\n<\/tr>\n<tr>\n<td colspan=\"2\" width=\"689\">\u0646\u0638\u0627\u0645 \u0627\u0644\u0645\u0643\u0627\u0628\u062d<\/td>\n<\/tr>\n<tr>\n<td width=\"264\">\u0641\u0631\u0627\u0645\u0644 \u0627\u0644\u062e\u062f\u0645\u0629<\/td>\n<td width=\"425\">\u0645\u0643\u0627\u0628\u062d \u0647\u0648\u0627\u0621 \u0645\u0636\u063a\u0648\u0637 \u062b\u0646\u0627\u0626\u064a\u0629 \u0627\u0644\u062f\u0627\u0626\u0631\u0629<\/td>\n<\/tr>\n<tr>\n<td width=\"264\">\u0645\u0643\u0627\u0628\u062d \u0627\u0644\u0627\u0646\u062a\u0638\u0627\u0631<\/td>\n<td width=\"425\">\u0637\u0627\u0642\u0629 \u0632\u0646\u0628\u0631\u0643\u064a\u0629\u060c \u0647\u0648\u0627\u0621 \u0645\u0636\u063a\u0648\u0637 \u064a\u0639\u0645\u0644 \u0639\u0644\u0649 \u0627\u0644\u0639\u062c\u0644\u0627\u062a \u0627\u0644\u062e\u0644\u0641\u064a\u0629<\/td>\n<\/tr>\n<tr>\n<td width=\"264\">\u0645\u0643\u0627\u0628\u062d \u0645\u0633\u0627\u0639\u062f\u0629<\/td>\n<td width=\"425\">\u0645\u0643\u0627\u0628\u062d \u0639\u0627\u062f\u0645 \u0627\u0644\u0645\u062d\u0631\u0643<\/td>\n<\/tr>\n<tr>\n<td colspan=\"2\" width=\"689\">\u0646\u0638\u0627\u0645 \u0627\u0644\u062a\u0648\u062c\u064a\u0647<\/td>\n<\/tr>\n<tr>\n<td width=\"264\">\u0627\u0644\u0637\u0631\u0627\u0632<\/td>\n<td width=\"425\">ZF8118<\/td>\n<\/tr>\n<tr>\n<td width=\"264\">\u0627\u0644\u0646\u0648\u0639<\/td>\n<td width=\"425\">\u062a\u0648\u062c\u064a\u0647 \u0647\u064a\u062f\u0631\u0648\u0644\u064a\u0643\u064a \u0645\u0639 \u0645\u0633\u0627\u0639\u062f\u0629 \u0643\u0647\u0631\u0628\u0627\u0626\u064a\u0629<\/td>\n<\/tr>\n<tr>\n<td colspan=\"2\" width=\"689\">\u0627\u0644\u0639\u062c\u0644\u0627\u062a \u0648\u0627\u0644\u0625\u0637\u0627\u0631\u0627\u062a<\/td>\n<\/tr>\n<tr>\n<td width=\"264\">\u0627\u0644\u0646\u0648\u0639<\/td>\n<td width=\"425\">1200R20<\/td>\n<\/tr>\n<tr>\n<td width=\"264\">\u0627\u0644\u0645\u0648\u0627\u062f<\/td>\n<td width=\"425\">\u0627\u0644\u0625\u0637\u0627\u0631\u0627\u062a \u0627\u0644\u0641\u0648\u0644\u0627\u0630\u064a\u0629<\/td>\n<\/tr>\n<tr>\n<td width=\"264\">\u0627\u0644\u0643\u0645\u064a\u0629<\/td>\n<td width=\"425\">10+1 \u0627\u062d\u062a\u064a\u0627\u0637\u064a<\/td>\n<\/tr>\n<tr>\n<td width=\"264\">\u062f\u0628\u0648\u0633 \u0627\u0644\u0642\u0631\u0627\u0628\u0629<\/td>\n<td width=\"425\">50 \u0645\u0645 \u0623\u0648 90 \u0645\u0645<\/td>\n<\/tr>\n<tr>\n<td colspan=\"2\" width=\"689\">\u0627\u0644\u0645\u0642\u0635\u0648\u0631\u0629<\/td>\n<\/tr>\n<tr>\n<td width=\"264\">\u0627\u0644\u0646\u0648\u0639<\/td>\n<td width=\"425\">T7H-W Standard cabin<\/td>\n<\/tr>\n<tr>\n<td colspan=\"2\" width=\"689\">Single sleeper with air conditioner, all-steel forward control,55\u00bahydraulically tiltable to the\u00a0front,2- arm windscreen wiper system with three speeds, laminated windscreen with casted-in\u00a0radio aerial, hydraulically damped adjustable driver\u2019s seat and rigid adjustable co-driver\u2019s seat,with heating and ventilating system, outer sun visor, adjustable roof flap, with stereo radio\/cassette recorder, safety belts and adjustable steering wheel, air horn, with 4-point support\u00a0fully floating suspension and shock absorbers<\/td>\n<\/tr>\n<\/tbody>\n<\/table>","protected":false},"excerpt":{"rendered":"<p>Single sleeper with air conditioner, all-steel forward control,55\u00bahydraulically tiltable to the\u00a0front,2- arm windscreen wiper system with three speeds, laminated windscreen with casted-in\u00a0radio aerial, hydraulically damped adjustable driver\u2019s seat and rigid adjustable co-driver\u2019s seat,with heating and ventilating system, outer sun visor, adjustable roof flap, with stereo radio\/cassette recorder, safety belts and adjustable steering wheel, air horn, with 4-point support\u00a0fully floating suspension and shock absorbers<\/p>","protected":false},"featured_media":5192,"template":"","meta":{"_seopress_robots_primary_cat":"none","_seopress_titles_title":"%%post_title%%","_seopress_titles_desc":"%%post_excerpt%%","_seopress_robots_index":"","_uag_custom_page_level_css":"","site-sidebar-layout":"default","site-content-layout":"","ast-site-content-layout":"default","site-content-style":"default","site-sidebar-style":"default","ast-global-header-display":"","ast-banner-title-visibility":"","ast-main-header-display":"","ast-hfb-above-header-display":"","ast-hfb-below-header-display":"","ast-hfb-mobile-header-display":"","site-post-title":"","ast-breadcrumbs-content":"","ast-featured-img":"","footer-sml-layout":"","theme-transparent-header-meta":"default","adv-header-id-meta":"","stick-header-meta":"default","header-above-stick-meta":"","header-main-stick-meta":"","header-below-stick-meta":"","astra-migrate-meta-layouts":"set","ast-page-background-enabled":"default","ast-page-background-meta":{"desktop":{"background-color":"","background-image":"","background-repeat":"repeat","background-position":"center center","background-size":"auto","background-attachment":"scroll","background-type":"","background-media":"","overlay-type":"","overlay-color":"","overlay-opacity":"","overlay-gradient":""},"tablet":{"background-color":"","background-image":"","background-repeat":"repeat","background-position":"center center","background-size":"auto","background-attachment":"scroll","background-type":"","background-media":"","overlay-type":"","overlay-color":"","overlay-opacity":"","overlay-gradient":""},"mobile":{"background-color":"","background-image":"","background-repeat":"repeat","background-position":"center center","background-size":"auto","background-attachment":"scroll","background-type":"","background-media":"","overlay-type":"","overlay-color":"","overlay-opacity":"","overlay-gradient":""}},"ast-content-background-meta":{"desktop":{"background-color":"var(--ast-global-color-5)","background-image":"","background-repeat":"repeat","background-position":"center center","background-size":"auto","background-attachment":"scroll","background-type":"","background-media":"","overlay-type":"","overlay-color":"","overlay-opacity":"","overlay-gradient":""},"tablet":{"background-color":"var(--ast-global-color-5)","background-image":"","background-repeat":"repeat","background-position":"center center","background-size":"auto","background-attachment":"scroll","background-type":"","background-media":"","overlay-type":"","overlay-color":"","overlay-opacity":"","overlay-gradient":""},"mobile":{"background-color":"var(--ast-global-color-5)","background-image":"","background-repeat":"repeat","background-position":"center center","background-size":"auto","background-attachment":"scroll","background-type":"","background-media":"","overlay-type":"","overlay-color":"","overlay-opacity":"","overlay-gradient":""}}},"product_brand":[],"product_cat":[81],"product_tag":[],"class_list":{"0":"post-5191","1":"product","2":"type-product","3":"status-publish","4":"has-post-thumbnail","6":"product_cat-tractor-truck","7":"desktop-align-center","8":"tablet-align-left","9":"mobile-align-left","10":"ast-product-gallery-layout-horizontal-slider","11":"ast-product-tabs-layout-horizontal","13":"first","14":"instock","15":"shipping-taxable","16":"product-type-simple"},"uagb_featured_image_src":{"full":["https:\/\/hfoton.com\/wp-content\/uploads\/2025\/10\/\u672a\u6807\u9898-1-13.jpg",540,360,false],"thumbnail":["https:\/\/hfoton.com\/wp-content\/uploads\/2025\/10\/\u672a\u6807\u9898-1-13-150x150.jpg",150,150,true],"medium":["https:\/\/hfoton.com\/wp-content\/uploads\/2025\/10\/\u672a\u6807\u9898-1-13-300x200.jpg",300,200,true],"medium_large":["https:\/\/hfoton.com\/wp-content\/uploads\/2025\/10\/\u672a\u6807\u9898-1-13.jpg",540,360,false],"large":["https:\/\/hfoton.com\/wp-content\/uploads\/2025\/10\/\u672a\u6807\u9898-1-13.jpg",540,360,false],"1536x1536":["https:\/\/hfoton.com\/wp-content\/uploads\/2025\/10\/\u672a\u6807\u9898-1-13.jpg",540,360,false],"2048x2048":["https:\/\/hfoton.com\/wp-content\/uploads\/2025\/10\/\u672a\u6807\u9898-1-13.jpg",540,360,false],"trp-custom-language-flag":["https:\/\/hfoton.com\/wp-content\/uploads\/2025\/10\/\u672a\u6807\u9898-1-13-18x12.jpg",18,12,true],"woocommerce_thumbnail":["https:\/\/hfoton.com\/wp-content\/uploads\/2025\/10\/\u672a\u6807\u9898-1-13-300x300.jpg",300,300,true],"woocommerce_single":["https:\/\/hfoton.com\/wp-content\/uploads\/2025\/10\/\u672a\u6807\u9898-1-13.jpg",540,360,false],"woocommerce_gallery_thumbnail":["https:\/\/hfoton.com\/wp-content\/uploads\/2025\/10\/\u672a\u6807\u9898-1-13-100x100.jpg",100,100,true]},"uagb_author_info":{"display_name":"jinxing6611@gmail.com","author_link":"https:\/\/hfoton.com\/ar\/author\/"},"uagb_comment_info":0,"uagb_excerpt":"Single sleeper with air conditioner, all-steel forward control,55\u00bahydraulically tiltable to the\u00a0front,2- arm windscreen wiper system with three speeds, laminated windscreen with casted-in\u00a0radio aerial, hydraulically damped adjustable driver\u2019s seat and rigid adjustable co-driver\u2019s seat,with heating and ventilating system, outer sun visor, adjustable roof flap, with stereo radio\/cassette recorder, safety belts and adjustable steering wheel, air horn,&hellip;","_links":{"self":[{"href":"https:\/\/hfoton.com\/ar\/wp-json\/wp\/v2\/product\/5191","targetHints":{"allow":["GET"]}}],"collection":[{"href":"https:\/\/hfoton.com\/ar\/wp-json\/wp\/v2\/product"}],"about":[{"href":"https:\/\/hfoton.com\/ar\/wp-json\/wp\/v2\/types\/product"}],"wp:featuredmedia":[{"embeddable":true,"href":"https:\/\/hfoton.com\/ar\/wp-json\/wp\/v2\/media\/5192"}],"wp:attachment":[{"href":"https:\/\/hfoton.com\/ar\/wp-json\/wp\/v2\/media?parent=5191"}],"wp:term":[{"taxonomy":"product_brand","embeddable":true,"href":"https:\/\/hfoton.com\/ar\/wp-json\/wp\/v2\/product_brand?post=5191"},{"taxonomy":"product_cat","embeddable":true,"href":"https:\/\/hfoton.com\/ar\/wp-json\/wp\/v2\/product_cat?post=5191"},{"taxonomy":"product_tag","embeddable":true,"href":"https:\/\/hfoton.com\/ar\/wp-json\/wp\/v2\/product_tag?post=5191"}],"curies":[{"name":"wp","href":"https:\/\/api.w.org\/{rel}","templated":true}]}}